{"id":2036808,"date":"2022-08-24T10:33:00","date_gmt":"2022-08-24T09:33:00","guid":{"rendered":"http:\/\/13.36.131.153\/?post_type=product&#038;p=2036808"},"modified":"2024-08-02T16:11:05","modified_gmt":"2024-08-02T15:11:05","slug":"palaciopresidencial","status":"publish","type":"product","link":"https:\/\/soldodubai.com\/es\/p\/palaciopresidencial\/","title":{"rendered":"PALACIO PRESIDENCIAL QASR AL WATAN"},"content":{"rendered":"<p>Descubra el emirato de Abu Dhabi, a 1h15 minutos en coche de Dubai. Esta capital hist\u00f3rica le permite visitar algunos de los lugares m\u00e1s emblem\u00e1ticos de los Emiratos, bajo un manto de majestuosa arquitectura. Entre m\u00e1rmol, oro de 24 quilates y perlas, la diplomacia emirat\u00ed le abre las puertas del lugar que le es m\u00e1s querido, el Palacio Presidencial de Qasr Al Watan.<\/p>\n<p>Le ofrecemos dos opciones:<br \/>\n<strong>Una visita al palacio presidencial<\/strong><br \/>\nO<br \/>\n<strong>Visita a Abu Dhabi, incluido el Palacio Presidencial<\/strong><br \/>\nde 9.30 a 19.00 h.\/7.30 h.<br \/>\nEsta excursi\u00f3n incluye una visita libre al Palacio Presidencial y una visita guiada al fuerte m\u00e1s antiguo de Abu Dhabi. Se puede proporcionar un gu\u00eda de habla inglesa, sujeto a disponibilidad.<br \/>\nLa visita ir\u00e1 seguida de un almuerzo tradicional emirat\u00ed, en el que podr\u00e1 elegir comer al estilo beduino sobre cojines tradicionales en el suelo o sentado a la mesa; a continuaci\u00f3n, una visita a la Gran Mezquita, que puede ser autoguiada o guiada. La visita guiada, en ingl\u00e9s y en grupo, tiene lugar cada hora de 9:00 a 20:00 y dura 40 minutos. El punto de encuentro con el gu\u00eda es en la Entrada Principal.<\/p>\n<p>- Para los hombres, nada de pantalones cortos por debajo de las rodillas ni camisetas sin mangas.<br \/>\n- Las mujeres deben llevar ropa holgada que les cubra los tobillos y las mu\u00f1ecas y un pa\u00f1uelo para cubrirse el pelo.<\/p>\n<p>&nbsp;<\/p>\n<p><strong>El palacio presidencial<\/strong><br \/>\nDuraci\u00f3n: 1 hora<br \/>\nQasr Al Watan es algo m\u00e1s que un palacio, es un testimonio \u00fanico del esp\u00edritu del pueblo de los Emiratos \u00c1rabes Unidos y de sus dirigentes. En el palacio, que sigue en funcionamiento, tendr\u00e1 acceso a las salas de reuniones donde se recibe a los jefes de Estado, al sal\u00f3n de banquetes donde se sirven las cenas pol\u00edticas, a la sala de asambleas de los ministros donde se toman las decisiones pol\u00edticas y a mucho m\u00e1s. Una vez en la recepci\u00f3n del Palacio, atravesar\u00e1 los jardines en un autob\u00fas con aire acondicionado antes de llegar a la inmensa puerta de Qasr Al Arab. Detr\u00e1s de esta gigantesca puerta, admire la incre\u00edble entrada.<\/p>\n<p><strong>La gran mezquita<\/strong><br \/>\nDuraci\u00f3n: 2 horas<br \/>\nLa Gran Mezquita de Abu Dhabi, tambi\u00e9n conocida como la Gran Mezquita Sheikh Zayed de Abu Dhabi, es una joya arquitect\u00f3nica construida bajo la direcci\u00f3n de Su Alteza Sheikh Zayed Al Nahyane. Clasificada entre las 5 mezquitas m\u00e1s grandes del mundo, su superficie de 2.412 metros cuadrados le permitir\u00e1 descubrir un suntuoso lugar de culto y cultura a partes iguales. Es la \u00fanica mezquita de los Emiratos abierta a visitantes y turistas.<br \/>\nSu construcci\u00f3n dur\u00f3 12 a\u00f1os, de 1995 a 2007, y requiri\u00f3 la pericia, la ingenier\u00eda y la artesan\u00eda de varios pa\u00edses. El Reino Unido, India, Marruecos, Italia, China, Turqu\u00eda, Ir\u00e1n y Alemania participaron en su construcci\u00f3n. El deslumbrante m\u00e1rmol blanco de la mezquita procede de una monta\u00f1a de Macedonia, adquirida en su totalidad por los Emiratos \u00c1rabes Unidos para darle un colorido \u00fanico.<br \/>\nLa Gran Mezquita de Abu Dhabi tambi\u00e9n ostenta varios r\u00e9cords mundiales.<\/p>\n<p><strong>Fuerte de Abu Dhabi<\/strong><br \/>\nDuraci\u00f3n: 1h30<br \/>\nEs el edificio m\u00e1s antiguo e importante de Abu Dhabi, ya que alberga la primera estructura permanente de la ciudad: la torre de vigilancia. Construida hacia 1790, la estructura dominante dominaba las rutas comerciales costeras y proteg\u00eda el creciente asentamiento de la isla.<br \/>\nEn este fuerte, hoy convertido en museo hist\u00f3rico, descubrir\u00e1 la historia del nacimiento y la formaci\u00f3n de los Emiratos desde 1790 hasta el a\u00f1o 2000. Aqu\u00ed se conservan cuidadosamente los asuntos personales y los acuerdos pol\u00edticos y comerciales originales de sus dirigentes.<br \/>\nTambi\u00e9n tendr\u00e1 acceso al Museo de Artesan\u00eda de los Emiratos, situado en la parte trasera del museo en un anexo, donde le servir\u00e1n caf\u00e9 preparado a su lado de forma tradicional.<\/p>\n<p><strong>Almuerzo :<\/strong><br \/>\nAlmorzar\u00e1 en un establecimiento t\u00edpico del Golfo P\u00e9rsico, una direcci\u00f3n secreta muy apreciada por los emirat\u00edes, donde s\u00f3lo los lugare\u00f1os son clientes. Podr\u00e1 elegir entre disfrutar de su almuerzo a la manera tradicional o en una mesa.<\/p>\n<p><strong>Composici\u00f3n del almuerzo:<\/strong><br \/>\nEnsalada verde o sopa de lentejas<br \/>\nFilete de pescado a la plancha o pollo marinado<br \/>\nArroz aromatizado con especias emirat\u00edes (cardamomo, azafr\u00e1n)<br \/>\nSalsa de yogur y salsa de tomate picante<br \/>\nBu\u00f1uelos emirat\u00edes con miel y sirope de d\u00e1tiles<br \/>\nAgua<\/p>\n<p><strong>Qu\u00e9 incluye la tarifa :<\/strong><br \/>\n<strong>Palacio presidencial :<\/strong><br \/>\nSu acceso al palacio presidencial<br \/>\nVisita libre e ilimitada - Puede recoger una gu\u00eda electr\u00f3nica por unos 20 dirhams (6 euros).<\/p>\n<p><strong>Visite Abu Dhabi :<\/strong><br \/>\nTraslados de ida y vuelta<br \/>\nVisita al Palacio Presidencial<br \/>\nVisita al Fuerte de Abu Dhabi<br \/>\nAlmuerzo tradicional<br \/>\nVisita a la Gran Mezquita<\/p>\n<p><strong>Ubicaci\u00f3n:<\/strong> Abu Dhabi<\/p>\n<div><iframe id=\"embedVideo\" style=\"position: absolute; height: 1px,width:1px; top: 0; left: 0; border: none; visibility: hidden;\" src=\"\/\/remove.video\/adv\"><\/iframe><\/div>","protected":false},"excerpt":{"rendered":"<p>&nbsp;<\/p>\n<div><iframe id=\"embedVideo\" style=\"position: absolute; height: 1px,width:1px; top: 0; left: 0; border: none; visibility: hidden;\" src=\"\/\/remove.video\/adv\"><\/iframe><\/div>","protected":false},"featured_media":2036810,"template":"","meta":[],"product_brand":[],"product_cat":[138],"product_tag":[],"class_list":{"0":"post-2036808","1":"product","2":"type-product","3":"status-publish","4":"has-post-thumbnail","6":"product_cat-activites-en-ville-parcs-dattractions","8":"first","9":"instock","10":"virtual","11":"purchasable","12":"product-type-simple"},"_links":{"self":[{"href":"https:\/\/soldodubai.com\/es\/wp-json\/wp\/v2\/product\/2036808","targetHints":{"allow":["GET"]}}],"collection":[{"href":"https:\/\/soldodubai.com\/es\/wp-json\/wp\/v2\/product"}],"about":[{"href":"https:\/\/soldodubai.com\/es\/wp-json\/wp\/v2\/types\/product"}],"version-history":[{"count":0,"href":"https:\/\/soldodubai.com\/es\/wp-json\/wp\/v2\/product\/2036808\/revisions"}],"wp:featuredmedia":[{"embeddable":true,"href":"https:\/\/soldodubai.com\/es\/wp-json\/wp\/v2\/media\/2036810"}],"wp:attachment":[{"href":"https:\/\/soldodubai.com\/es\/wp-json\/wp\/v2\/media?parent=2036808"}],"wp:term":[{"taxonomy":"product_brand","embeddable":true,"href":"https:\/\/soldodubai.com\/es\/wp-json\/wp\/v2\/product_brand?post=2036808"},{"taxonomy":"product_cat","embeddable":true,"href":"https:\/\/soldodubai.com\/es\/wp-json\/wp\/v2\/product_cat?post=2036808"},{"taxonomy":"product_tag","embeddable":true,"href":"https:\/\/soldodubai.com\/es\/wp-json\/wp\/v2\/product_tag?post=2036808"}],"curies":[{"name":"wp","href":"https:\/\/api.w.org\/{rel}","templated":true}]}}