{"id":2038366,"date":"2022-12-15T11:24:00","date_gmt":"2022-12-15T10:24:00","guid":{"rendered":"http:\/\/13.36.131.153\/?post_type=product&#038;p=2038366"},"modified":"2024-08-02T16:10:24","modified_gmt":"2024-08-02T15:10:24","slug":"marvelparcimgworld","status":"publish","type":"product","link":"https:\/\/soldodubai.com\/es\/p\/marvelparcimgworld\/","title":{"rendered":"PARQUE MARVEL IMG WORLD, DUBAI"},"content":{"rendered":"<p>IMG Worlds of Adventure es el mayor parque tem\u00e1tico cubierto del mundo, con m\u00e1s de 20 atracciones, as\u00ed como la monta\u00f1a rusa m\u00e1s larga y r\u00e1pida de Dubai. El parque est\u00e1 dividido en cuatro zonas diferentes, cada una con su propio tema y conjunto de atracciones. La zona Lost Valley - Dinosaur Adventure cuenta con varios dinosaurios animatr\u00f3nicos, as\u00ed como varias atracciones. La Zona Marvel ofrece atracciones basadas en populares personajes de Marvel, como Spiderman y los Vengadores. La Zona Cartoon Network ofrece atracciones basadas en populares programas de Cartoon Network, como Las Chicas Superpoderosas y Ben 10, mientras que la Zona IMG Boulevard ofrece una gran variedad de opciones gastron\u00f3micas y comerciales.<br \/>\nIMG Worlds of Adventure es para todas las edades; no es s\u00f3lo para ni\u00f1os, hay muchas atracciones emocionantes para mantenerle entretenido.<\/p>\n<p>Horario de apertura del parque :<br \/>\nDe domingo a viernes: de 12:00 a 22:00 (puede variar seg\u00fan la temporada)<br \/>\nS\u00e1bado: de 12:00 a 23:00 (puede variar seg\u00fan la temporada)<\/p>\n<p><strong>Qu\u00e9 incluye la tarifa :<\/strong><br \/>\nEntrada ilimitada al parque y a las atracciones, sujeta a las normas del parque (altura, peso, etc.)<\/p>\n<p><strong>Ubicaci\u00f3n:<\/strong> Ciudad de Arabia<\/p>","protected":false},"excerpt":{"rendered":"<p>IMG Worlds of Adventure es el mayor parque tem\u00e1tico cubierto del mundo, con m\u00e1s de 20 atracciones, as\u00ed como la monta\u00f1a rusa m\u00e1s larga y r\u00e1pida de Dubai. El parque est\u00e1 dividido en cuatro zonas diferentes, cada una con su...<\/p>","protected":false},"featured_media":2038368,"template":"","meta":[],"product_brand":[],"product_cat":[138],"product_tag":[],"class_list":{"0":"post-2038366","1":"product","2":"type-product","3":"status-publish","4":"has-post-thumbnail","6":"product_cat-activites-en-ville-parcs-dattractions","8":"first","9":"instock","10":"virtual","11":"purchasable","12":"product-type-simple"},"_links":{"self":[{"href":"https:\/\/soldodubai.com\/es\/wp-json\/wp\/v2\/product\/2038366","targetHints":{"allow":["GET"]}}],"collection":[{"href":"https:\/\/soldodubai.com\/es\/wp-json\/wp\/v2\/product"}],"about":[{"href":"https:\/\/soldodubai.com\/es\/wp-json\/wp\/v2\/types\/product"}],"version-history":[{"count":0,"href":"https:\/\/soldodubai.com\/es\/wp-json\/wp\/v2\/product\/2038366\/revisions"}],"wp:featuredmedia":[{"embeddable":true,"href":"https:\/\/soldodubai.com\/es\/wp-json\/wp\/v2\/media\/2038368"}],"wp:attachment":[{"href":"https:\/\/soldodubai.com\/es\/wp-json\/wp\/v2\/media?parent=2038366"}],"wp:term":[{"taxonomy":"product_brand","embeddable":true,"href":"https:\/\/soldodubai.com\/es\/wp-json\/wp\/v2\/product_brand?post=2038366"},{"taxonomy":"product_cat","embeddable":true,"href":"https:\/\/soldodubai.com\/es\/wp-json\/wp\/v2\/product_cat?post=2038366"},{"taxonomy":"product_tag","embeddable":true,"href":"https:\/\/soldodubai.com\/es\/wp-json\/wp\/v2\/product_tag?post=2038366"}],"curies":[{"name":"wp","href":"https:\/\/api.w.org\/{rel}","templated":true}]}}