{"id":2039669,"date":"2019-12-25T08:32:00","date_gmt":"2019-12-25T07:32:00","guid":{"rendered":"http:\/\/13.36.131.153\/?post_type=product&#038;p=2039669"},"modified":"2025-01-27T03:43:02","modified_gmt":"2025-01-27T02:43:02","slug":"paraquedismosobrepalmjumeirah","status":"publish","type":"product","link":"https:\/\/soldodubai.com\/es\/p\/paraquedismosobrepalmjumeirah\/","title":{"rendered":"PARACAIDISMO SOBRE PALM BEACH, DUBAI"},"content":{"rendered":"<p>Saltar en paraca\u00eddas sobre la famosa Palmera es una de las actividades m\u00e1s populares de la ciudad. Un primer vuelo inolvidable acompa\u00f1ado por un equipo profesional e internacional de hombres y mujeres. Situado en el coraz\u00f3n del puerto deportivo de Dubai, la experiencia comienza nada m\u00e1s llegar, donde ser\u00e1 recibido por su equipo de bienvenida que volver\u00e1 a comprobar su IMC. A continuaci\u00f3n se le invitar\u00e1 a esperar su turno, la hora que ha elegido en el formulario de reserva es la hora a la que debe llegar a Skydive y no la hora del salto. La hora del salto se fijar\u00e1 en funci\u00f3n de las condiciones meteorol\u00f3gicas, que se controlan minuto a minuto gracias a los equipos de \u00faltima generaci\u00f3n de Skydive Dubai. Su nombre y la hora de su salto aparecer\u00e1n en una pantalla.<\/p>\n<p>- Abierto todos los d\u00edas de 07:00 a 17:00 (los horarios var\u00edan seg\u00fan la temporada)<br \/>\n- Prohibido para menores de 18 a\u00f1os<br \/>\n- Prohibido para mujeres con un IMC igual o superior a 27<br \/>\n- Prohibido para hombres con un IMC igual o superior a 29<br \/>\n- Prohibido para mayores de 69 a\u00f1os<br \/>\n- No apto para embarazadas<br \/>\n- No autorizado para personas con epilepsia, diabetes, mareos, hipertensi\u00f3n arterial o problemas card\u00edacos, lesiones graves o una reciente luxaci\u00f3n de hombro, adicci\u00f3n a las drogas o al alcohol, o que no est\u00e9n f\u00edsicamente en condiciones de participar en la actividad. No autorizado para personas con movilidad reducida.<br \/>\n- Prohibido a toda persona que haya practicado submarinismo en las 24 horas anteriores a la actividad.<\/p>\n<p><strong>Qu\u00e9 incluye la tarifa:<\/strong><br \/>\nSu salto en paraca\u00eddas en t\u00e1ndem, acompa\u00f1ado por un profesional<br \/>\nSu v\u00eddeo y foto de recuerdo entregados in situ en una memoria USB<\/p>\n<p><strong>Ubicaci\u00f3n:<\/strong> Puerto deportivo de Dubai<\/p>","protected":false},"excerpt":{"rendered":"<p>Saltar en paraca\u00eddas sobre la famosa Palmera es una de las actividades m\u00e1s populares de la ciudad. Un primer vuelo inolvidable acompa\u00f1ado por un equipo internacional profesional de hombres y mujeres.<\/p>","protected":false},"featured_media":2039671,"template":"","meta":[],"product_brand":[],"product_cat":[138],"product_tag":[],"class_list":{"0":"post-2039669","1":"product","2":"type-product","3":"status-publish","4":"has-post-thumbnail","6":"product_cat-activites-en-ville-parcs-dattractions","8":"first","9":"instock","10":"featured","11":"shipping-taxable","12":"purchasable","13":"product-type-simple"},"_links":{"self":[{"href":"https:\/\/soldodubai.com\/es\/wp-json\/wp\/v2\/product\/2039669","targetHints":{"allow":["GET"]}}],"collection":[{"href":"https:\/\/soldodubai.com\/es\/wp-json\/wp\/v2\/product"}],"about":[{"href":"https:\/\/soldodubai.com\/es\/wp-json\/wp\/v2\/types\/product"}],"version-history":[{"count":0,"href":"https:\/\/soldodubai.com\/es\/wp-json\/wp\/v2\/product\/2039669\/revisions"}],"wp:featuredmedia":[{"embeddable":true,"href":"https:\/\/soldodubai.com\/es\/wp-json\/wp\/v2\/media\/2039671"}],"wp:attachment":[{"href":"https:\/\/soldodubai.com\/es\/wp-json\/wp\/v2\/media?parent=2039669"}],"wp:term":[{"taxonomy":"product_brand","embeddable":true,"href":"https:\/\/soldodubai.com\/es\/wp-json\/wp\/v2\/product_brand?post=2039669"},{"taxonomy":"product_cat","embeddable":true,"href":"https:\/\/soldodubai.com\/es\/wp-json\/wp\/v2\/product_cat?post=2039669"},{"taxonomy":"product_tag","embeddable":true,"href":"https:\/\/soldodubai.com\/es\/wp-json\/wp\/v2\/product_tag?post=2039669"}],"curies":[{"name":"wp","href":"https:\/\/api.w.org\/{rel}","templated":true}]}}