{"id":2039676,"date":"2023-03-15T09:46:00","date_gmt":"2023-03-15T08:46:00","guid":{"rendered":"http:\/\/13.36.131.153\/?post_type=product&#038;p=2039676"},"modified":"2024-08-02T16:09:23","modified_gmt":"2024-08-02T15:09:23","slug":"dubai-safari-park","status":"publish","type":"product","link":"https:\/\/soldodubai.com\/es\/p\/dubai-safari-park\/","title":{"rendered":"DUBAI SAFARI WILDLIFE PARK"},"content":{"rendered":"<p>Safari Dubai es un gran parque de animales construido en varias hect\u00e1reas y dividido en varias aldeas, cada una de las cuales alberga animales de una regi\u00f3n distinta del mundo. Puede visitar los poblados de \u00c1frica, Asia y Oriente Medio. Por ejemplo, cuando recorra la parte del parque que representa \u00c1frica, podr\u00e1 admirar todos los animales que puede encontrarse en la sabana, como leones, hipop\u00f3tamos, guepardos, hienas y muchos m\u00e1s. La vegetaci\u00f3n de cada una de estas aldeas es similar a la que se encuentra en el h\u00e1bitat natural de los animales, ya sea en \u00c1frica o en Asia.<\/p>\n<p>La excursi\u00f3n se realiza a bordo de autobuses peque\u00f1os y seguros con capacidad para 15 personas. El autob\u00fas pasa por varias aldeas, as\u00ed como por instalaciones acu\u00e1ticas como los recintos de hipop\u00f3tamos y cocodrilos. La visita est\u00e1 guiada por un int\u00e9rprete de habla inglesa, que le ayudar\u00e1 a ver a los animales y a aprender m\u00e1s sobre ellos. La visita dura unos 35 minutos, a veces m\u00e1s, sobre todo si alg\u00fan animal decide echarse una siesta en la ruta del autob\u00fas. Es una experiencia gratificante para grandes y peque\u00f1os. En todo el parque hay varios puntos de avituallamiento donde podr\u00e1 hacer una pausa entre visita y visita.<\/p>\n<p>Horario de apertura del parque :<br \/>\nTodos los d\u00edas: de 9.00 a 17.00 (\u00faltima entrada a las 15.30)<br \/>\nLos horarios pueden variar seg\u00fan la temporada<\/p>\n<p><strong>Qu\u00e9 incluye la tarifa :<\/strong><br \/>\nSu entrada al parque de animales<br \/>\nSafari en autob\u00fas<\/p>\n<p><strong>Ubicaci\u00f3n:<\/strong> Parque safari de Dubai<\/p>","protected":false},"excerpt":{"rendered":"<p>Safari Dubai es un gran parque de animales construido en varias hect\u00e1reas y dividido en varias aldeas, cada una de las cuales alberga animales de una regi\u00f3n diferente del mundo. Entre estas aldeas, podr\u00e1 visitar las de \u00c1frica, Asia y Oriente Medio.<\/p>","protected":false},"featured_media":2039678,"template":"","meta":[],"product_brand":[],"product_cat":[138,552],"product_tag":[],"class_list":{"0":"post-2039676","1":"product","2":"type-product","3":"status-publish","4":"has-post-thumbnail","6":"product_cat-activites-en-ville-parcs-dattractions","7":"product_cat-activite-enfant","9":"first","10":"instock","11":"virtual","12":"purchasable","13":"product-type-simple"},"_links":{"self":[{"href":"https:\/\/soldodubai.com\/es\/wp-json\/wp\/v2\/product\/2039676","targetHints":{"allow":["GET"]}}],"collection":[{"href":"https:\/\/soldodubai.com\/es\/wp-json\/wp\/v2\/product"}],"about":[{"href":"https:\/\/soldodubai.com\/es\/wp-json\/wp\/v2\/types\/product"}],"version-history":[{"count":0,"href":"https:\/\/soldodubai.com\/es\/wp-json\/wp\/v2\/product\/2039676\/revisions"}],"wp:featuredmedia":[{"embeddable":true,"href":"https:\/\/soldodubai.com\/es\/wp-json\/wp\/v2\/media\/2039678"}],"wp:attachment":[{"href":"https:\/\/soldodubai.com\/es\/wp-json\/wp\/v2\/media?parent=2039676"}],"wp:term":[{"taxonomy":"product_brand","embeddable":true,"href":"https:\/\/soldodubai.com\/es\/wp-json\/wp\/v2\/product_brand?post=2039676"},{"taxonomy":"product_cat","embeddable":true,"href":"https:\/\/soldodubai.com\/es\/wp-json\/wp\/v2\/product_cat?post=2039676"},{"taxonomy":"product_tag","embeddable":true,"href":"https:\/\/soldodubai.com\/es\/wp-json\/wp\/v2\/product_tag?post=2039676"}],"curies":[{"name":"wp","href":"https:\/\/api.w.org\/{rel}","templated":true}]}}