{"id":2039682,"date":"2015-01-01T19:00:00","date_gmt":"2015-01-01T18:00:00","guid":{"rendered":"http:\/\/13.36.131.153\/?post_type=product&#038;p=2039682"},"modified":"2025-01-23T12:01:01","modified_gmt":"2025-01-23T11:01:01","slug":"jardin-milagroso-2","status":"publish","type":"product","link":"https:\/\/soldodubai.com\/es\/p\/jardin-milagroso-2\/","title":{"rendered":"JARD\u00cdN DE LOS MILAGROS"},"content":{"rendered":"<p>El parque alberga casas, aviones de tama\u00f1o natural hechos con arreglos florales y otros muchos elementos arquitect\u00f3nicos, como un Burj Khalifa en miniatura en flor. Este jard\u00edn est\u00e1 unido al mariposario, donde se cr\u00edan todo tipo de mariposas de todos los colores y tama\u00f1os. Las mariposas vuelan a tu alrededor y se posan en tu mano, el momento es m\u00e1gico.<\/p>\n<p>Horario de apertura del parque :<br \/>\nTodos los d\u00edas: de 10.00 a 21.00 (\u00faltima entrada a las 20.00)<br \/>\nLos horarios pueden variar seg\u00fan la temporada<\/p>\n<p><strong>Qu\u00e9 incluye la tarifa :<\/strong><br \/>\nSu entrada al jard\u00edn de los milagros y al jard\u00edn de las mariposas si es elegido<\/p>\n<p><strong>Ubicaci\u00f3n:<\/strong> Dubailand<\/p>","protected":false},"excerpt":{"rendered":"<p>El parque cuenta con casas, aviones de tama\u00f1o natural hechos con arreglos florales y otros muchos elementos arquitect\u00f3nicos, incluido un Burj Khalifa en miniatura en flor.<\/p>","protected":false},"featured_media":2039684,"template":"","meta":[],"product_brand":[],"product_cat":[138,553,552],"product_tag":[],"class_list":{"0":"post-2039682","1":"product","2":"type-product","3":"status-publish","4":"has-post-thumbnail","6":"product_cat-activites-en-ville-parcs-dattractions","7":"product_cat-activite-couple","8":"product_cat-activite-enfant","10":"first","11":"instock","12":"virtual","13":"purchasable","14":"product-type-simple"},"_links":{"self":[{"href":"https:\/\/soldodubai.com\/es\/wp-json\/wp\/v2\/product\/2039682","targetHints":{"allow":["GET"]}}],"collection":[{"href":"https:\/\/soldodubai.com\/es\/wp-json\/wp\/v2\/product"}],"about":[{"href":"https:\/\/soldodubai.com\/es\/wp-json\/wp\/v2\/types\/product"}],"version-history":[{"count":0,"href":"https:\/\/soldodubai.com\/es\/wp-json\/wp\/v2\/product\/2039682\/revisions"}],"wp:featuredmedia":[{"embeddable":true,"href":"https:\/\/soldodubai.com\/es\/wp-json\/wp\/v2\/media\/2039684"}],"wp:attachment":[{"href":"https:\/\/soldodubai.com\/es\/wp-json\/wp\/v2\/media?parent=2039682"}],"wp:term":[{"taxonomy":"product_brand","embeddable":true,"href":"https:\/\/soldodubai.com\/es\/wp-json\/wp\/v2\/product_brand?post=2039682"},{"taxonomy":"product_cat","embeddable":true,"href":"https:\/\/soldodubai.com\/es\/wp-json\/wp\/v2\/product_cat?post=2039682"},{"taxonomy":"product_tag","embeddable":true,"href":"https:\/\/soldodubai.com\/es\/wp-json\/wp\/v2\/product_tag?post=2039682"}],"curies":[{"name":"wp","href":"https:\/\/api.w.org\/{rel}","templated":true}]}}