{"id":2039688,"date":"2023-03-15T10:18:00","date_gmt":"2023-03-15T09:18:00","guid":{"rendered":"http:\/\/13.36.131.153\/?post_type=product&#038;p=2039688"},"modified":"2024-02-07T18:15:21","modified_gmt":"2024-02-07T17:15:21","slug":"aldea-global-2","status":"publish","type":"product","link":"https:\/\/soldodubai.com\/es\/p\/aldea-global-2\/","title":{"rendered":"PUEBLO GLOBAL"},"content":{"rendered":"<p>Esta feria es un acontecimiento cultural, de descubrimiento y entretenimiento. Est\u00e1 formada por pabellones gigantes, cada uno de los cuales representa a un pa\u00eds diferente del mundo. Su arquitectura est\u00e1 inspirada en el pa\u00eds representado, y dentro de cada pabell\u00f3n encontrar\u00e1 los productos, la ropa y los sabores del pa\u00eds que alberga (no dude en negociar los precios, forma parte del juego entre vendedor y cliente). Los pabellones tambi\u00e9n est\u00e1n animados por canciones y bailes representativos de la naci\u00f3n en cuesti\u00f3n. Hay mucho ambiente en los pabellones de Marruecos, India, Siria, Arabia Saud\u00ed y Egipto. Los pabellones m\u00e1s impresionantes en cuanto a decoraci\u00f3n y arquitectura son los de India, China, Ir\u00e1n, Tailandia y Egipto.<\/p>\n<p style=\"text-align: justify;\">La feria se complementa con numerosos caf\u00e9s, restaurantes, establecimientos de comida r\u00e1pida, vendedores ambulantes y un rinc\u00f3n dedicado a las atracciones, cada una m\u00e1s vertiginosa y sensacional que la anterior. Un r\u00edo artificial atraviesa una de las v\u00edas principales de la Aldea Global, con restaurantes flotantes en sus orillas.<\/p>\n<p style=\"text-align: justify;\">Por \u00faltimo, en la Aldea Global hay varias zonas dedicadas al entretenimiento en directo, incluido el gran escenario central.<\/p>\n<p>Gratuito para menores de 3 a\u00f1os, personas con discapacidad y mayores de 65 a\u00f1os.<br \/>\nSe recomienda ropa modesta<\/p>\n<p>Horario de apertura :<br \/>\nTodos los d\u00edas: de 16:00 a 24:00 (1:00 algunos fines de semana)<\/p>\n<p><strong>Qu\u00e9 incluye la tarifa :<\/strong><br \/>\nSu entrada en la aldea global<\/p>\n<p><strong>Ubicaci\u00f3n:<\/strong> Dubailand<\/p>","protected":false},"excerpt":{"rendered":"<p>Esta feria es un acontecimiento cultural, de descubrimiento y de entretenimiento. Est\u00e1 formada por pabellones gigantes, cada uno de los cuales representa a un pa\u00eds de todo el mundo.<\/p>","protected":false},"featured_media":2039690,"template":"","meta":[],"product_brand":[],"product_cat":[138,552],"product_tag":[],"class_list":{"0":"post-2039688","1":"product","2":"type-product","3":"status-publish","4":"has-post-thumbnail","6":"product_cat-activites-en-ville-parcs-dattractions","7":"product_cat-activite-enfant","9":"first","10":"instock","11":"virtual","12":"purchasable","13":"product-type-simple"},"_links":{"self":[{"href":"https:\/\/soldodubai.com\/es\/wp-json\/wp\/v2\/product\/2039688","targetHints":{"allow":["GET"]}}],"collection":[{"href":"https:\/\/soldodubai.com\/es\/wp-json\/wp\/v2\/product"}],"about":[{"href":"https:\/\/soldodubai.com\/es\/wp-json\/wp\/v2\/types\/product"}],"version-history":[{"count":0,"href":"https:\/\/soldodubai.com\/es\/wp-json\/wp\/v2\/product\/2039688\/revisions"}],"wp:featuredmedia":[{"embeddable":true,"href":"https:\/\/soldodubai.com\/es\/wp-json\/wp\/v2\/media\/2039690"}],"wp:attachment":[{"href":"https:\/\/soldodubai.com\/es\/wp-json\/wp\/v2\/media?parent=2039688"}],"wp:term":[{"taxonomy":"product_brand","embeddable":true,"href":"https:\/\/soldodubai.com\/es\/wp-json\/wp\/v2\/product_brand?post=2039688"},{"taxonomy":"product_cat","embeddable":true,"href":"https:\/\/soldodubai.com\/es\/wp-json\/wp\/v2\/product_cat?post=2039688"},{"taxonomy":"product_tag","embeddable":true,"href":"https:\/\/soldodubai.com\/es\/wp-json\/wp\/v2\/product_tag?post=2039688"}],"curies":[{"name":"wp","href":"https:\/\/api.w.org\/{rel}","templated":true}]}}