{"id":2039693,"date":"2023-03-15T13:32:00","date_gmt":"2023-03-15T12:32:00","guid":{"rendered":"http:\/\/13.36.131.153\/?post_type=product&#038;p=2039693"},"modified":"2025-01-23T11:31:43","modified_gmt":"2025-01-23T10:31:43","slug":"the-view-palm-jumeirah","status":"publish","type":"product","link":"https:\/\/soldodubai.com\/es\/p\/the-view-palm-jumeirah\/","title":{"rendered":"LA VISTA PALM JUMEIRAH"},"content":{"rendered":"<p>Palm Jumeirah es uno de los lugares m\u00e1s emblem\u00e1ticos de Dubai. Conocida como la mayor isla artificial del mundo, Palm Jumeirah tiene forma de palmera. Cada una de las 16 ramas de la isla alberga hoteles de lujo, hermosas villas, boutiques y centros comerciales de alta gama, playas excepcionales y mucho m\u00e1s. El hotel Atlantis the Palm corona la isla. Hasta ahora, la \u00fanica forma de disfrutar de la vista a\u00e9rea de la isla era dar un paseo en helic\u00f3ptero u optar por una experiencia de paracaidismo. Sin embargo, con la apertura de The View, la vista a\u00e9rea de Palm Jumeirah se ha convertido en una de las atracciones m\u00e1s populares de la ciudad.<\/p>\n<p>The View es una plataforma de observaci\u00f3n situada en la planta 52 de la Palm Tower, junto al centro comercial Nakheel. La entrada al edificio se encuentra en el coraz\u00f3n del centro comercial, desde donde se toma el ascensor hasta la plataforma de observaci\u00f3n situada a 240 metros por encima de Palm Jumeirah. Antes de llegar al observatorio, puede visitar el museo interactivo y la galer\u00eda, que cuentan la historia de la creaci\u00f3n de Palm Jumeirah. Una vez en el observatorio, tendr\u00e1 una vista de 360\u00b0 de Palm Jumeirah, el horizonte de Dubai y el Golfo P\u00e9rsico.<\/p>\n<p>The View cuenta con secciones de observaci\u00f3n abiertas y cerradas que ofrecen vistas panor\u00e1micas de Palm Jumeirah. Tambi\u00e9n cuenta con una sala VIP, una cafeter\u00eda y una tienda donde podr\u00e1 comprar recuerdos para familiares y amigos.<\/p>\n<p>Horario de apertura :<br \/>\nTodos los d\u00edas: de 9 a 23 h (\u00faltima entrada a las 21 h)<br \/>\nPuede visitarla cuando quiera durante su horario de apertura.<br \/>\nLos horarios pueden variar seg\u00fan la temporada<\/p>\n<p><strong>The View Palm, Lo que incluye la tarifa :<\/strong><br \/>\nSu entrada a The view<\/p>\n<p><strong>Cheers At the View, Qu\u00e9 incluye la tarifa:<\/strong><br \/>\nSu entrada a The View<br \/>\nAcceso a la sala VIP<br \/>\nAcceso al nivel 52<br \/>\n2 copas<br \/>\n<strong>Ubicaci\u00f3n:<\/strong> Palm Jumeirah<\/p>","protected":false},"excerpt":{"rendered":"<p>The View es una plataforma de observaci\u00f3n situada en la planta 52 de la Palm Tower, junto al centro comercial Nakheel.<\/p>","protected":false},"featured_media":2039695,"template":"","meta":[],"product_brand":[],"product_cat":[138],"product_tag":[],"class_list":{"0":"post-2039693","1":"product","2":"type-product","3":"status-publish","4":"has-post-thumbnail","6":"product_cat-activites-en-ville-parcs-dattractions","8":"first","9":"instock","10":"virtual","11":"purchasable","12":"product-type-simple"},"_links":{"self":[{"href":"https:\/\/soldodubai.com\/es\/wp-json\/wp\/v2\/product\/2039693","targetHints":{"allow":["GET"]}}],"collection":[{"href":"https:\/\/soldodubai.com\/es\/wp-json\/wp\/v2\/product"}],"about":[{"href":"https:\/\/soldodubai.com\/es\/wp-json\/wp\/v2\/types\/product"}],"version-history":[{"count":0,"href":"https:\/\/soldodubai.com\/es\/wp-json\/wp\/v2\/product\/2039693\/revisions"}],"wp:featuredmedia":[{"embeddable":true,"href":"https:\/\/soldodubai.com\/es\/wp-json\/wp\/v2\/media\/2039695"}],"wp:attachment":[{"href":"https:\/\/soldodubai.com\/es\/wp-json\/wp\/v2\/media?parent=2039693"}],"wp:term":[{"taxonomy":"product_brand","embeddable":true,"href":"https:\/\/soldodubai.com\/es\/wp-json\/wp\/v2\/product_brand?post=2039693"},{"taxonomy":"product_cat","embeddable":true,"href":"https:\/\/soldodubai.com\/es\/wp-json\/wp\/v2\/product_cat?post=2039693"},{"taxonomy":"product_tag","embeddable":true,"href":"https:\/\/soldodubai.com\/es\/wp-json\/wp\/v2\/product_tag?post=2039693"}],"curies":[{"name":"wp","href":"https:\/\/api.w.org\/{rel}","templated":true}]}}