{"id":2039701,"date":"2023-03-15T15:05:00","date_gmt":"2023-03-15T14:05:00","guid":{"rendered":"http:\/\/13.36.131.153\/?post_type=product&#038;p=2039701"},"modified":"2024-08-02T16:08:48","modified_gmt":"2024-08-02T15:08:48","slug":"passeiodebarco","status":"publish","type":"product","link":"https:\/\/soldodubai.com\/es\/p\/passeiodebarco\/","title":{"rendered":"PASEO EN BARCO POR LAS FUENTES MUSICALES DE BURJ KHALIFA"},"content":{"rendered":"<p>Dubai alberga muchas maravillas, entre ellas las famosas fuentes musicales. Situadas en el exterior del centro comercial de Dubai, las fuentes musicales de Dubai ostentan el r\u00e9cord de ser las fuentes m\u00e1s grandes del mundo. Desde la puesta de sol, hacia las 6 de la tarde, las fuentes musicales se iluminan para ofrecer un espect\u00e1culo de luces y m\u00fasica cada 30 minutos. La belleza de esta atracci\u00f3n le cautivar\u00e1.<\/p>\n<p>El espect\u00e1culo es gratuito y puede verlo tantas veces como quiera. Sin embargo, si desea ver de cerca las fuentes, le ofrecemos la posibilidad de acercarse a ellas en peque\u00f1as embarcaciones que le llevar\u00e1n alrededor del Lago de las Fuentes Musicales o a trav\u00e9s del puente flotante.<\/p>\n<p>El espect\u00e1culo de las Fuentes de Dubai y el paseo por el lago son imperdibles durante su estancia en Dubai.<\/p>\n<p>Horario de apertura :<br \/>\nTodos los d\u00edas: de 19.45 a 22.45 horas<\/p>\n<p><strong>Qu\u00e9 incluye la tarifa :<\/strong><br \/>\nSu paseo en barco de 20 minutos (si lo ha elegido en el formulario)<br \/>\nLa traves\u00eda del puente de 20 minutos (si se ha seleccionado en el formulario)<\/p>\n<p><strong>Ubicaci\u00f3n:<\/strong> Centro comercial de Dubai, centro de Dubai<\/p>","protected":false},"excerpt":{"rendered":"<p>l espect\u00e1culo es gratuito y puede verlo tantas veces como quiera. Sin embargo, si desea ver de cerca las fuentes, le ofrecemos la posibilidad de acercarse a ellas en peque\u00f1as embarcaciones que le llevar\u00e1n alrededor del Lago de las Fuentes Musicales o a trav\u00e9s del puente flotante.<\/p>","protected":false},"featured_media":2039703,"template":"","meta":[],"product_brand":[],"product_cat":[138],"product_tag":[],"class_list":{"0":"post-2039701","1":"product","2":"type-product","3":"status-publish","4":"has-post-thumbnail","6":"product_cat-activites-en-ville-parcs-dattractions","8":"first","9":"instock","10":"virtual","11":"purchasable","12":"product-type-simple"},"_links":{"self":[{"href":"https:\/\/soldodubai.com\/es\/wp-json\/wp\/v2\/product\/2039701","targetHints":{"allow":["GET"]}}],"collection":[{"href":"https:\/\/soldodubai.com\/es\/wp-json\/wp\/v2\/product"}],"about":[{"href":"https:\/\/soldodubai.com\/es\/wp-json\/wp\/v2\/types\/product"}],"version-history":[{"count":0,"href":"https:\/\/soldodubai.com\/es\/wp-json\/wp\/v2\/product\/2039701\/revisions"}],"wp:featuredmedia":[{"embeddable":true,"href":"https:\/\/soldodubai.com\/es\/wp-json\/wp\/v2\/media\/2039703"}],"wp:attachment":[{"href":"https:\/\/soldodubai.com\/es\/wp-json\/wp\/v2\/media?parent=2039701"}],"wp:term":[{"taxonomy":"product_brand","embeddable":true,"href":"https:\/\/soldodubai.com\/es\/wp-json\/wp\/v2\/product_brand?post=2039701"},{"taxonomy":"product_cat","embeddable":true,"href":"https:\/\/soldodubai.com\/es\/wp-json\/wp\/v2\/product_cat?post=2039701"},{"taxonomy":"product_tag","embeddable":true,"href":"https:\/\/soldodubai.com\/es\/wp-json\/wp\/v2\/product_tag?post=2039701"}],"curies":[{"name":"wp","href":"https:\/\/api.w.org\/{rel}","templated":true}]}}