{"id":2039706,"date":"2023-03-15T15:21:00","date_gmt":"2023-03-15T14:21:00","guid":{"rendered":"http:\/\/13.36.131.153\/?post_type=product&#038;p=2039706"},"modified":"2024-01-27T12:15:04","modified_gmt":"2024-01-27T11:15:04","slug":"dubai-marco-2","status":"publish","type":"product","link":"https:\/\/soldodubai.com\/es\/p\/dubai-marco-2\/","title":{"rendered":"MARCO DUBAI"},"content":{"rendered":"<p>El Dubai Frame es una joya arquitect\u00f3nica de la ciudad. Compuesto por dos torres verticales de 150 metros de altura unidas por un puente de 100 metros cuadrados, el Dubai Frame es un elemento destacado del horizonte de Dubai.<\/p>\n<p>El Dubai Frame cuenta con un museo y una galer\u00eda donde podr\u00e1 ver el crecimiento de Dubai desde una simple aldea de pescadores hasta la ultramoderna ciudad que es hoy en d\u00eda mediante el uso de la fotograf\u00eda y la tecnolog\u00eda punta. Tras visitar el museo, suba en ascensor hasta el puente para contemplar una fascinante panor\u00e1mica de la ciudad. A un lado est\u00e1 la encantadora Dubai antigua y al otro la moderna Dubai nueva. Tambi\u00e9n puede contemplar la hermosa ciudad mientras saborea una deliciosa taza de caf\u00e9 en el Bridge Caf\u00e9.<\/p>\n<p>Horario de apertura :<br \/>\nTodos los d\u00edas: de 9.00 a 21.00 (\u00faltima entrada a las 19.00)<br \/>\nPuede visitarla cuando quiera durante su horario de apertura.<br \/>\nGratuito para menores de 3 a\u00f1os y personas con discapacidad<\/p>\n<p><strong>Qu\u00e9 incluye la tarifa :<\/strong><br \/>\nSu entrada a The Frame<\/p>\n<p><strong>Ubicaci\u00f3n:<\/strong> Karama<\/p>","protected":false},"excerpt":{"rendered":"<p>El Dubai Frame es una joya arquitect\u00f3nica de la ciudad. Compuesto por dos torres verticales de 150 metros de altura unidas por un puente de 100 metros cuadrados, el Dubai Frame es un elemento destacado del horizonte de Dubai.<\/p>","protected":false},"featured_media":2039708,"template":"","meta":[],"product_brand":[],"product_cat":[138],"product_tag":[],"class_list":{"0":"post-2039706","1":"product","2":"type-product","3":"status-publish","4":"has-post-thumbnail","6":"product_cat-activites-en-ville-parcs-dattractions","8":"first","9":"instock","10":"virtual","11":"purchasable","12":"product-type-simple"},"_links":{"self":[{"href":"https:\/\/soldodubai.com\/es\/wp-json\/wp\/v2\/product\/2039706","targetHints":{"allow":["GET"]}}],"collection":[{"href":"https:\/\/soldodubai.com\/es\/wp-json\/wp\/v2\/product"}],"about":[{"href":"https:\/\/soldodubai.com\/es\/wp-json\/wp\/v2\/types\/product"}],"version-history":[{"count":0,"href":"https:\/\/soldodubai.com\/es\/wp-json\/wp\/v2\/product\/2039706\/revisions"}],"wp:featuredmedia":[{"embeddable":true,"href":"https:\/\/soldodubai.com\/es\/wp-json\/wp\/v2\/media\/2039708"}],"wp:attachment":[{"href":"https:\/\/soldodubai.com\/es\/wp-json\/wp\/v2\/media?parent=2039706"}],"wp:term":[{"taxonomy":"product_brand","embeddable":true,"href":"https:\/\/soldodubai.com\/es\/wp-json\/wp\/v2\/product_brand?post=2039706"},{"taxonomy":"product_cat","embeddable":true,"href":"https:\/\/soldodubai.com\/es\/wp-json\/wp\/v2\/product_cat?post=2039706"},{"taxonomy":"product_tag","embeddable":true,"href":"https:\/\/soldodubai.com\/es\/wp-json\/wp\/v2\/product_tag?post=2039706"}],"curies":[{"name":"wp","href":"https:\/\/api.w.org\/{rel}","templated":true}]}}