{"id":2039711,"date":"2023-03-15T15:30:00","date_gmt":"2023-03-15T14:30:00","guid":{"rendered":"http:\/\/13.36.131.153\/?post_type=product&#038;p=2039711"},"modified":"2024-08-02T16:07:46","modified_gmt":"2024-08-02T15:07:46","slug":"madametussaudsmuseu","status":"publish","type":"product","link":"https:\/\/soldodubai.com\/es\/p\/madametussaudsmuseu\/","title":{"rendered":"MUSEO MADAME TUSSAUDS"},"content":{"rendered":"<p>Dubai no es ajena a las atracciones sorprendentes, y el Madame Tussauds es una de ellas. Situado en la isla de Bluewaters, cerca del emblem\u00e1tico Ain Dubai, Madame Tussauds Dubai ha despertado el inter\u00e9s de lugare\u00f1os y turistas por igual desde su apertura. El Madame Tussauds de Dubai presenta esculturas de un amplio abanico de famosos.<\/p>\n<p>Madame Tussauds Dubai est\u00e1 dividido en diferentes zonas, que incluyen los mundos de la m\u00fasica, la moda, el cine, los l\u00edderes mundiales, los medios de comunicaci\u00f3n, Bollywood y el deporte. Por nombrar solo algunos: la Reina de Inglaterra, Vin Diesel, Justin Bieber, Balqees, Lewis Hamilton, Virat Kohli, Victoria Beckham, Kylie Jenner y muchos m\u00e1s. Tambi\u00e9n encontrar\u00e1 estatuas de cera de pol\u00edticos como Narendra Modi, Xi Jingping, Donald Trump, etc.<\/p>\n<p>Los modelos del Madame Tussauds han sido creados con las mismas t\u00e9cnicas que utilizaba la artista Madame Tussauds hace unos 200 a\u00f1os. No s\u00f3lo podr\u00e1 ver estas figuras realistas, sino que tambi\u00e9n podr\u00e1 tocarlas y hacerse fotos con sus modelos favoritos. As\u00ed que no olvide llevar su c\u00e1mara cuando visite Madame Tussauds.<\/p>\n<p>Horario de apertura :<br \/>\nTodos los d\u00edas: de 11.00 a 20.30 h (\u00faltima entrada)<br \/>\nPuede visitarla cuando quiera durante su horario de apertura.<br \/>\nGratuito para menores de 3 a\u00f1os<\/p>\n<p><strong>Qu\u00e9 incluye la tarifa :<\/strong><br \/>\nSu entrada al Madame Tussauds<\/p>\n<p><strong>Ubicaci\u00f3n:<\/strong> Aguas azules<\/p>","protected":false},"excerpt":{"rendered":"<p>Madame Tussauds Dubai est\u00e1 dividido en diferentes zonas, que incluyen los mundos de la m\u00fasica, la moda, el cine, los l\u00edderes mundiales, los medios de comunicaci\u00f3n, Bollywood y el deporte. Por nombrar s\u00f3lo algunos; la Reina de Inglaterra,<\/p>","protected":false},"featured_media":2039713,"template":"","meta":[],"product_brand":[],"product_cat":[138],"product_tag":[],"class_list":{"0":"post-2039711","1":"product","2":"type-product","3":"status-publish","4":"has-post-thumbnail","6":"product_cat-activites-en-ville-parcs-dattractions","8":"first","9":"instock","10":"virtual","11":"purchasable","12":"product-type-simple"},"_links":{"self":[{"href":"https:\/\/soldodubai.com\/es\/wp-json\/wp\/v2\/product\/2039711","targetHints":{"allow":["GET"]}}],"collection":[{"href":"https:\/\/soldodubai.com\/es\/wp-json\/wp\/v2\/product"}],"about":[{"href":"https:\/\/soldodubai.com\/es\/wp-json\/wp\/v2\/types\/product"}],"version-history":[{"count":0,"href":"https:\/\/soldodubai.com\/es\/wp-json\/wp\/v2\/product\/2039711\/revisions"}],"wp:featuredmedia":[{"embeddable":true,"href":"https:\/\/soldodubai.com\/es\/wp-json\/wp\/v2\/media\/2039713"}],"wp:attachment":[{"href":"https:\/\/soldodubai.com\/es\/wp-json\/wp\/v2\/media?parent=2039711"}],"wp:term":[{"taxonomy":"product_brand","embeddable":true,"href":"https:\/\/soldodubai.com\/es\/wp-json\/wp\/v2\/product_brand?post=2039711"},{"taxonomy":"product_cat","embeddable":true,"href":"https:\/\/soldodubai.com\/es\/wp-json\/wp\/v2\/product_cat?post=2039711"},{"taxonomy":"product_tag","embeddable":true,"href":"https:\/\/soldodubai.com\/es\/wp-json\/wp\/v2\/product_tag?post=2039711"}],"curies":[{"name":"wp","href":"https:\/\/api.w.org\/{rel}","templated":true}]}}