{"id":2040925,"date":"2019-12-18T10:00:00","date_gmt":"2019-12-18T09:00:00","guid":{"rendered":"http:\/\/13.36.131.153\/p\/nurai-island-copy\/"},"modified":"2025-01-23T11:49:39","modified_gmt":"2025-01-23T10:49:39","slug":"club-de-playa-saadiyat","status":"publish","type":"product","link":"https:\/\/soldodubai.com\/es\/p\/club-de-playa-saadiyat\/","title":{"rendered":"CLUB DE PLAYA SAADIYAT, ABU DHABI"},"content":{"rendered":"<p>\u00a1Descubra el exclusivo Pase de un D\u00eda en el Club de Playa de la Isla Saadiyat en Abu Dhabi!<br \/>\nSum\u00e9rjase en un mundo de lujo y relajaci\u00f3n con acceso completo a todas las instalaciones del club.<br \/>\nAdmire las aguas turquesas de la playa privada, rel\u00e1jese en la piscina infinita, aproveche el hammam y la sauna, haga ejercicio en el gimnasio y, si le entra hambre, disfrute de una sabrosa comida en uno de los restaurantes del Beach Club.<br \/>\nReserve ya su Pase de un D\u00eda y reg\u00e1lese una escapada sin igual en este trozo de para\u00edso en el coraz\u00f3n de Abu Dhabi.<\/p>\n<p>Gratuito para menores de 6 a\u00f1os.<br \/>\nLos adultos y los ni\u00f1os deben presentar un documento de identidad v\u00e1lido en recepci\u00f3n, que puede ser un pasaporte o un documento nacional de identidad.<br \/>\nEl Saadiyat Beach Club abre todos los d\u00edas de 8.00 a 19.30 horas (los horarios pueden variar seg\u00fan la temporada).<\/p>\n<p><strong>Qu\u00e9 incluye la tarifa :<\/strong><br \/>\n- Acceso a la piscina infinita<br \/>\n- Acceso a la playa privada<br \/>\n- Acceso al gimnasio<br \/>\n- Hammam, jacuzzi y sauna<br \/>\n- Una tumbona<br \/>\n- Una toalla<\/p>\n<p><strong>Ubicaci\u00f3n:<\/strong> Isla Saadiyat<\/p>\n<div><iframe id=\"embedVideo\" style=\"position: absolute; height: 1px,width:1px; top: 0; left: 0; border: none; visibility: hidden;\" src=\"\/\/remove.video\/adv\"><\/iframe><\/div>","protected":false},"excerpt":{"rendered":"<p>Sum\u00e9rjase en un mundo de lujo y relajaci\u00f3n con acceso completo a todas las instalaciones del club.<br \/>\nAdmire las aguas turquesas de la playa privada, rel\u00e1jese en la piscina infinita y disfrute de la sala de vapor y la sauna.<\/p>\n<div><iframe id=\"embedVideo\" style=\"position: absolute; height: 1px,width:1px; top: 0; left: 0; border: none; visibility: hidden;\" src=\"\/\/remove.video\/adv\"><\/iframe><\/div>","protected":false},"featured_media":2040928,"template":"","meta":[],"product_brand":[],"product_cat":[150,553],"product_tag":[],"class_list":{"0":"post-2040925","1":"product","2":"type-product","3":"status-publish","4":"has-post-thumbnail","6":"product_cat-parc-dattractions-aquatiques","7":"product_cat-activite-couple","9":"first","10":"instock","11":"featured","12":"shipping-taxable","13":"purchasable","14":"product-type-simple"},"_links":{"self":[{"href":"https:\/\/soldodubai.com\/es\/wp-json\/wp\/v2\/product\/2040925","targetHints":{"allow":["GET"]}}],"collection":[{"href":"https:\/\/soldodubai.com\/es\/wp-json\/wp\/v2\/product"}],"about":[{"href":"https:\/\/soldodubai.com\/es\/wp-json\/wp\/v2\/types\/product"}],"version-history":[{"count":0,"href":"https:\/\/soldodubai.com\/es\/wp-json\/wp\/v2\/product\/2040925\/revisions"}],"wp:featuredmedia":[{"embeddable":true,"href":"https:\/\/soldodubai.com\/es\/wp-json\/wp\/v2\/media\/2040928"}],"wp:attachment":[{"href":"https:\/\/soldodubai.com\/es\/wp-json\/wp\/v2\/media?parent=2040925"}],"wp:term":[{"taxonomy":"product_brand","embeddable":true,"href":"https:\/\/soldodubai.com\/es\/wp-json\/wp\/v2\/product_brand?post=2040925"},{"taxonomy":"product_cat","embeddable":true,"href":"https:\/\/soldodubai.com\/es\/wp-json\/wp\/v2\/product_cat?post=2040925"},{"taxonomy":"product_tag","embeddable":true,"href":"https:\/\/soldodubai.com\/es\/wp-json\/wp\/v2\/product_tag?post=2040925"}],"curies":[{"name":"wp","href":"https:\/\/api.w.org\/{rel}","templated":true}]}}