{"id":2040968,"date":"2023-07-21T16:41:00","date_gmt":"2023-07-21T15:41:00","guid":{"rendered":"http:\/\/13.36.131.153\/p\/marvelparc-copy\/"},"modified":"2025-01-22T16:37:12","modified_gmt":"2025-01-22T15:37:12","slug":"seaworldpark","status":"publish","type":"product","link":"https:\/\/soldodubai.com\/es\/p\/seaworldpark\/","title":{"rendered":"PARQUE SEA WORLD, ABU DHABI"},"content":{"rendered":"<p>Bienvenido a SEAWORLD Abu Dhabi, un lugar encantador donde la magia del oc\u00e9ano y la fascinaci\u00f3n de las criaturas marinas cobran vida. Situado en la magn\u00edfica ciudad de Abu Dhabi, este parque tem\u00e1tico acu\u00e1tico es un destino imprescindible para grandes y peque\u00f1os.<br \/>\nPrep\u00e1rate para explorar ocho reinos inmersivos que te llevar\u00e1n en un viaje incre\u00edble, desde el extremo norte polar hasta los deslumbrantes tr\u00f3picos.<\/p>\n<p>SEAWORLD ofrece experiencias tan entretenidas como educativas.<br \/>\nA lo largo del d\u00eda, podr\u00e1 disfrutar de diversos espect\u00e1culos con delfines (muy divertidos para grandes y peque\u00f1os), leones marinos y otros talentosos animales marinos que har\u00e1n las delicias de toda la familia.<\/p>\n<p>Los adictos a la adrenalina tampoco quedar\u00e1n decepcionados.<br \/>\nEl parque ofrece numerosas atracciones, incluida una emocionante monta\u00f1a rusa. Es una experiencia \u00fanica para quienes gustan de combinar las emociones fuertes con el descubrimiento de la vida marina.<\/p>\n<p>El parque tambi\u00e9n ofrece una variedad de restaurantes que sirven especialidades locales e internacionales, as\u00ed como tiendas de recuerdos.<\/p>\n<p>SEAWORLD Abu Dhabi es mucho m\u00e1s que un parque tem\u00e1tico, es una experiencia envolvente y cautivadora que despertar\u00e1 su amor y respeto por las maravillas del oc\u00e9ano. Una mezcla perfecta de parque tem\u00e1tico y museo.<\/p>\n<p>- Accesible para personas con discapacidad o movilidad reducida<br \/>\n- No se permite comer ni beber (hay restaurantes en el recinto)<\/p>\n<p>Horario de apertura del parque :<br \/>\nAbierto todos los d\u00edas de : 11h00 - 19h00 (puede variar seg\u00fan la temporada y los d\u00edas del fin de semana)<\/p>\n<p><strong>Qu\u00e9 incluye la tarifa : <\/strong><br \/>\n- acceso ilimitado durante todo el d\u00eda a la isla de seaworld yas, abu dhabi<br \/>\n- vea m\u00e1s de 100.000 animales y disfrute de m\u00e1s de 75 experiencias y atracciones<br \/>\n- acceso a espect\u00e1culos y eventos<br \/>\n- acceso a las atracciones de acuerdo con las normas de sea world (altura y peso)<\/p>\n<p><strong>Ubicaci\u00f3n:<\/strong> Isla Yas, Abu Dhabi<\/p>","protected":false},"excerpt":{"rendered":"<p>SEAWORLD ofrece experiencias tan entretenidas como educativas.<br \/>\nA lo largo del d\u00eda, podr\u00e1 disfrutar de diversos espect\u00e1culos con delfines (muy divertidos para grandes y peque\u00f1os), leones marinos y otros talentosos animales marinos que har\u00e1n las delicias de toda la familia.<\/p>","protected":false},"featured_media":2040970,"template":"","meta":[],"product_brand":[],"product_cat":[138,552],"product_tag":[],"class_list":{"0":"post-2040968","1":"product","2":"type-product","3":"status-publish","4":"has-post-thumbnail","6":"product_cat-activites-en-ville-parcs-dattractions","7":"product_cat-activite-enfant","9":"first","10":"instock","11":"virtual","12":"purchasable","13":"product-type-simple"},"_links":{"self":[{"href":"https:\/\/soldodubai.com\/es\/wp-json\/wp\/v2\/product\/2040968","targetHints":{"allow":["GET"]}}],"collection":[{"href":"https:\/\/soldodubai.com\/es\/wp-json\/wp\/v2\/product"}],"about":[{"href":"https:\/\/soldodubai.com\/es\/wp-json\/wp\/v2\/types\/product"}],"version-history":[{"count":0,"href":"https:\/\/soldodubai.com\/es\/wp-json\/wp\/v2\/product\/2040968\/revisions"}],"wp:featuredmedia":[{"embeddable":true,"href":"https:\/\/soldodubai.com\/es\/wp-json\/wp\/v2\/media\/2040970"}],"wp:attachment":[{"href":"https:\/\/soldodubai.com\/es\/wp-json\/wp\/v2\/media?parent=2040968"}],"wp:term":[{"taxonomy":"product_brand","embeddable":true,"href":"https:\/\/soldodubai.com\/es\/wp-json\/wp\/v2\/product_brand?post=2040968"},{"taxonomy":"product_cat","embeddable":true,"href":"https:\/\/soldodubai.com\/es\/wp-json\/wp\/v2\/product_cat?post=2040968"},{"taxonomy":"product_tag","embeddable":true,"href":"https:\/\/soldodubai.com\/es\/wp-json\/wp\/v2\/product_tag?post=2040968"}],"curies":[{"name":"wp","href":"https:\/\/api.w.org\/{rel}","templated":true}]}}