{"id":2041484,"date":"2023-08-24T13:32:00","date_gmt":"2023-08-24T12:32:00","guid":{"rendered":"http:\/\/13.36.131.153\/p\/combo-nager-avec-les-dauphins-a-latlantis-le-parc-aquatique-dubai-copy\/"},"modified":"2025-01-27T03:35:14","modified_gmt":"2025-01-27T02:35:14","slug":"caiaqueeremocomgolfinhos","status":"publish","type":"product","link":"https:\/\/soldodubai.com\/es\/p\/caiaqueeremocomgolfinhos\/","title":{"rendered":"KAYAK Y REMO CON DELFINES Y PARQUE ACU\u00c1TICO, ATLANTIS"},"content":{"rendered":"<div>\n<p><b>KAYAK DELF\u00cdN :<\/b><\/p>\n<div>Descubra una aventura inolvidable en el coraz\u00f3n de Atlantis The Palm en Dubai participando en una sesi\u00f3n de kayak con delfines. Suba a un kayak para vivir una experiencia \u00fanica. Desl\u00edcese tranquilamente por el agua mientras se rodea de los delfines residentes de Atlantis. Disfrute del acceso al famoso parque acu\u00e1tico Atlantis el mismo d\u00eda.<\/div>\n<div><\/div>\n<div>\n<div><strong>Qu\u00e9 incluye la tarifa<\/strong><br \/>\nSesi\u00f3n informativa de seguridad de 10 minutos con un especialista en mam\u00edferos marinos<br \/>\n20 minutos de kayak en el agua<br \/>\nChalecos salvavidas<br \/>\nLos trajes de neopreno y los chalecos de neopreno se proporcionan y son opcionales para su experiencia<br \/>\nVestuarios y duchas<br \/>\nToalla y taquilla a su disposici\u00f3n<br \/>\nAcceso GRATUITO el mismo d\u00eda al parque acu\u00e1tico Aquaventure<\/div>\n<div><\/div>\n<div>Pol\u00edtica de edades: Apto para todos los niveles de nataci\u00f3n, a partir de 8 a\u00f1os<br \/>\nTodos los ni\u00f1os menores de 12 a\u00f1os deben ir acompa\u00f1ados de un adulto pagado mayor de 18 a\u00f1os.<\/div>\n<div><\/div>\n<div><b>PALETA DELF\u00cdN :<\/b><\/div>\n<div>La actividad \"Reme con los delfines\" en Atlantis The Palm, en Dubai, es una experiencia excepcional que le permitir\u00e1 disfrutar de un encuentro memorable con estas fascinantes criaturas marinas. Tendr\u00e1 la oportunidad de remar por las aguas del acuario Ambassador Lagoon, situado en el coraz\u00f3n del parque acu\u00e1tico, mientras se rodea de majestuosos delfines. Esta aventura \u00fanica ofrece una interacci\u00f3n cercana con los delfines en un entorno seguro y controlado, proporcionando una experiencia inolvidable.<\/div>\n<div><\/div>\n<div><strong>Qu\u00e9 incluye la tarifa:<\/strong><br \/>\nSesi\u00f3n informativa de seguridad de 10 minutos con un especialista en mam\u00edferos marinos<br \/>\n20 minutos remando en el agua<br \/>\nChalecos salvavidas<br \/>\nLos trajes de neopreno y los chalecos de neopreno se proporcionan y son opcionales para su experiencia<br \/>\nVestuarios y duchas<br \/>\nToalla y taquilla a su disposici\u00f3n<span class=\"gmail-Apple-converted-space\">\u00a0<\/span><br \/>\nAcceso GRATUITO el mismo d\u00eda al parque acu\u00e1tico Aquaventure<\/div>\n<div><\/div>\n<div>Pol\u00edtica de edad: Apto para todos los niveles de nataci\u00f3n, a partir de los 12 a\u00f1os.<\/div>\n<\/div>\n<\/div>\n<p><strong>Ubicaci\u00f3n:<\/strong> Palm Jumeirah<\/p>","protected":false},"excerpt":{"rendered":"<p>Descubra una aventura inolvidable en el coraz\u00f3n de Atlantis The Palm en Dubai participando en una sesi\u00f3n de kayak con delfines. Suba a bordo de un kayak para vivir una experiencia \u00fanica<\/p>","protected":false},"featured_media":2041487,"template":"","meta":[],"product_brand":[],"product_cat":[150,553],"product_tag":[],"class_list":{"0":"post-2041484","1":"product","2":"type-product","3":"status-publish","4":"has-post-thumbnail","6":"product_cat-parc-dattractions-aquatiques","7":"product_cat-activite-couple","9":"first","10":"instock","11":"virtual","12":"purchasable","13":"product-type-simple"},"_links":{"self":[{"href":"https:\/\/soldodubai.com\/es\/wp-json\/wp\/v2\/product\/2041484","targetHints":{"allow":["GET"]}}],"collection":[{"href":"https:\/\/soldodubai.com\/es\/wp-json\/wp\/v2\/product"}],"about":[{"href":"https:\/\/soldodubai.com\/es\/wp-json\/wp\/v2\/types\/product"}],"version-history":[{"count":0,"href":"https:\/\/soldodubai.com\/es\/wp-json\/wp\/v2\/product\/2041484\/revisions"}],"wp:featuredmedia":[{"embeddable":true,"href":"https:\/\/soldodubai.com\/es\/wp-json\/wp\/v2\/media\/2041487"}],"wp:attachment":[{"href":"https:\/\/soldodubai.com\/es\/wp-json\/wp\/v2\/media?parent=2041484"}],"wp:term":[{"taxonomy":"product_brand","embeddable":true,"href":"https:\/\/soldodubai.com\/es\/wp-json\/wp\/v2\/product_brand?post=2041484"},{"taxonomy":"product_cat","embeddable":true,"href":"https:\/\/soldodubai.com\/es\/wp-json\/wp\/v2\/product_cat?post=2041484"},{"taxonomy":"product_tag","embeddable":true,"href":"https:\/\/soldodubai.com\/es\/wp-json\/wp\/v2\/product_tag?post=2041484"}],"curies":[{"name":"wp","href":"https:\/\/api.w.org\/{rel}","templated":true}]}}