{"id":2041490,"date":"2023-08-24T13:43:00","date_gmt":"2023-08-24T12:43:00","guid":{"rendered":"http:\/\/13.36.131.153\/p\/kayak-et-paddle-avec-les-dauphins-copy\/"},"modified":"2025-01-27T03:35:29","modified_gmt":"2025-01-27T02:35:29","slug":"nadarcomtubaresatlantis","status":"publish","type":"product","link":"https:\/\/soldodubai.com\/es\/p\/nadarcomtubaresatlantis\/","title":{"rendered":"NADANDO CON TIBURONES, ATLANTIS"},"content":{"rendered":"<div>\n<div><b>AQUATREK XTREME :<\/b><\/div>\n<div>Aquatrek es una experiencia que no debe perderse en su lista de deseos. Gracias a los cascos subacu\u00e1ticos de alta tecnolog\u00eda, podr\u00e1 respirar bajo el agua y rodearse de 65.000 animales marinos, incluida la colecci\u00f3n de tiburones del enorme acuario. La actividad tiene lugar en el coraz\u00f3n de los acuarios Lost Chambers.<\/div>\n<div><\/div>\n<\/div>\n<div>Para mayores de 12 a\u00f1os. Los menores de 13 a\u00f1os deben ir acompa\u00f1ados de un adulto con entrada para el acuario Lost Chambers.<\/div>\n<div>\n<div><\/div>\n<div><strong>Qu\u00e9 incluye la tarifa:<\/strong><br \/>\nExperiencia subacu\u00e1tica de 20 minutos<br \/>\nSesi\u00f3n informativa educativa<br \/>\nVisite el Lagon Ambassadeur<br \/>\nToalla<br \/>\nCombinaci\u00f3n<br \/>\nBotellas de agua<br \/>\nAcceso GRATUITO el mismo d\u00eda a los acuarios de The Lost Chambers<\/div>\n<div>\n<div><\/div>\n<div>\n<div><b>TIBUR\u00d3N SNORKEL<\/b><\/div>\n<div>La actividad \"Snorkel con tiburones\" en Atlantis The Palm, en Dubai, ofrece una experiencia \u00fanica y emocionante para los amantes de las aventuras acu\u00e1ticas. Los participantes tienen la oportunidad de nadar en uno de los acuarios marinos m\u00e1s grandes del mundo, la Laguna Ambassador, y m\u00e1s concretamente con tiburones.<br \/>\nSupervisados por gu\u00edas experimentados, los participantes podr\u00e1n disfrutar de una incre\u00edble proximidad a estos magn\u00edficos animales marinos con total seguridad.<br \/>\n\"Snorkel con tiburones\" en Atlantis The Palm es una excepcional aventura acu\u00e1tica que no debe perderse durante su estancia en Dubai. La actividad tiene lugar en la laguna del parque acu\u00e1tico Aquaventure.<\/div>\n<\/div>\n<div><\/div>\n<div>Para ni\u00f1os a partir de 6 a\u00f1os. Los menores de 13 a\u00f1os deber\u00e1n ir acompa\u00f1ados de un adulto con entrada para el parque acu\u00e1tico Aquaventure.<\/div>\n<div>\n<div><\/div>\n<div><strong>Qu\u00e9 incluye la tarifa:<\/strong><br \/>\n20 minutos nadando en la superficie de la Laguna de los Tiburones de Aquaventure<br \/>\nSesi\u00f3n informativa educativa<br \/>\nChalecos salvavidas<br \/>\nM\u00e1scara y tubo<br \/>\nAcceso GRATUITO el mismo d\u00eda al parque acu\u00e1tico Aquaventure<br \/>\nTraiga su propio ba\u00f1ador<\/div>\n<\/div>\n<\/div>\n<\/div>\n<p><strong>Ubicaci\u00f3n:<\/strong> Palm Jumeirah<\/p>","protected":false},"excerpt":{"rendered":"<p>Gracias a los cascos subacu\u00e1ticos de alta tecnolog\u00eda, podr\u00e1 respirar bajo el agua y rodearse de 65.000 animales marinos, incluida la colecci\u00f3n de tiburones del enorme acuario.<\/p>","protected":false},"featured_media":2041492,"template":"","meta":[],"product_brand":[],"product_cat":[150],"product_tag":[],"class_list":{"0":"post-2041490","1":"product","2":"type-product","3":"status-publish","4":"has-post-thumbnail","6":"product_cat-parc-dattractions-aquatiques","8":"first","9":"instock","10":"virtual","11":"purchasable","12":"product-type-simple"},"_links":{"self":[{"href":"https:\/\/soldodubai.com\/es\/wp-json\/wp\/v2\/product\/2041490","targetHints":{"allow":["GET"]}}],"collection":[{"href":"https:\/\/soldodubai.com\/es\/wp-json\/wp\/v2\/product"}],"about":[{"href":"https:\/\/soldodubai.com\/es\/wp-json\/wp\/v2\/types\/product"}],"version-history":[{"count":0,"href":"https:\/\/soldodubai.com\/es\/wp-json\/wp\/v2\/product\/2041490\/revisions"}],"wp:featuredmedia":[{"embeddable":true,"href":"https:\/\/soldodubai.com\/es\/wp-json\/wp\/v2\/media\/2041492"}],"wp:attachment":[{"href":"https:\/\/soldodubai.com\/es\/wp-json\/wp\/v2\/media?parent=2041490"}],"wp:term":[{"taxonomy":"product_brand","embeddable":true,"href":"https:\/\/soldodubai.com\/es\/wp-json\/wp\/v2\/product_brand?post=2041490"},{"taxonomy":"product_cat","embeddable":true,"href":"https:\/\/soldodubai.com\/es\/wp-json\/wp\/v2\/product_cat?post=2041490"},{"taxonomy":"product_tag","embeddable":true,"href":"https:\/\/soldodubai.com\/es\/wp-json\/wp\/v2\/product_tag?post=2041490"}],"curies":[{"name":"wp","href":"https:\/\/api.w.org\/{rel}","templated":true}]}}