{"id":2041496,"date":"2023-08-24T13:54:00","date_gmt":"2023-08-24T12:54:00","guid":{"rendered":"http:\/\/13.36.131.153\/p\/nage-avec-les-requins-atlantis-copy\/"},"modified":"2025-01-27T03:38:58","modified_gmt":"2025-01-27T02:38:58","slug":"mergulhonosaquariosatlantis","status":"publish","type":"product","link":"https:\/\/soldodubai.com\/es\/p\/mergulhonosaquariosatlantis\/","title":{"rendered":"BUCEO EN LOS ACUARIOS ATLANTIS Y LOST CHAMBERS"},"content":{"rendered":"<div>\n<div>\n<div>\n<div><b>ESN\u00d3RQUEL ULTIMATE<\/b><\/div>\n<div>La actividad 'ULTIMATE SNORKELING' en Atlantis The Palm en Dubai ofrece una experiencia \u00fanica y emocionante para los amantes de la aventura acu\u00e1tica.<br \/>\nEquipados con material, los participantes tendr\u00e1n la oportunidad de explorar las aguas cristalinas pobladas de coloridos peces tropicales, corales ex\u00f3ticos y fascinantes criaturas marinas.<br \/>\nSupervisados por gu\u00edas experimentados, los participantes podr\u00e1n disfrutar de una incre\u00edble proximidad a estos magn\u00edficos animales marinos con total seguridad. La actividad tiene lugar en el coraz\u00f3n de los acuarios de Lost Chambers.<\/div>\n<div><\/div>\n<\/div>\n<div>Para mayores de 6 a\u00f1os. Los menores de 13 a\u00f1os deben ir acompa\u00f1ados de un adulto con entrada para el acuario Lost Chambers.<\/div>\n<div>\n<p><strong>Qu\u00e9 incluye la tarifa:<\/strong><br \/>\n20 minutos nadando en la superficie de la laguna Ambassador<br \/>\nSesi\u00f3n informativa educativa<br \/>\nToalla<br \/>\nCombinaci\u00f3n<br \/>\nChalecos salvavidas<br \/>\nM\u00e1scara y tubo<br \/>\nBotellas de agua<\/p>\n<p>Acceso GRATUITO el mismo d\u00eda a los acuarios de Lost Chambers<\/p>\n<\/div>\n<div>\n<div><\/div>\n<div><\/div>\n<\/div>\n<\/div>\n<div>\n<div><b>BUCEO EXPLORADOR - actividad reservada a buceadores certificados, con certificado que se presentar\u00e1 el mismo d\u00eda.<\/b><\/div>\n<div>La emocionante actividad Dive Explorer en Atlantis The Palm, en Dubai, es una aventura inolvidable que permite a los hu\u00e9spedes descubrir las maravillas submarinas del emblem\u00e1tico complejo. Acompa\u00f1ados por instructores experimentados, los participantes podr\u00e1n bucear equipados con material de primera calidad, lo que le dar\u00e1 la oportunidad de ver de cerca una incre\u00edble variedad de criaturas marinas, desde coloridos peces tropicales hasta majestuosas rayas y tiburones. Tanto si es un principiante como un buceador experimentado, la experiencia Dive Explorer le ofrece una perspectiva \u00fanica del cautivador mundo submarino, todo ello en el lujoso entorno de Atlantis The Palm en Dubai. La actividad tiene lugar en el coraz\u00f3n de los acuarios Lost Chambers.<\/div>\n<\/div>\n<\/div>\n<div><\/div>\n<div>Para mayores de 10 a\u00f1os. Los menores de 13 a\u00f1os deben ir acompa\u00f1ados de un adulto con entrada para el acuario Lost Chambers.<\/div>\n<div>\n<div><\/div>\n<div><strong>Qu\u00e9 incluye la tarifa :<\/strong><\/div>\n<div>Experiencia subacu\u00e1tica de 30 minutos<br \/>\nSesi\u00f3n informativa educativa<br \/>\nToalla<br \/>\nCombinaci\u00f3n<br \/>\nEquipo de buceo<br \/>\nBotellas de agua<br \/>\nAcceso GRATUITO el mismo d\u00eda a los acuarios de Lost Chambers<\/div>\n<div><\/div>\n<div><b>BUCEO DE DESCUBRIMIENTO - actividad reservada a buceadores certificados, con certificado que se entregar\u00e1 el mismo d\u00eda.<\/b><\/div>\n<div>\n<p>Descubra las fascinantes profundidades de Atlantis The Palm en Dubai con la actividad \"DIVE DISCOVERY\". Sum\u00e9rjase en una experiencia subacu\u00e1tica inmersiva de 30 minutos que le permitir\u00e1 explorar el cautivador mundo submarino de la Laguna Ambassador. Antes de su inmersi\u00f3n, disfrute de una sesi\u00f3n informativa educativa para familiarizarse con las t\u00e9cnicas de buceo y las instrucciones de seguridad.<\/p>\n<p>Este paquete tambi\u00e9n incluye una sesi\u00f3n de habilidades subacu\u00e1ticas para asegurarse de que se siente c\u00f3modo bajo el agua, seguida de una visita guiada a la laguna Ambassador. Le sorprender\u00e1 la diversidad de especies marinas que viven en este entorno excepcional. La actividad tiene lugar en el coraz\u00f3n de los acuarios Lost Chambers.<\/p>\n<p>Para mayores de 10 a\u00f1os. Los menores de 13 a\u00f1os deben ir acompa\u00f1ados de un adulto con entrada para el acuario Lost Chambers.<\/p>\n<\/div>\n<div><\/div>\n<div><strong>Qu\u00e9 incluye la tarifa :<\/strong><br \/>\nExperiencia subacu\u00e1tica de 30 minutos<br \/>\nSesi\u00f3n informativa educativa<br \/>\nUna sesi\u00f3n de habilidades subacu\u00e1ticas y una visita a la Laguna de los Embajadores<br \/>\nToalla<br \/>\nCombinaci\u00f3n<br \/>\nBotellas de agua<br \/>\nAcceso GRATUITO el mismo d\u00eda a los acuarios de Lost Chambers<br \/>\nAcuario<\/div>\n<\/div>\n<p><strong>Ubicaci\u00f3n:<\/strong> Palm Jumeirah<\/p>","protected":false},"excerpt":{"rendered":"<p>Descubra las fascinantes profundidades de Atlantis The Palm en Dubai<\/p>","protected":false},"featured_media":2041498,"template":"","meta":[],"product_brand":[],"product_cat":[150],"product_tag":[],"class_list":{"0":"post-2041496","1":"product","2":"type-product","3":"status-publish","4":"has-post-thumbnail","6":"product_cat-parc-dattractions-aquatiques","8":"first","9":"instock","10":"virtual","11":"purchasable","12":"product-type-simple"},"_links":{"self":[{"href":"https:\/\/soldodubai.com\/es\/wp-json\/wp\/v2\/product\/2041496","targetHints":{"allow":["GET"]}}],"collection":[{"href":"https:\/\/soldodubai.com\/es\/wp-json\/wp\/v2\/product"}],"about":[{"href":"https:\/\/soldodubai.com\/es\/wp-json\/wp\/v2\/types\/product"}],"version-history":[{"count":0,"href":"https:\/\/soldodubai.com\/es\/wp-json\/wp\/v2\/product\/2041496\/revisions"}],"wp:featuredmedia":[{"embeddable":true,"href":"https:\/\/soldodubai.com\/es\/wp-json\/wp\/v2\/media\/2041498"}],"wp:attachment":[{"href":"https:\/\/soldodubai.com\/es\/wp-json\/wp\/v2\/media?parent=2041496"}],"wp:term":[{"taxonomy":"product_brand","embeddable":true,"href":"https:\/\/soldodubai.com\/es\/wp-json\/wp\/v2\/product_brand?post=2041496"},{"taxonomy":"product_cat","embeddable":true,"href":"https:\/\/soldodubai.com\/es\/wp-json\/wp\/v2\/product_cat?post=2041496"},{"taxonomy":"product_tag","embeddable":true,"href":"https:\/\/soldodubai.com\/es\/wp-json\/wp\/v2\/product_tag?post=2041496"}],"curies":[{"name":"wp","href":"https:\/\/api.w.org\/{rel}","templated":true}]}}