{"id":2041894,"date":"2023-09-24T11:52:00","date_gmt":"2023-09-24T10:52:00","guid":{"rendered":"http:\/\/13.36.131.153\/p\/miracle-garden-copy\/"},"modified":"2024-07-03T16:09:49","modified_gmt":"2024-07-03T15:09:49","slug":"gardenglow","status":"publish","type":"product","link":"https:\/\/soldodubai.com\/es\/p\/gardenglow\/","title":{"rendered":"JARD\u00cdN RESPLANDOR Y PARQUE DE DINOSAURIOS"},"content":{"rendered":"<div>\n<p>Dubai Garden Glow es un lugar m\u00e1gico donde el arte, la luz y la creatividad se unen para crear una experiencia \u00fanica. Esta atracci\u00f3n gustar\u00e1 por igual a grandes y peque\u00f1os, y especialmente a las familias.<\/p>\n<p>Glow Park: (VISITE DESPU\u00c9S DEL ATARDECER) Cuando el sol se pone en Dubai Garden Glow, un mundo encantado despierta en Glow Park. Se trata de un lugar donde podr\u00e1 sumergirse en un universo luminoso en el que el arte adquiere una nueva forma. Impresionantes esculturas e instalaciones de luz cobran vida. Las impresionantes esculturas de luz y creatividad le transportar\u00e1n a un mundo de cuento de hadas.<\/p>\n<p>Magic Park - Dubai Garden Glow Magic Park es un lugar donde la realidad se une a la ilusi\u00f3n para crear una experiencia extraordinaria. Mientras explora este parque m\u00e1gico, se sorprender\u00e1 con ilusiones \u00f3pticas y obras de arte que le har\u00e1n dudar de lo que est\u00e1 viendo. \u00a1Prepare sus c\u00e1maras!<\/p>\n<p>Parque de los Dinosaurios - (PREFERIBLE VISITA ANTES DEL ATARDECER) Ad\u00e9ntrese en un mundo prehist\u00f3rico en el Parque de los Dinosaurios de Dubai Garden Glow, esta atracci\u00f3n le llevar\u00e1 en un viaje en el tiempo, donde podr\u00e1 conocer a dinosaurios de tama\u00f1o natural. Estas asombrosas criaturas han sido recreadas, dando vida a una \u00e9poca ya lejana. Quedar\u00e1 cautivado por la autenticidad de cada especie, haci\u00e9ndole sentir que ha viajado millones de a\u00f1os atr\u00e1s en el tiempo, mientras camina podr\u00e1 ver a algunos de ellos movi\u00e9ndose.<\/p>\n<p>Ya sea en familia, con amigos o en pareja, este cautivador destino promete momentos de fascinaci\u00f3n, risas y descubrimientos.<\/p>\n<\/div>\n<div><\/div>\n<div>Horario de apertura: de domingo a viernes, de 17.00 a 23.00 horas<br \/>\nS\u00e1bados y festivos de 17.00 a 24.00 horas<\/div>\n<div>Aparcamiento in situ: <span class=\"woocommerce-Price-amount amount\"><bdi>2.80&nbsp;<span class=\"woocommerce-Price-currencySymbol\">$<\/span><\/bdi><\/span> por hora.<\/div>\n<p><strong>Qu\u00e9 incluye la tarifa :<\/strong><br \/>\nEntrada a Garden Glow, Parque de los Dinosaurios y Arte M\u00e1gico si se combinan<\/p>\n<p><strong>Ubicaci\u00f3n:<\/strong> Parque Zabbel<\/p>","protected":false},"excerpt":{"rendered":"<p>Dubai Garden Glow es un lugar m\u00e1gico donde el arte, la luz y la creatividad se unen para crear una experiencia \u00fanica.<\/p>","protected":false},"featured_media":2041897,"template":"","meta":[],"product_brand":[],"product_cat":[138,552],"product_tag":[],"class_list":{"0":"post-2041894","1":"product","2":"type-product","3":"status-publish","4":"has-post-thumbnail","6":"product_cat-activites-en-ville-parcs-dattractions","7":"product_cat-activite-enfant","9":"first","10":"instock","11":"virtual","12":"purchasable","13":"product-type-simple"},"_links":{"self":[{"href":"https:\/\/soldodubai.com\/es\/wp-json\/wp\/v2\/product\/2041894","targetHints":{"allow":["GET"]}}],"collection":[{"href":"https:\/\/soldodubai.com\/es\/wp-json\/wp\/v2\/product"}],"about":[{"href":"https:\/\/soldodubai.com\/es\/wp-json\/wp\/v2\/types\/product"}],"version-history":[{"count":0,"href":"https:\/\/soldodubai.com\/es\/wp-json\/wp\/v2\/product\/2041894\/revisions"}],"wp:featuredmedia":[{"embeddable":true,"href":"https:\/\/soldodubai.com\/es\/wp-json\/wp\/v2\/media\/2041897"}],"wp:attachment":[{"href":"https:\/\/soldodubai.com\/es\/wp-json\/wp\/v2\/media?parent=2041894"}],"wp:term":[{"taxonomy":"product_brand","embeddable":true,"href":"https:\/\/soldodubai.com\/es\/wp-json\/wp\/v2\/product_brand?post=2041894"},{"taxonomy":"product_cat","embeddable":true,"href":"https:\/\/soldodubai.com\/es\/wp-json\/wp\/v2\/product_cat?post=2041894"},{"taxonomy":"product_tag","embeddable":true,"href":"https:\/\/soldodubai.com\/es\/wp-json\/wp\/v2\/product_tag?post=2041894"}],"curies":[{"name":"wp","href":"https:\/\/api.w.org\/{rel}","templated":true}]}}