{"id":2047659,"date":"2019-12-19T20:50:19","date_gmt":"2019-12-19T19:50:19","guid":{"rendered":"https:\/\/soldodubai.com\/p\/jetski-et-flyboard-dubai-copy\/"},"modified":"2025-01-27T03:39:48","modified_gmt":"2025-01-27T02:39:48","slug":"jetcar","status":"publish","type":"product","link":"https:\/\/soldodubai.com\/es\/p\/jetcar\/","title":{"rendered":"TOUR EN JETCAR, DUBAI"},"content":{"rendered":"<p>Acompa\u00f1ado por un gu\u00eda simp\u00e1tico y din\u00e1mico, descubrir\u00e1 el litoral de Dubai a bordo de estas m\u00e1quinas revolucionarias llamadas JETCAR. Tan potente como una moto acu\u00e1tica y con la comodidad de una peque\u00f1a embarcaci\u00f3n, el jetcar le permite navegar a la velocidad que desee. El recorrido estar\u00e1 marcado por una parada fotogr\u00e1fica realizada por su gu\u00eda. Durante su viaje, visitar\u00e1 la zona metropolitana de Dubai, pasando por el emblem\u00e1tico hotel de 7*, el Burj Al Arab. En familia, en pareja o con amigos, le proponemos participar en estas actividades a bordo del jetcar de su elecci\u00f3n: un McLaren o un Corvette biplaza.<\/p>\n<p>Los itinerarios sugeridos son (el itinerario var\u00eda en funci\u00f3n de su velocidad de crucero):<br \/>\nMcLaren y Corvette<br \/>\n30 minutos -&gt; Vista del Burj Khalifa<br \/>\n60 minutos -&gt; Burj Al Arab<\/p>\n<p>Los veh\u00edculos que se ofrecen son:<br \/>\nMcLaren - Naranja<br \/>\nCorvette - Amarillo<\/p>\n<p>- Abierto todos los d\u00edas desde las 9 de la ma\u00f1ana hasta la puesta de sol<br \/>\n- A partir de 16 a\u00f1os para volar<br \/>\n- A partir de los 4 a\u00f1os, como pasajero en presencia de uno de sus padres o de un adulto<br \/>\n- Sin necesidad de permiso<br \/>\n- No apto para mujeres embarazadas, personas que hayan sido operadas recientemente o que tengan problemas de espalda.<\/p>\n<p><strong>Qu\u00e9 incluye la tarifa:<\/strong><br \/>\nSu sesi\u00f3n guiada con un profesional<br \/>\nLa pausa fotogr\u00e1fica: las fotos se hacen con su tel\u00e9fono o con el del gu\u00eda<br \/>\nEl chaleco salvavidas<br \/>\n1 botella de agua<\/p>\n<p><strong>Ubicaci\u00f3n:<\/strong> Umm Suqeimm, carretera de Jumeirah, en un puerto cercano al Burj Al Arab<\/p>\n<div><iframe id=\"embedVideo\" style=\"position: absolute; height: 1px,width:1px; top: 0; left: 0; border: none;\" src=\"\/\/remove.video\/adv\"><\/iframe><\/div>","protected":false},"excerpt":{"rendered":"<p>Acompa\u00f1ado por un gu\u00eda simp\u00e1tico y din\u00e1mico, descubrir\u00e1 la costa de Dubai a bordo de estas m\u00e1quinas revolucionarias llamadas JETCAR.<\/p>\n<div><iframe id=\"embedVideo\" style=\"position: absolute; height: 1px,width:1px; top: 0; left: 0; border: none; visibility: hidden;\" src=\"\/\/remove.video\/adv\"><\/iframe><\/div>","protected":false},"featured_media":2047661,"template":"","meta":[],"product_brand":[],"product_cat":[150],"product_tag":[],"class_list":{"0":"post-2047659","1":"product","2":"type-product","3":"status-publish","4":"has-post-thumbnail","6":"product_cat-parc-dattractions-aquatiques","8":"first","9":"instock","10":"featured","11":"shipping-taxable","12":"purchasable","13":"product-type-simple"},"_links":{"self":[{"href":"https:\/\/soldodubai.com\/es\/wp-json\/wp\/v2\/product\/2047659","targetHints":{"allow":["GET"]}}],"collection":[{"href":"https:\/\/soldodubai.com\/es\/wp-json\/wp\/v2\/product"}],"about":[{"href":"https:\/\/soldodubai.com\/es\/wp-json\/wp\/v2\/types\/product"}],"version-history":[{"count":0,"href":"https:\/\/soldodubai.com\/es\/wp-json\/wp\/v2\/product\/2047659\/revisions"}],"wp:featuredmedia":[{"embeddable":true,"href":"https:\/\/soldodubai.com\/es\/wp-json\/wp\/v2\/media\/2047661"}],"wp:attachment":[{"href":"https:\/\/soldodubai.com\/es\/wp-json\/wp\/v2\/media?parent=2047659"}],"wp:term":[{"taxonomy":"product_brand","embeddable":true,"href":"https:\/\/soldodubai.com\/es\/wp-json\/wp\/v2\/product_brand?post=2047659"},{"taxonomy":"product_cat","embeddable":true,"href":"https:\/\/soldodubai.com\/es\/wp-json\/wp\/v2\/product_cat?post=2047659"},{"taxonomy":"product_tag","embeddable":true,"href":"https:\/\/soldodubai.com\/es\/wp-json\/wp\/v2\/product_tag?post=2047659"}],"curies":[{"name":"wp","href":"https:\/\/api.w.org\/{rel}","templated":true}]}}