{"id":2047829,"date":"2019-08-05T05:05:29","date_gmt":"2019-08-05T04:05:29","guid":{"rendered":"https:\/\/soldodubai.com\/?post_type=product&#038;p=2047829"},"modified":"2025-01-26T14:43:25","modified_gmt":"2025-01-26T13:43:25","slug":"propostadecasamento","status":"publish","type":"product","link":"https:\/\/soldodubai.com\/es\/p\/propostadecasamento\/","title":{"rendered":"PROPUESTA DE MATRIMONIO"},"content":{"rendered":"<p>Viva una propuesta de boda inolvidable y lujosa. Elija entre una exclusiva selecci\u00f3n de lugares y escenarios rom\u00e1nticos para crear la velada perfecta que se adapte a su estado de \u00e1nimo y a su presupuesto. Tanto si desea un ambiente \u00edntimo en la playa, unas vistas impresionantes del Burj Khalifa o una experiencia fastuosa en el Hotel Atlantis The Palm, nuestras opciones de paquetes satisfacen todos sus deseos. Cada opci\u00f3n incluye elementos cuidadosamente seleccionados para garantizar un ambiente m\u00e1gico y memorable.<\/p>\n<p><strong>ELEGANCIA ETERNA<\/strong><br \/>\nUbicaci\u00f3n: Hotel Atlantis The Palm<br \/>\nDuraci\u00f3n: 3 horas a partir de las 19.00<br \/>\nQu\u00e9 incluye:<br \/>\nCaba\u00f1a privada para cenar con asientos y decoraci\u00f3n rom\u00e1ntica<br \/>\nDecoraci\u00f3n floral con flores frescas<br \/>\nEstructura en forma de coraz\u00f3n gigante de flores frescas<br \/>\n6 expositores acr\u00edlicos<br \/>\n16 arreglos florales<br \/>\nCamino de velas LED + sus fotos enmarcadas<br \/>\nCena descubrimiento de 5 platos con refrescos y agua (Steak tartare con mostaza trufada, pastel de cangrejo, carpaccio de tomate, filet mignon, tarta de queso con mantequilla salada)<br \/>\nRamo de flores mixtas - unas 12 rosas<br \/>\nM\u00fasica rom\u00e1ntica<br \/>\n2 chorros de etapa artificiales<br \/>\nCamarero y conserje privado<\/p>\n<p><strong>ROSAS JUNTO A LA ORILLA<\/strong><br \/>\nUbicaci\u00f3n: Playa Sunrise o Mercato<br \/>\nDuraci\u00f3n: 3 horas<br \/>\nQu\u00e9 incluye:<br \/>\nLetras gigantes iluminadas MARRY ME<br \/>\n800 rosas rojas<br \/>\nBofetada Bluetooth<br \/>\nRamo de flores mixtas - unas 12 rosas<br \/>\nChamp\u00e1n de uva sin alcohol<br \/>\nAsiento rom\u00e1ntico para 2<\/p>\n<p><strong>DIAMANTES Y P\u00c9TALOS<\/strong><br \/>\nUbicaci\u00f3n: Hotel Atlantis The Palm<br \/>\nDuraci\u00f3n: 3 horas a partir de las 19.00<br \/>\nQu\u00e9 incluye:<br \/>\nCaba\u00f1a privada para cenar con asientos y decoraci\u00f3n rom\u00e1ntica<br \/>\nUn despliegue floral de 7 metros de flores frescas<br \/>\nEstructura en forma de coraz\u00f3n gigante de flores frescas<br \/>\nCena de descubrimiento de 5 platos con refrescos y agua<br \/>\nRamo de flores variadas<br \/>\nM\u00fasica rom\u00e1ntica<br \/>\n2 chorros de etapa artificiales<br \/>\nCamarero y conserje privado<br \/>\nDecoraci\u00f3n con globos<\/p>\n<p><strong>BURJ KHALIFA PAISAJE DE ENSUE\u00d1O<\/strong><br \/>\nUbicaci\u00f3n: Sheikh Zayed road<br \/>\nDuraci\u00f3n: 3 horas, disponible a partir de las 17.30 horas<br \/>\nQu\u00e9 incluye:<br \/>\nTerraza privada con vistas ininterrumpidas del Burj Khalifa y los rascacielos del centro de Dubai<br \/>\nEstructura floral con rosas rojas<br \/>\n\"\u00bfQuieres casarte conmigo?\" en luz de ne\u00f3n<br \/>\nCena descubrimiento de 3 platos (Ballotins de foie gras, cordero estofado, pur\u00e9 de trufa, tarta de merengue de lim\u00f3n, tarta de frambuesa y chocolate blanco, milhojas de vainilla, petits fours y chocolate)<br \/>\nM\u00fasica rom\u00e1ntica<br \/>\nRamo de flores mixtas - unas 12 rosas<br \/>\nServidor privado<\/p>\n<p><strong>LLAMAS DEL CORAZ\u00d3N<\/strong><br \/>\nUbicaci\u00f3n: Playa Sunrise o Mercato<br \/>\nDuraci\u00f3n: 3 horas<br \/>\nQu\u00e9 incluye:<br \/>\nEstructura floral con rosas rojas<br \/>\n\"\u00bfQuieres casarte conmigo?\" en luz de ne\u00f3n<br \/>\nVela LED de pie<br \/>\nBofetada Bluetooth<br \/>\nRamo de rosas rojas frescas - aprox. 12 rosas<br \/>\nChamp\u00e1n de uva sin alcohol<\/p>\n<p><strong>LUJOSA VELADA AL ATARDECER<\/strong><br \/>\nUbicaci\u00f3n: JBR<br \/>\nDuraci\u00f3n: 3 horas, disponible a partir de las 17.30 horas<br \/>\nQu\u00e9 incluye:<br \/>\nTerraza semiprivada con vistas al mar<br \/>\nLetras gigantes iluminadas MARRY ME<br \/>\nArreglos florales de pie<br \/>\nComposici\u00f3n de los globos<br \/>\nCamino de p\u00e9talos de rosa<br \/>\nVelas LED<br \/>\nCr\u00e9dito de 1000 Dirham para utilizar en la cena<br \/>\nRamo de flores variadas<\/p>\n<p><strong>ATLANTIS STAR<\/strong><br \/>\nUbicaci\u00f3n: Palm Jumeirah<br \/>\nDuraci\u00f3n: 3 horas a partir de las 19.00<br \/>\nQu\u00e9 incluye:<br \/>\nCaba\u00f1a privada para cenar con asientos y decoraci\u00f3n rom\u00e1ntica<br \/>\nEstructura en forma de coraz\u00f3n gigante de flores frescas<br \/>\n\"\u00bfQuieres casarte conmigo?\" en LED ne\u00f3n<br \/>\nArreglos florales de pie<br \/>\nComposici\u00f3n de los globos<br \/>\nCamino de p\u00e9talos de rosa<br \/>\nRamo de flores variadas<br \/>\nCena descubrimiento de 5 platos (Steak tartare con mostaza trufada, pastel de cangrejo, carpaccio de tomate, filet mignon, tarta de queso con mantequilla salada)<br \/>\nM\u00fasica rom\u00e1ntica<br \/>\nServidor privado<\/p>\n<p><strong>SERENATA COSTERA<\/strong><br \/>\nUbicaci\u00f3n: Nikki Beach<br \/>\nDuraci\u00f3n: 3 horas, disponible a partir de las 17.30 horas<br \/>\nQu\u00e9 incluye:<br \/>\nCaba\u00f1a privada para cenar con asientos y decoraci\u00f3n rom\u00e1ntica<br \/>\nLetras gigantes iluminadas MARRY ME<br \/>\nVelas LED<br \/>\nCena descubrimiento de 3 platos (ensalada de aguacate, esp\u00e1rragos, tartar de at\u00fan, fresco de salm\u00f3n, sashimi y sushi, filete de costilla, langosta y gambas, fruta y una selecci\u00f3n de postres)<br \/>\nRamo de flores mixtas - unas 12 rosas<br \/>\nM\u00fasica rom\u00e1ntica<br \/>\nServidor privado<\/p>","protected":false},"excerpt":{"rendered":"<p>Viva una propuesta de boda inolvidable y lujosa. Elija entre una exclusiva selecci\u00f3n de lugares y escenarios rom\u00e1nticos para crear la velada perfecta que se adapte a su estado de \u00e1nimo y a su presupuesto. Tanto si desea un ambiente \u00edntimo en la playa, una impresionante vista del...<\/p>","protected":false},"featured_media":2047832,"template":"","meta":[],"product_brand":[],"product_cat":[140,437,536,553],"product_tag":[],"class_list":{"0":"post-2047829","1":"product","2":"type-product","3":"status-publish","4":"has-post-thumbnail","6":"product_cat-activites","7":"product_cat-activites-dans-le-desert-activites","8":"product_cat-activites-dans-le-desert","9":"product_cat-activite-couple","11":"first","12":"instock","13":"shipping-taxable","14":"purchasable","15":"product-type-simple"},"_links":{"self":[{"href":"https:\/\/soldodubai.com\/es\/wp-json\/wp\/v2\/product\/2047829","targetHints":{"allow":["GET"]}}],"collection":[{"href":"https:\/\/soldodubai.com\/es\/wp-json\/wp\/v2\/product"}],"about":[{"href":"https:\/\/soldodubai.com\/es\/wp-json\/wp\/v2\/types\/product"}],"version-history":[{"count":0,"href":"https:\/\/soldodubai.com\/es\/wp-json\/wp\/v2\/product\/2047829\/revisions"}],"wp:featuredmedia":[{"embeddable":true,"href":"https:\/\/soldodubai.com\/es\/wp-json\/wp\/v2\/media\/2047832"}],"wp:attachment":[{"href":"https:\/\/soldodubai.com\/es\/wp-json\/wp\/v2\/media?parent=2047829"}],"wp:term":[{"taxonomy":"product_brand","embeddable":true,"href":"https:\/\/soldodubai.com\/es\/wp-json\/wp\/v2\/product_brand?post=2047829"},{"taxonomy":"product_cat","embeddable":true,"href":"https:\/\/soldodubai.com\/es\/wp-json\/wp\/v2\/product_cat?post=2047829"},{"taxonomy":"product_tag","embeddable":true,"href":"https:\/\/soldodubai.com\/es\/wp-json\/wp\/v2\/product_tag?post=2047829"}],"curies":[{"name":"wp","href":"https:\/\/api.w.org\/{rel}","templated":true}]}}