{"id":2047862,"date":"2020-08-17T14:32:11","date_gmt":"2020-08-17T13:32:11","guid":{"rendered":"https:\/\/soldodubai.com\/p\/vistodeturista-copy\/"},"modified":"2025-01-27T03:39:33","modified_gmt":"2025-01-27T02:39:33","slug":"recepcaodoaeroporto","status":"publish","type":"product","link":"https:\/\/soldodubai.com\/es\/p\/recepcaodoaeroporto\/","title":{"rendered":"SERVICIO VIP DE BIENVENIDA - AEROPUERTO DE DUBAI"},"content":{"rendered":"<p>Disfrute de una bienvenida VIP desde el Aeropuerto Internacional de Dubai.<br \/>\nCuando llegue al aeropuerto, un agente de asistencia en tierra le recibir\u00e1 a la salida de la pasarela que une el avi\u00f3n con el aeropuerto.<br \/>\nAcompa\u00f1\u00e1ndole hasta la salida, el servicio VIP le ofrece una ventaja para cortar colas en la aduana y asistencia en la recogida de equipajes.<\/p>\n<p>Este servicio est\u00e1 disponible para viajeros individuales o grupos. Seleccione la opci\u00f3n que m\u00e1s le convenga en el formulario de reserva.<\/p>","protected":false},"excerpt":{"rendered":"<p class=\"p1\"><span class=\"s1\">Descubra Dubai con el servicio de visados Sol do Dubai.\u00a0<\/span><\/p>","protected":false},"featured_media":2047864,"template":"","meta":[],"product_brand":[],"product_cat":[140,138],"product_tag":[],"class_list":{"0":"post-2047862","1":"product","2":"type-product","3":"status-publish","4":"has-post-thumbnail","6":"product_cat-activites","7":"product_cat-activites-en-ville-parcs-dattractions","9":"first","10":"instock","11":"virtual","12":"purchasable","13":"product-type-simple"},"_links":{"self":[{"href":"https:\/\/soldodubai.com\/es\/wp-json\/wp\/v2\/product\/2047862","targetHints":{"allow":["GET"]}}],"collection":[{"href":"https:\/\/soldodubai.com\/es\/wp-json\/wp\/v2\/product"}],"about":[{"href":"https:\/\/soldodubai.com\/es\/wp-json\/wp\/v2\/types\/product"}],"version-history":[{"count":0,"href":"https:\/\/soldodubai.com\/es\/wp-json\/wp\/v2\/product\/2047862\/revisions"}],"wp:featuredmedia":[{"embeddable":true,"href":"https:\/\/soldodubai.com\/es\/wp-json\/wp\/v2\/media\/2047864"}],"wp:attachment":[{"href":"https:\/\/soldodubai.com\/es\/wp-json\/wp\/v2\/media?parent=2047862"}],"wp:term":[{"taxonomy":"product_brand","embeddable":true,"href":"https:\/\/soldodubai.com\/es\/wp-json\/wp\/v2\/product_brand?post=2047862"},{"taxonomy":"product_cat","embeddable":true,"href":"https:\/\/soldodubai.com\/es\/wp-json\/wp\/v2\/product_cat?post=2047862"},{"taxonomy":"product_tag","embeddable":true,"href":"https:\/\/soldodubai.com\/es\/wp-json\/wp\/v2\/product_tag?post=2047862"}],"curies":[{"name":"wp","href":"https:\/\/api.w.org\/{rel}","templated":true}]}}