{"id":2048017,"date":"2024-08-25T14:21:00","date_gmt":"2024-08-25T13:21:00","guid":{"rendered":"https:\/\/soldodubai.com\/?post_type=product&#038;p=2048017"},"modified":"2024-09-05T16:15:01","modified_gmt":"2024-09-05T15:15:01","slug":"mercedes-g63-amg-negro-2022","status":"publish","type":"product","link":"https:\/\/soldodubai.com\/es\/p\/mercedes-g63-amg-negro-2022\/","title":{"rendered":"Mercedes G63 AMG Negro 2022"},"content":{"rendered":"<p><strong>Descripci\u00f3n del veh\u00edculo :<\/strong> El Mercedes G63 AMG es un s\u00edmbolo de lujo y potencia, que combina unas prestaciones excepcionales con un dise\u00f1o audaz. Con su suntuoso interior y sus robustas l\u00edneas exteriores, ofrece una experiencia de conducci\u00f3n inigualable en Dubai.<\/p>\n<p>&nbsp;<\/p>\n<p><strong>Caracter\u00edsticas :<\/strong><\/p>\n<ul>\n<li><strong>Tipo de combustible<\/strong> : Esencia<\/li>\n<li><strong>Transmisi\u00f3n<\/strong> : Autom\u00e1tico<\/li>\n<li><strong>N\u00famero de plazas<\/strong> : 5<\/li>\n<li><strong>Color<\/strong> Negro (no se puede garantizar el color del veh\u00edculo)<\/li>\n<li><strong>A\u00f1o<\/strong> : 2022<\/li>\n<\/ul>\n<p><strong>Qu\u00e9 incluye la tarifa :<\/strong><\/p>\n<ul>\n<li>Entrega y recogida gratuitas del veh\u00edculo<\/li>\n<li>Seguro a todo riesgo<\/li>\n<li>250 km\/d\u00eda<\/li>\n<li>Servicio de atenci\u00f3n al cliente 24 horas al d\u00eda, 7 d\u00edas a la semana<\/li>\n<\/ul>\n<p><strong>Condiciones de alquiler :<\/strong><\/p>\n<ul>\n<li><strong>Edad m\u00ednima del conductor<\/strong> Edad: 21 a\u00f1os<\/li>\n<li><strong>Permiso de conducir<\/strong> Permiso de conducir v\u00e1lido. Para los permisos de conducir expedidos por un pa\u00eds africano, asi\u00e1tico o sudamericano, disponga de un permiso de conducir internacional.<\/li>\n<li><strong>Seguros<\/strong> Todo riesgo (franquicia a pagar en caso de accidente del que sea responsable el conductor)<\/li>\n<li><strong>Dep\u00f3sito<\/strong> Pago con tarjeta de cr\u00e9dito, tarjeta de d\u00e9bito o en efectivo. La fianza se carga en cuenta y se devuelve en un plazo de 20 d\u00edas laborables si no hay da\u00f1os ni multas.<\/li>\n<li><strong>Entrega<\/strong> En la direcci\u00f3n indicada por el cliente, seg\u00fan la franja horaria preferida (ma\u00f1ana, tarde, noche).<\/li>\n<li><strong>Peaje SALIK<\/strong> 5,25 Dirhams por visita, pagaderos a la vuelta o deducidos del dep\u00f3sito.<\/li>\n<li><strong>En determinadas circunstancias<\/strong> El color del veh\u00edculo no se puede garantizar y en este caso se puede ofrecer otro color u otro veh\u00edculo (circunstancias: temporada alta, periodo de reserva corto, devoluci\u00f3n tard\u00eda del veh\u00edculo por el cliente anterior, ampliaci\u00f3n del periodo de alquiler por el cliente anterior, veh\u00edculo da\u00f1ado por el cliente anterior, veh\u00edculo parado tras una aver\u00eda, etc.).<\/li>\n<\/ul>\n<p><strong>Es bueno saberlo:<\/strong><\/p>\n<ul>\n<li>Las afueras de Dubai cuentan con un sistema de peaje llamado SALIK. Cada vez que se pasa por el peaje, se escanea el c\u00f3digo de barras del parabrisas del veh\u00edculo y se carga la cantidad de 5,25 dirhams. El total del SALIK puede pagarse al devolver el veh\u00edculo o cargarse en el dep\u00f3sito, a discreci\u00f3n del cliente.<\/li>\n<\/ul>\n<p><strong>Consejos :<\/strong><\/p>\n<ul>\n<li>Cuando le entreguen el veh\u00edculo, le recomendamos que grabe un v\u00eddeo con su tel\u00e9fono m\u00f3vil para registrar el estado del veh\u00edculo. Puede conservar este v\u00eddeo hasta la devoluci\u00f3n del dep\u00f3sito. Declare tambi\u00e9n el n\u00famero correcto de conductores a la empresa de alquiler en el momento de la entrega (servicio sin cargo adicional).<\/li>\n<\/ul>\n<p><strong>Internacional :<\/strong><\/p>\n<ul>\n<li>&nbsp;Los nacionales con permisos de conducir de pa\u00edses africanos, asi\u00e1ticos o sudamericanos necesitar\u00e1n un permiso internacional.<\/li>\n<\/ul>\n<p><strong>Franquicia :<\/strong><\/p>\n<ul>\n<li>&nbsp;En caso de accidente con da\u00f1os leves o moderados, rellene un informe policial a trav\u00e9s de la aplicaci\u00f3n de la polic\u00eda de Dubai. En caso de da\u00f1os mayores, p\u00f3ngase en contacto con ellos en el 999.<\/li>\n<li>Para Rolls Royce la franquicia es <span class=\"woocommerce-Price-amount amount\"><bdi>4,200.00&nbsp;<span class=\"woocommerce-Price-currencySymbol\">$<\/span><\/bdi><\/span> + 15% sobre el precio de las reparaciones<\/li>\n<li>En el caso de los supercoches (Lamborghini, Ferrari, McLaren, Mercedes, Porsche, Bentley) el exceso es de <span class=\"woocommerce-Price-amount amount\"><bdi>4,200.00&nbsp;<span class=\"woocommerce-Price-currencySymbol\">$<\/span><\/bdi><\/span> + 20% sobre el precio de las reparaciones<\/li>\n<li>Para otros coches de lujo la franquicia es de 10.000 y + 15% sobre el coste de las reparaciones.<\/li>\n<\/ul>\n<p><strong>Informaci\u00f3n :<\/strong><\/p>\n<ul>\n<li>&nbsp;Est\u00e1 estrictamente prohibido fumar en los veh\u00edculos y se le impondr\u00e1 una sanci\u00f3n de <span class=\"woocommerce-Price-amount amount\"><bdi>420.00&nbsp;<span class=\"woocommerce-Price-currencySymbol\">$<\/span><\/bdi><\/span><\/li>\n<li>Las llaves perdidas se cobran seg\u00fan la tarifa del concesionario.<\/li>\n<\/ul>","protected":false},"excerpt":{"rendered":"<p>Descubra la potencia y la elegancia del Mercedes G63 AMG, a\u00f1o 2022, en color Negro. Disfrute de un viaje refinado y de altas prestaciones en Dubai.<\/p>","protected":false},"featured_media":2047955,"template":"","meta":[],"product_brand":[],"product_cat":[561],"product_tag":[],"class_list":{"0":"post-2048017","1":"product","2":"type-product","3":"status-publish","4":"has-post-thumbnail","6":"product_cat-location","8":"first","9":"instock","10":"virtual","11":"purchasable","12":"product-type-simple"},"_links":{"self":[{"href":"https:\/\/soldodubai.com\/es\/wp-json\/wp\/v2\/product\/2048017","targetHints":{"allow":["GET"]}}],"collection":[{"href":"https:\/\/soldodubai.com\/es\/wp-json\/wp\/v2\/product"}],"about":[{"href":"https:\/\/soldodubai.com\/es\/wp-json\/wp\/v2\/types\/product"}],"version-history":[{"count":0,"href":"https:\/\/soldodubai.com\/es\/wp-json\/wp\/v2\/product\/2048017\/revisions"}],"wp:featuredmedia":[{"embeddable":true,"href":"https:\/\/soldodubai.com\/es\/wp-json\/wp\/v2\/media\/2047955"}],"wp:attachment":[{"href":"https:\/\/soldodubai.com\/es\/wp-json\/wp\/v2\/media?parent=2048017"}],"wp:term":[{"taxonomy":"product_brand","embeddable":true,"href":"https:\/\/soldodubai.com\/es\/wp-json\/wp\/v2\/product_brand?post=2048017"},{"taxonomy":"product_cat","embeddable":true,"href":"https:\/\/soldodubai.com\/es\/wp-json\/wp\/v2\/product_cat?post=2048017"},{"taxonomy":"product_tag","embeddable":true,"href":"https:\/\/soldodubai.com\/es\/wp-json\/wp\/v2\/product_tag?post=2048017"}],"curies":[{"name":"wp","href":"https:\/\/api.w.org\/{rel}","templated":true}]}}