{"id":2048228,"date":"2020-08-19T23:10:56","date_gmt":"2020-08-19T22:10:56","guid":{"rendered":"https:\/\/soldodubai.com\/?post_type=product&#038;p=2048228"},"modified":"2024-09-10T23:13:13","modified_gmt":"2024-09-10T22:13:13","slug":"universo-aya","status":"publish","type":"product","link":"https:\/\/soldodubai.com\/es\/p\/universo-aya\/","title":{"rendered":"UNIVERSO AYA"},"content":{"rendered":"<p>El Universo Aya es una experiencia inmersiva y futurista. Con una extensi\u00f3n de 4.000 metros cuadrados, esta atracci\u00f3n \u00fanica le invita a explorar doce c\u00e1maras tem\u00e1ticas distintas, cada una de las cuales se abre a un universo fascinante. Con diferentes tem\u00e1ticas, Aya Universe combina tecnolog\u00eda y arte para ofrecer cautivadoras experiencias visuales y sonoras.<\/p>\n<p>Podr\u00e1 descubrir jardines luminosos, galaxias y mucho m\u00e1s a su propio ritmo, en un entorno donde la imaginaci\u00f3n no tiene l\u00edmites. Perfecto tanto para familias como para creadores de contenidos, Aya Universe promete momentos inolvidables en un entorno encantador.<\/p>\n<p>La entrada es gratuita para los visitantes discapacitados y los ni\u00f1os menores de 3 a\u00f1os. Tambi\u00e9n se ofrece una entrada gratuita para un adulto acompa\u00f1ante. Las entradas para estas categor\u00edas no est\u00e1n disponibles con antelaci\u00f3n, pero se garantizan a la llegada.<\/p>\n<p><strong>DESCRIPCI\u00d3N DE LA HABITACI\u00d3N :<\/strong><\/p>\n<p><strong>La fuente<\/strong><br \/>\nSum\u00e9rjase en piscinas infinitas sincronizadas con la m\u00fasica, pasee bajo una c\u00fapula encantada y d\u00e9jese cautivar por un espect\u00e1culo de luz y sonido.<\/p>\n<p><strong>Deriva<\/strong><br \/>\nD\u00e9jese llevar entre las estrellas, en un ambiente relajante y sereno, arrullado por suaves sonidos.<\/p>\n<p><strong>Outland<\/strong><br \/>\nDescubra un mundo fant\u00e1stico poblado de avatares y paisajes surrealistas.<\/p>\n<p><strong>Luna<\/strong><br \/>\nInteract\u00fae con paisajes lunares cambiantes que revelan nuevas maravillas a cada paso.<\/p>\n<p><strong>Celestia<\/strong><br \/>\nAdmire un espect\u00e1culo c\u00f3smico en el que constelaciones y nebulosas cobran vida a su alrededor. Este estanque de bolas es perfecto para los ni\u00f1os, ya que les permite jugar mientras exploran un m\u00e1gico universo estrellado.<\/p>\n<p><strong>La piscina<\/strong><br \/>\nCamine en un estanque de luz donde sus movimientos crean ondas de luz y transforman el espacio que le rodea.<\/p>\n<p><strong>El r\u00edo<\/strong><br \/>\nCamine por un r\u00edo digital que reacciona a cada uno de sus pasos, creando coloridas tormentas bajo sus pies.<\/p>\n<p><strong>Las cataratas<\/strong><br \/>\nSea testigo de una cascada surrealista en la que el agua desaf\u00eda la gravedad y fluye hacia arriba.<\/p>\n<p><strong>Mareas<\/strong><br \/>\nDisfrute de una experiencia salpicada de ondas de luz y sonido que le envuelven en armon\u00eda con la m\u00fasica.<\/p>\n<p><strong>Flora<\/strong><br \/>\nSum\u00e9rjase en un jard\u00edn digital en el que las flores reaccionan a su presencia y florecen cuando se acerca.<\/p>\n<p><strong>Harmonia<\/strong><br \/>\nDescubra un espacio relajante donde la m\u00fasica, la luz y la naturaleza se combinan para crear un ambiente armonioso.<\/p>\n<p><strong>Aurora<\/strong><br \/>\nCree su propia sinfon\u00eda de luz y sonido a trav\u00e9s de sus movimientos, convirti\u00e9ndose en el int\u00e9rprete de un ballet c\u00f3smico.<\/p>\n<p>Horario de apertura del parque :<br \/>\nTodos los d\u00edas: de 10:00 a 22:00 (\u00faltima entrada a las 21:00)<\/p>\n<p>Qu\u00e9 incluye la tarifa :<br \/>\nSu entrada a Aya Universe incluyendo todas las salas<\/p>\n<p>Localizaci\u00f3n : Centro comercial Wafi<\/p>","protected":false},"excerpt":{"rendered":"<p>El Universo Aya es una experiencia inmersiva y futurista. Con una extensi\u00f3n de 4.000 metros cuadrados, esta atracci\u00f3n \u00fanica le invita a explorar doce c\u00e1maras tem\u00e1ticas distintas, cada una de las cuales se abre a un universo fascinante. Con diferentes tem\u00e1ticas, Aya Universe combina tecnolog\u00eda y arte para ofrecer experiencias visuales y sonoras...<\/p>","protected":false},"featured_media":2047878,"template":"","meta":[],"product_brand":[],"product_cat":[140,138,552],"product_tag":[],"class_list":{"0":"post-2048228","1":"product","2":"type-product","3":"status-publish","4":"has-post-thumbnail","6":"product_cat-activites","7":"product_cat-activites-en-ville-parcs-dattractions","8":"product_cat-activite-enfant","10":"first","11":"instock","12":"shipping-taxable","13":"purchasable","14":"product-type-simple"},"_links":{"self":[{"href":"https:\/\/soldodubai.com\/es\/wp-json\/wp\/v2\/product\/2048228","targetHints":{"allow":["GET"]}}],"collection":[{"href":"https:\/\/soldodubai.com\/es\/wp-json\/wp\/v2\/product"}],"about":[{"href":"https:\/\/soldodubai.com\/es\/wp-json\/wp\/v2\/types\/product"}],"version-history":[{"count":0,"href":"https:\/\/soldodubai.com\/es\/wp-json\/wp\/v2\/product\/2048228\/revisions"}],"wp:featuredmedia":[{"embeddable":true,"href":"https:\/\/soldodubai.com\/es\/wp-json\/wp\/v2\/media\/2047878"}],"wp:attachment":[{"href":"https:\/\/soldodubai.com\/es\/wp-json\/wp\/v2\/media?parent=2048228"}],"wp:term":[{"taxonomy":"product_brand","embeddable":true,"href":"https:\/\/soldodubai.com\/es\/wp-json\/wp\/v2\/product_brand?post=2048228"},{"taxonomy":"product_cat","embeddable":true,"href":"https:\/\/soldodubai.com\/es\/wp-json\/wp\/v2\/product_cat?post=2048228"},{"taxonomy":"product_tag","embeddable":true,"href":"https:\/\/soldodubai.com\/es\/wp-json\/wp\/v2\/product_tag?post=2048228"}],"curies":[{"name":"wp","href":"https:\/\/api.w.org\/{rel}","templated":true}]}}