{"id":2048260,"date":"2018-10-17T13:16:37","date_gmt":"2018-10-17T12:16:37","guid":{"rendered":"https:\/\/soldodubai.com\/?post_type=product&#038;p=2048260"},"modified":"2024-12-21T01:06:03","modified_gmt":"2024-12-21T00:06:03","slug":"passeiodeiatepartilhado-2","status":"publish","type":"product","link":"https:\/\/soldodubai.com\/es\/p\/passeiodeiatepartilhado-2\/","title":{"rendered":"FIESTA EN YATE"},"content":{"rendered":"<p><strong><span style=\"font-size: 14pt;\">Viaje en yate sin nadar<\/span> <\/strong><br \/>\nDisfrute de un viaje en un superyate y combine la fiesta con el descubrimiento de la costa de Dubai. Durante este paseo en barco, podr\u00e1 disfrutar de una sabrosa barbacoa preparada en directo en el barco, as\u00ed como de hamburguesas americanas y otros aperitivos. Un DJ en cubierta encender\u00e1 la pista de baile del barco y se encargar\u00e1 de que se lo pase en grande, mientras disfruta de una incre\u00edble vista de los rascacielos del puerto deportivo de Dubai, la bah\u00eda de JBR y el puente de Palm Jumeirah antes de llegar al Burj Al Arab (el itinerario puede modificarse en caso de mal tiempo, pero el proveedor del servicio se lo comunicar\u00e1 cuando llegue al barco).<\/p>\n<p>-Reservado para adultos mayores de 21 a\u00f1os<br \/>\n-De 21h00 a 01h00<br \/>\n-Capacidad del barco 25 y 45 personas seg\u00fan el modelo. La embarcaci\u00f3n se adapta al n\u00famero de participantes.<br \/>\n-C\u00f3digo de vestimenta: chic e informal<\/p>\n<p><strong>Composici\u00f3n de la barbacoa:<\/strong><br \/>\nBrochetas de ternera y pollo<br \/>\nHamburguesa de ternera<br \/>\nrefrescos y agua<\/p>\n<p><strong>Qu\u00e9 incluye la tarifa:<\/strong><br \/>\nEl recorrido de 4 horas<br \/>\nBarbacoa todo lo que pueda comer<br \/>\nBebidas alcoh\u00f3licas y no alcoh\u00f3licas ilimitadas<br \/>\nLa tripulaci\u00f3n a bordo<\/p>\n<p><strong>Ubicaci\u00f3n:<\/strong> Puerto deportivo de Dubai<\/p>","protected":false},"excerpt":{"rendered":"<p>Disfrute de un viaje en un superyate y combine la fiesta con el descubrimiento de la costa de Dubai. Durante este paseo en barco, podr\u00e1 disfrutar de una sabrosa barbacoa preparada en directo en el barco, as\u00ed como de hamburguesas americanas y otros aperitivos.<\/p>","protected":false},"featured_media":2048261,"template":"","meta":[],"product_brand":[],"product_cat":[150,553],"product_tag":[],"class_list":{"0":"post-2048260","1":"product","2":"type-product","3":"status-publish","4":"has-post-thumbnail","6":"product_cat-parc-dattractions-aquatiques","7":"product_cat-activite-couple","9":"first","10":"instock","11":"shipping-taxable","12":"purchasable","13":"product-type-simple"},"_links":{"self":[{"href":"https:\/\/soldodubai.com\/es\/wp-json\/wp\/v2\/product\/2048260","targetHints":{"allow":["GET"]}}],"collection":[{"href":"https:\/\/soldodubai.com\/es\/wp-json\/wp\/v2\/product"}],"about":[{"href":"https:\/\/soldodubai.com\/es\/wp-json\/wp\/v2\/types\/product"}],"version-history":[{"count":0,"href":"https:\/\/soldodubai.com\/es\/wp-json\/wp\/v2\/product\/2048260\/revisions"}],"wp:featuredmedia":[{"embeddable":true,"href":"https:\/\/soldodubai.com\/es\/wp-json\/wp\/v2\/media\/2048261"}],"wp:attachment":[{"href":"https:\/\/soldodubai.com\/es\/wp-json\/wp\/v2\/media?parent=2048260"}],"wp:term":[{"taxonomy":"product_brand","embeddable":true,"href":"https:\/\/soldodubai.com\/es\/wp-json\/wp\/v2\/product_brand?post=2048260"},{"taxonomy":"product_cat","embeddable":true,"href":"https:\/\/soldodubai.com\/es\/wp-json\/wp\/v2\/product_cat?post=2048260"},{"taxonomy":"product_tag","embeddable":true,"href":"https:\/\/soldodubai.com\/es\/wp-json\/wp\/v2\/product_tag?post=2048260"}],"curies":[{"name":"wp","href":"https:\/\/api.w.org\/{rel}","templated":true}]}}