{"id":2048277,"date":"2015-01-01T15:00:18","date_gmt":"2015-01-01T14:00:18","guid":{"rendered":"https:\/\/soldodubai.com\/?post_type=product&#038;p=2048277"},"modified":"2025-01-27T03:40:35","modified_gmt":"2025-01-27T02:40:35","slug":"tour-com-guia","status":"publish","type":"product","link":"https:\/\/soldodubai.com\/es\/p\/tour-com-guia\/","title":{"rendered":"Tour com Guia em Dubai"},"content":{"rendered":"<div class=\"page\" title=\"P\u00e1gina 1\">\n<div class=\"layoutArea\">\n<div class=\"column\">\n<p><strong>EXCURSI\u00d3N DE UN D\u00cdA COMPLETO EN DUBAI (08 HORAS)<\/strong><\/p>\n<p>Descubra el encanto de Dubai en una excursi\u00f3n de 8 a 9 horas que explora tanto la parte antigua como la nueva de la ciudad. Esta jornada ofrece una visi\u00f3n \u00fanica del pasado, presente y futuro de uno de los destinos m\u00e1s emblem\u00e1ticos del mundo.<\/p>\n<p><strong>ANTIGO DUBAI:<\/strong><\/p>\n<p>A come\u00e7a aventura com a sa\u00edda do hotel, com uma parada para fotos no Zabeel Palace, a resid\u00eancia oficial de Sua Alteza Sheikh Mohammed bin Rashid Al Maktoum, o governante de Dubai.<\/p>\n<p>A continuaci\u00f3n, visitaremos el barrio hist\u00f3rico de Al Fahidi, el m\u00e1s antiguo de Dubai. Aqu\u00ed, tendr\u00e1 una vislumbre de c\u00f3mo era la vida en la ciudad antes de la descoberta del petr\u00f3leo, con su humilde origen como puerto de pescadores y comerciantes de petr\u00f3leos. D\u00e9 un paseo por las interminables ruinas y absorba la aut\u00e9ntica atm\u00f3sfera de este bairro hist\u00f3rico.<\/p>\n<p>Continuando la jornada por el pasado, caminar\u00e1 por los mercados tradicionales, conocidos como zocos, donde podr\u00e1 encontrar una gran variedad de art\u00edculos t\u00edpicos y experimentar el arte del comercio al estilo \u00e1rabe. Entre los mercados visitados est\u00e1n el Mercado dos T\u00eaxteis (Zoco de los Textiles), el Mercado das Especiarias (Zoco de las Especias) y el famoso Mercado do Ouro (Zoco del Oro), donde podr\u00e1 ver el mayor anel de ouro del mundo, el Najmat Taiba, que det\u00e9m o record no Guinness.<\/p>\n<p>Entre visita y visita de los mercados, podr\u00e1 dar un paseo en un abra, el tradicional barco emirat\u00ed, cruzando el Dubai Creek, un brazo de mar natural del Golfo Ar\u00e1bigo que corta la ciudad en dos. Esta traves\u00eda ofrece una experiencia aut\u00e9ntica y una visi\u00f3n diferente de la ciudad.<\/p>\n<p>Antes de regresar al hotel, haremos una parada para tomar fotos en la Mezquita de Jumeirah, una de las mezquitas m\u00e1s emblem\u00e1ticas de Dubai, construida al estilo tradicional Fat\u00edmida e inaugurada en 1979.<\/p>\n<p><strong>DUBAI NOVO:<\/strong><\/p>\n<p>Tras atravesar la antigua ciudad de Dubai, seguimos explorando el lado moderno e innovador de la ciudad. A primeira parada \u00e9 em Dubai Marina, um dos distritos mais impressionantes, lar de uma das maiores marinas artificiais do mundo. Aqu\u00ed, las aguas del Golfo Ar\u00e1bico se trazan a trav\u00e9s del coraz\u00f3n de la ciudad, creando una nueva orla rodeada de edificios emblem\u00e1ticos como la famosa Torre Cayan, conocida por su singular antorcha.<\/p>\n<p>A continuaci\u00f3n, visitaremos la rec\u00e9m-inaugurada Isla Bluewaters, una isla artificial que abarca \u00e1reas residenciales, de lazer,<\/p>\n<\/div>\n<\/div>\n<\/div>\n<div class=\"page\" title=\"P\u00e1gina 2\">\n<div class=\"layoutArea\">\n<div class=\"column\">\n<p>entretenimento e hot\u00e9is. Aqu\u00ed encontrar\u00e1 el Ain Dubai, o el Ojo de Dubai, el mayor rodeo gigante del mundo, con una altura de 250 metros. Haremos algunas fotos, pero la torre a\u00fan no ha sido inaugurada.<\/p>\n<p>Seguimos hacia la famosa Palm Jumeirah, una isla artificial en forma de palmera, donde haremos una parada para fotos en The Pointe, un nuevo centro de ocio de la ciudad, con vistas deslumbrantes al Hotel Atlantis The Palm.<\/p>\n<p>Nuestra pr\u00f3xima parada es en el zoco Madinat Jumeirah, uno de los lugares m\u00e1s encantadores de Dubai, conocido por su arquitectura y decoraci\u00f3n que mezclan el encanto \u00e1rabe con toques modernos. Este zoco, que forma parte del complejo tur\u00edstico Madinat Jumeirah, ofrece unas vistas espectaculares del emblem\u00e1tico Burj Al Arab.<\/p>\n<p>Por \u00faltimo, concluiremos el paseo con una parada para hacer fotos junto al Burj Al Arab, el famoso hotel de siete estrellas inaugurado en 1999. Con su silueta distinta en forma de vela de dhow \u00e1rabe, el Burj Al Arab es un s\u00edmbolo del Dubai moderno. Erguido en una isla artificial a 280 metros de la costa de Jumeirah, el hotel alcanza una impresionante altura de 321 metros, dominando el paisaje.<\/p>\n<p>Tras un d\u00eda repleto de descubrimientos y experiencias inigualables, regresamos a nuestro hotel.<\/p>\n<\/div>\n<\/div>\n<\/div>","protected":false},"excerpt":{"rendered":"<p>EXCURS\u00c3O DE DIA COMPLETO EN DUBAI (08 HORAS) Descubra el encanto de Dubai en una excursi\u00f3n de 8 a 9 horas que explora tanto la parte antigua como la nueva de la ciudad. Esta jornada le ofrece una visi\u00f3n \u00fanica del pasado, presente y futuro de una...<\/p>","protected":false},"featured_media":2048296,"template":"","meta":[],"product_brand":[],"product_cat":[140,138,449,457],"product_tag":[],"class_list":{"0":"post-2048277","1":"product","2":"type-product","3":"status-publish","4":"has-post-thumbnail","6":"product_cat-activites","7":"product_cat-activites-en-ville-parcs-dattractions","8":"product_cat-activities","9":"product_cat-city-activities-amusement-parks","11":"first","12":"instock","13":"shipping-taxable","14":"purchasable","15":"product-type-simple"},"_links":{"self":[{"href":"https:\/\/soldodubai.com\/es\/wp-json\/wp\/v2\/product\/2048277","targetHints":{"allow":["GET"]}}],"collection":[{"href":"https:\/\/soldodubai.com\/es\/wp-json\/wp\/v2\/product"}],"about":[{"href":"https:\/\/soldodubai.com\/es\/wp-json\/wp\/v2\/types\/product"}],"version-history":[{"count":0,"href":"https:\/\/soldodubai.com\/es\/wp-json\/wp\/v2\/product\/2048277\/revisions"}],"wp:featuredmedia":[{"embeddable":true,"href":"https:\/\/soldodubai.com\/es\/wp-json\/wp\/v2\/media\/2048296"}],"wp:attachment":[{"href":"https:\/\/soldodubai.com\/es\/wp-json\/wp\/v2\/media?parent=2048277"}],"wp:term":[{"taxonomy":"product_brand","embeddable":true,"href":"https:\/\/soldodubai.com\/es\/wp-json\/wp\/v2\/product_brand?post=2048277"},{"taxonomy":"product_cat","embeddable":true,"href":"https:\/\/soldodubai.com\/es\/wp-json\/wp\/v2\/product_cat?post=2048277"},{"taxonomy":"product_tag","embeddable":true,"href":"https:\/\/soldodubai.com\/es\/wp-json\/wp\/v2\/product_tag?post=2048277"}],"curies":[{"name":"wp","href":"https:\/\/api.w.org\/{rel}","templated":true}]}}