{"id":2048291,"date":"2024-12-20T02:41:03","date_gmt":"2024-12-20T01:41:03","guid":{"rendered":"https:\/\/soldodubai.com\/?post_type=product&#038;p=2048291"},"modified":"2025-01-27T03:40:13","modified_gmt":"2025-01-27T02:40:13","slug":"tour-com-guia-em-abu-dhabi","status":"publish","type":"product","link":"https:\/\/soldodubai.com\/es\/p\/tour-com-guia-em-abu-dhabi\/","title":{"rendered":"Tour com Guia em Abu Dhabi"},"content":{"rendered":"<div class=\"page\" title=\"P\u00e1gina 1\">\n<div class=\"layoutArea\">\n<div class=\"column\">\n<p><strong>EXCURS\u00c3O DE DIA COMPLETO EM ABU DHABI (08 HORAS) com guia em portugu\u00eas<\/strong><\/p>\n<p>Explore el rico pasado, el vibrante presente y el emocionante futuro de Abu Dhabi en una excursi\u00f3n de 8 a 9 horas por el mayor emirato de los Emiratos \u00c1rabes Unidos. Tras embarcar en su hotel de Dubai, viajar\u00e1 por la costa del Golfo hasta Abu Dhabi, donde escuchar\u00e1 historias fascinantes sobre una de las ciudades m\u00e1s bellas del mundo.<\/p>\n<p>La primera parada ser\u00e1 en la majestuosa Gran Mezquita Sheikh Zayed, uno de los marcos m\u00e1s ic\u00f3nicos de Abu Dhabi. Admire la impresionante estructura de mamposter\u00eda blanca de la mesquita, que cuenta con 82 luces, magn\u00edficas l\u00e1mparas de ara\u00f1a e intrincados adornos florales. No se pierda la oportunidad de ver la cinta persa m\u00e1s grande del mundo, que adorna el interior de la mesquita.<\/p>\n<p>Despu\u00e9s, daremos un paseo por la Corniche de Abu Dhabi, donde podr\u00e1 disfrutar de vistas panor\u00e1micas del Golfo P\u00e9rsico y admirar las aguas cristalinas del puerto. El recorrido contin\u00faa hacia el lujoso Pal\u00e1cio dos Emirados, el palacio oficial del gobierno de Abu Dhabi. A continuaci\u00f3n visitaremos otro de los lugares emblem\u00e1ticos de la ciudad, las Torres Etihad, famosas por su llamativa arquitectura. Si asiste a la pel\u00edcula 'Furious 7', reconocer\u00e1 las torres inmediatamente.<\/p>\n<p>La parada siguiente ser\u00e1 para el almuerzo (no incluido en el valor del tour) en un restaurante a definir en Abu Dhabi.<\/p>\n<p>Despu\u00e9s del alboroto, visitaremos el Heritage Village, donde se transportar\u00e1 de vuelta en el tiempo para explorar el enigm\u00e1tico estilo de vida beduino y la rica historia de los Emiratos \u00c1rabes Unidos. Este pueblo tradicional ofrece una visi\u00f3n de c\u00f3mo era la vida de los emirat\u00edes antes del boom del petr\u00f3leo, con sus caba\u00f1as de piedra, sus tiendas beduinas y sus casas construidas con hojas de palmera. En la Aldea del Patrimonio podr\u00e1 descubrir los trajes y tradiciones ancestrales del pa\u00eds, as\u00ed como las particularidades de sus casas antiguas, artesanatos y viviendas.<\/p>\n<p>Tras esta rica experiencia cultural, iniciaremos el viaje de regreso a Dubai.<\/p>\n<\/div>\n<\/div>\n<\/div>","protected":false},"excerpt":{"rendered":"<p>EXCURS\u00c3O DE DIA COMPLETO EM ABU DHABI (08 HORAS) com guia em portugu\u00eas Explore o passado rico, o presente vibrante e o futuro emocionante de Abu Dhabi em uma excurs\u00e3o de 8 a 9 horas pelo maior emirado dos Emirados \u00c1rabes Unidos. Tras embarcar...<\/p>","protected":false},"featured_media":2048297,"template":"","meta":[],"product_brand":[],"product_cat":[140,138,553,449,457],"product_tag":[],"class_list":{"0":"post-2048291","1":"product","2":"type-product","3":"status-publish","4":"has-post-thumbnail","6":"product_cat-activites","7":"product_cat-activites-en-ville-parcs-dattractions","8":"product_cat-activite-couple","9":"product_cat-activities","10":"product_cat-city-activities-amusement-parks","12":"first","13":"instock","14":"shipping-taxable","15":"purchasable","16":"product-type-simple"},"_links":{"self":[{"href":"https:\/\/soldodubai.com\/es\/wp-json\/wp\/v2\/product\/2048291","targetHints":{"allow":["GET"]}}],"collection":[{"href":"https:\/\/soldodubai.com\/es\/wp-json\/wp\/v2\/product"}],"about":[{"href":"https:\/\/soldodubai.com\/es\/wp-json\/wp\/v2\/types\/product"}],"version-history":[{"count":0,"href":"https:\/\/soldodubai.com\/es\/wp-json\/wp\/v2\/product\/2048291\/revisions"}],"wp:featuredmedia":[{"embeddable":true,"href":"https:\/\/soldodubai.com\/es\/wp-json\/wp\/v2\/media\/2048297"}],"wp:attachment":[{"href":"https:\/\/soldodubai.com\/es\/wp-json\/wp\/v2\/media?parent=2048291"}],"wp:term":[{"taxonomy":"product_brand","embeddable":true,"href":"https:\/\/soldodubai.com\/es\/wp-json\/wp\/v2\/product_brand?post=2048291"},{"taxonomy":"product_cat","embeddable":true,"href":"https:\/\/soldodubai.com\/es\/wp-json\/wp\/v2\/product_cat?post=2048291"},{"taxonomy":"product_tag","embeddable":true,"href":"https:\/\/soldodubai.com\/es\/wp-json\/wp\/v2\/product_tag?post=2048291"}],"curies":[{"name":"wp","href":"https:\/\/api.w.org\/{rel}","templated":true}]}}