{"id":23303,"date":"2019-12-29T18:21:00","date_gmt":"2019-12-29T17:21:00","guid":{"rendered":"http:\/\/13.36.35.205\/?post_type=product&#038;p=23303"},"modified":"2024-08-02T16:41:29","modified_gmt":"2024-08-02T15:41:29","slug":"sessaofotograficaflyingdress","status":"publish","type":"product","link":"https:\/\/soldodubai.com\/es\/p\/sessaofotograficaflyingdress\/","title":{"rendered":"SESI\u00d3N DE FOTOS CON VESTIDO VOLADOR"},"content":{"rendered":"<p style=\"text-align: justify;\">Inmortalice y disfrute de un momento maravilloso en el coraz\u00f3n del desierto, en el centro de la ciudad con vistas al Burj Khalifa o en la playa.  Tambi\u00e9n puede elegir otro lugar si tiene permiso. Luzca su mejor aspecto con uno de los Vestidos Volantes en el color de su elecci\u00f3n. Una experiencia \u00fanica en el desierto para disfrutar sola, en pareja, en familia o con amigos, y rodeada de un equipo de mujeres 100% para su comodidad.<\/p>\n<p>Si elige la opci\u00f3n de maquillaje y peluquer\u00eda, este servicio tendr\u00e1 lugar en su habitaci\u00f3n de hotel o apartamento. Este servicio tendr\u00e1 lugar entre 2 y 2,5 horas antes de la hora de la sesi\u00f3n de fotos.<\/p>\n<p style=\"text-align: justify;\">El pack individual, madre\/hija y pareja incluye fotos individuales y de d\u00fao\/pareja:<\/p>\n<ul>\n<li style=\"text-align: justify;\">El buggy taxi a la duna<\/li>\n<li>El vestido de su elecci\u00f3n, O 1 vestido de adulto y 1 vestido de ni\u00f1o hasta los 12 a\u00f1os para el paquete madre\/hija<\/li>\n<li>1 kandura masculina con keffiyeh (no obligatoria)<\/li>\n<li>La sesi\u00f3n de fotos de 1 hora<\/li>\n<li>Todas las fotos tomadas<\/li>\n<li>10 fotos retocadas<\/li>\n<\/ul>\n<p style=\"text-align: justify;\">El pack d\u00fao incluye fotos individuales y d\u00fao:<\/p>\n<ul>\n<li style=\"text-align: justify;\">El buggy taxi a la duna<\/li>\n<li>2 vestidos de su elecci\u00f3n<\/li>\n<li>La sesi\u00f3n de fotos de 1 hora<\/li>\n<li>Todas las fotos tomadas<\/li>\n<li>14 fotos retocadas<\/li>\n<\/ul>\n<p style=\"text-align: justify;\">El paquete para 3 personas incluye fotos individuales y de grupo:<\/p>\n<ul>\n<li style=\"text-align: justify;\">El buggy taxi a la duna<\/li>\n<li>El vestido de su elecci\u00f3n<\/li>\n<li>La sesi\u00f3n de fotos de hora y media<\/li>\n<li>Todas las fotos tomadas<\/li>\n<li>18 fotos retocadas<\/li>\n<\/ul>\n<p style=\"text-align: justify;\">Colores de vestido disponibles :<\/p>\n<ul>\n<li>Rosa fucsia<\/li>\n<li>Rojo<\/li>\n<li>Amarillo<\/li>\n<li>Azul turquesa<\/li>\n<li>Azul turquesa metalizado<\/li>\n<li>Blanche<\/li>\n<li>Oro rosa<\/li>\n<li>Violette<\/li>\n<li>Verde esmeralda<\/li>\n<li>Azul real<\/li>\n<li>Azul real metalizado<\/li>\n<li>Bicolor rosa empolvado y azul cielo<\/li>\n<li>Naranja<\/li>\n<li>Negro<\/li>\n<\/ul>\n<p>Las tallas son ajustables de la XS a la XXXL.<\/p>\n<p>&nbsp;<\/p>\n<div id=\"ypm-extension\" class=\"ypm-extension\"><\/div>","protected":false},"excerpt":{"rendered":"<p>&nbsp;<\/p>\n<div id=\"ypm-extension\" class=\"ypm-extension\"><\/div>\n<div id=\"ypm-extension\" class=\"ypm-extension\"><\/div>\n<div id=\"ypm-extension\" class=\"ypm-extension\"><\/div>\n<div id=\"ypm-extension\" class=\"ypm-extension\"><\/div>","protected":false},"featured_media":2026864,"template":"","meta":[],"product_brand":[],"product_cat":[140,437,536,553],"product_tag":[],"class_list":{"0":"post-23303","1":"product","2":"type-product","3":"status-publish","4":"has-post-thumbnail","6":"product_cat-activites","7":"product_cat-activites-dans-le-desert-activites","8":"product_cat-activites-dans-le-desert","9":"product_cat-activite-couple","11":"first","12":"instock","13":"virtual","14":"purchasable","15":"product-type-simple"},"_links":{"self":[{"href":"https:\/\/soldodubai.com\/es\/wp-json\/wp\/v2\/product\/23303","targetHints":{"allow":["GET"]}}],"collection":[{"href":"https:\/\/soldodubai.com\/es\/wp-json\/wp\/v2\/product"}],"about":[{"href":"https:\/\/soldodubai.com\/es\/wp-json\/wp\/v2\/types\/product"}],"version-history":[{"count":0,"href":"https:\/\/soldodubai.com\/es\/wp-json\/wp\/v2\/product\/23303\/revisions"}],"wp:featuredmedia":[{"embeddable":true,"href":"https:\/\/soldodubai.com\/es\/wp-json\/wp\/v2\/media\/2026864"}],"wp:attachment":[{"href":"https:\/\/soldodubai.com\/es\/wp-json\/wp\/v2\/media?parent=23303"}],"wp:term":[{"taxonomy":"product_brand","embeddable":true,"href":"https:\/\/soldodubai.com\/es\/wp-json\/wp\/v2\/product_brand?post=23303"},{"taxonomy":"product_cat","embeddable":true,"href":"https:\/\/soldodubai.com\/es\/wp-json\/wp\/v2\/product_cat?post=23303"},{"taxonomy":"product_tag","embeddable":true,"href":"https:\/\/soldodubai.com\/es\/wp-json\/wp\/v2\/product_tag?post=23303"}],"curies":[{"name":"wp","href":"https:\/\/api.w.org\/{rel}","templated":true}]}}