{"id":18341,"date":"2019-12-23T09:35:37","date_gmt":"2019-12-23T09:35:37","guid":{"rendered":"https:\/\/bridge300.qodeinteractive.com\/?page_id=18341"},"modified":"2025-04-18T20:05:19","modified_gmt":"2025-04-18T19:05:19","slug":"sdb-mag","status":"publish","type":"page","link":"https:\/\/soldodubai.com\/pt\/sdb-mag\/","title":{"rendered":"Sol do DubaiMAG"},"content":{"rendered":"<div data-elementor-type=\"wp-page\" data-elementor-id=\"18341\" class=\"elementor elementor-18341\">\n\t\t\t\t\t\t<section class=\"elementor-section elementor-top-section elementor-element elementor-element-ac3c99e elementor-section-full_width elementor-section-stretched elementor-section-height-default elementor-section-height-default parallax_section_no qode_elementor_container_no\" data-id=\"ac3c99e\" data-element_type=\"section\" data-e-type=\"section\" data-settings=\"{&quot;stretch_section&quot;:&quot;section-stretched&quot;}\">\n\t\t\t\t\t\t<div class=\"elementor-container elementor-column-gap-default\">\n\t\t\t\t\t<div class=\"elementor-column elementor-col-100 elementor-top-column elementor-element elementor-element-ccb5d09\" data-id=\"ccb5d09\" data-element_type=\"column\" data-e-type=\"column\">\n\t\t\t<div class=\"elementor-widget-wrap elementor-element-populated\">\n\t\t\t\t\t\t<div class=\"elementor-element elementor-element-f2b4352 elementor-widget elementor-widget-heading\" data-id=\"f2b4352\" data-element_type=\"widget\" data-e-type=\"widget\" data-widget_type=\"heading.default\">\n\t\t\t\t<div class=\"elementor-widget-container\">\n\t\t\t\t\t<h2 class=\"elementor-heading-title elementor-size-default\">TODOS OS NOSSOS CONSELHOS<\/h2>\t\t\t\t<\/div>\n\t\t\t\t<\/div>\n\t\t\t\t<div class=\"elementor-element elementor-element-d8a2aab elementor-widget elementor-widget-html\" data-id=\"d8a2aab\" data-element_type=\"widget\" data-e-type=\"widget\" data-widget_type=\"html.default\">\n\t\t\t\t<div class=\"elementor-widget-container\">\n\t\t\t\t\t<style>\n@media only screen and (max-width: 767px){\n    .blog_holder.blog_pinterest{\n        margin: 0 2px!important;\n        width: 100%!important;\n    }\n}\n<\/style>\t\t\t\t<\/div>\n\t\t\t\t<\/div>\n\t\t\t\t<div class=\"elementor-element elementor-element-5d3bf2c elementor-widget-divider--view-line elementor-widget elementor-widget-divider\" data-id=\"5d3bf2c\" data-element_type=\"widget\" data-e-type=\"widget\" data-widget_type=\"divider.default\">\n\t\t\t\t<div class=\"elementor-widget-container\">\n\t\t\t\t\t\t\t<div class=\"elementor-divider\">\n\t\t\t<span class=\"elementor-divider-separator\">\n\t\t\t\t\t\t<\/span>\n\t\t<\/div>\n\t\t\t\t\t\t<\/div>\n\t\t\t\t<\/div>\n\t\t\t\t\t<\/div>\n\t\t<\/div>\n\t\t\t\t\t<\/div>\n\t\t<\/section>\n\t\t\t\t<section class=\"elementor-section elementor-top-section elementor-element elementor-element-acfc9d8 elementor-section-boxed elementor-section-height-default elementor-section-height-default parallax_section_no qode_elementor_container_no\" data-id=\"acfc9d8\" data-element_type=\"section\" data-e-type=\"section\">\n\t\t\t\t\t\t<div class=\"elementor-container elementor-column-gap-default\">\n\t\t\t\t\t<div class=\"elementor-column elementor-col-100 elementor-top-column elementor-element elementor-element-20fe98a\" data-id=\"20fe98a\" data-element_type=\"column\" data-e-type=\"column\">\n\t\t\t<div class=\"elementor-widget-wrap elementor-element-populated\">\n\t\t\t\t\t\t<div class=\"elementor-element elementor-element-54869c8 title_position_default title_hover_border_default title-default img_hover_animation_default grid-hover-overlay-type-always tpg-el-box-border-enable tpg-border-bottom-disable elementor-widget elementor-widget-tpg-grid-layout\" data-id=\"54869c8\" data-element_type=\"widget\" data-e-type=\"widget\" data-widget_type=\"tpg-grid-layout.default\">\n\t\t\t\t<div class=\"elementor-widget-container\">\n\t\t\t\t\t\t\t<div class=\"rt-container-fluid rt-tpg-container tpg-el-main-wrapper clearfix grid-layout4-main\"\n\t\t\t id=\"rt-tpg-container-904246355\"\n\t\t\t data-layout=\"grid-layout4\"\n\t\t\t data-grid-style=\"tpg-full-height\"\n\t\t\t data-sc-id=\"elementor\"\n\t\t\t data-el-settings=''\n\t\t\t data-el-query=''\n\t\t\t data-el-path=''\n\t\t>\n\t\t\t\t\t\t<div class='tpg-header-wrapper'>\n\t\t\t\t\t\t\t<\/div>\n\n\t\t\t<div data-title=\"Loading ...\" class=\"rt-row rt-content-loader grid-layout4 grid-behaviour tpg-full-height grid_layout_wrapper\">\n\t\t\t\t\n<div class=\"rt-col-md-4 rt-col-sm-6 rt-col-xs-12 default rt-grid-item\" data-id=\"2036687\">\n\t<div class=\"rt-holder tpg-post-holder\">\n\t\t<div class=\"rt-detail rt-el-content-wrapper\">\n\t\t\t\t\t\t\t<div class=\"rt-img-holder tpg-el-image-wrap has-thumbnail\">\n\t\t\t\t\t<a data-id=\"2036687\" href=\"https:\/\/soldodubai.com\/pt\/actividades-com-menos-de-100-euros-copia-copia-copia-copia-copia-copia-copia-copia-copia\/\" class=\"tpg-post-link\" target=\"_self\">                        <img fetchpriority=\"high\" decoding=\"async\" src=\"https:\/\/soldodubai.com\/wp-content\/uploads\/2022\/08\/SAFARI-DUBAI-DESER-DUBAI-QUAD-BUGGY-SAFARI-AT-THE-TOP-ATLANTIS-BURJ-KHALIFA-DUBAI-MALL.jpg\"\n                             class=\"rt-img-responsive\"\n                             width=\"768\"\n                             height=\"975\"\n                             alt=\"O QUE SE PODE FAZER EM DUBAI EM 48 HORAS?\">\n\t\t\t\t\t\t\n\t\t\t\t\t\t\t\n\t\t<\/a>\n\t\t        <div class=\"overlay grid-hover-content\"><\/div>\n\t\t\t\t\t\t<\/div>\n\t\t\t\n\t\t\t<div class=\"entry-title-wrapper\"><h3 class=\"entry-title\"><a data-id=\"2036687\" href=\"https:\/\/soldodubai.com\/pt\/actividades-com-menos-de-100-euros-copia-copia-copia-copia-copia-copia-copia-copia-copia\/\" class=\"tpg-post-link\" target=\"_self\">O QUE SE PODE FAZER EM DUBAI EM 48 HORAS?<\/a><\/h3><\/div>\n\t\t\t\n\t\t\t\t\t\t\t<div class=\"tpg-excerpt tpg-el-excerpt\">\n\t\t\t\t\t\t\t\t\t\t\t<div class=\"tpg-excerpt-inner\">\n\t\t\t\t\t\t\tCombine todas as actividades e visitas abaixo em 48 horas para tirar o m\u00e1ximo partido do Dubai: \u00e9 poss\u00edvel visitar o centro da cidade do Dubai, depois a sua costa e, finalmente, o deserto do...\t\t\t\t\t\t<\/div>\n\t\t\t\t\t\t\t\t\t\t\t\t\t\t<\/div>\n\t\t\t\n\t\t\t\t\t<\/div>\n\t<\/div>\n<\/div>\n\n<div class=\"rt-col-md-4 rt-col-sm-6 rt-col-xs-12 default rt-grid-item\" data-id=\"2036681\">\n\t<div class=\"rt-holder tpg-post-holder\">\n\t\t<div class=\"rt-detail rt-el-content-wrapper\">\n\t\t\t\t\t\t\t<div class=\"rt-img-holder tpg-el-image-wrap has-thumbnail\">\n\t\t\t\t\t<a data-id=\"2036681\" href=\"https:\/\/soldodubai.com\/pt\/actividades-com-menos-de-100-euros-copia-copia-copia-copia-copia-copia-copia\/\" class=\"tpg-post-link\" target=\"_self\">                        <img decoding=\"async\" src=\"https:\/\/soldodubai.com\/wp-content\/uploads\/2022\/08\/DUBAI-BEACH-.jpg\"\n                             class=\"rt-img-responsive\"\n                             width=\"768\"\n                             height=\"512\"\n                             alt=\"VIAJAR SOZINHO NO DUBAI\">\n\t\t\t\t\t\t\n\t\t\t\t\t\t\t\n\t\t<\/a>\n\t\t        <div class=\"overlay grid-hover-content\"><\/div>\n\t\t\t\t\t\t<\/div>\n\t\t\t\n\t\t\t<div class=\"entry-title-wrapper\"><h3 class=\"entry-title\"><a data-id=\"2036681\" href=\"https:\/\/soldodubai.com\/pt\/actividades-com-menos-de-100-euros-copia-copia-copia-copia-copia-copia-copia\/\" class=\"tpg-post-link\" target=\"_self\">VIAJAR SOZINHO NO DUBAI<\/a><\/h3><\/div>\n\t\t\t\n\t\t\t\t\t\t\t<div class=\"tpg-excerpt tpg-el-excerpt\">\n\t\t\t\t\t\t\t\t\t\t\t<div class=\"tpg-excerpt-inner\">\n\t\t\t\t\t\t\tViajar sozinho no Dubai est\u00e1 longe de ser aborrecido. H\u00e1 muitas actividades, visitas e descobertas para quem viaja sozinho. Da divers\u00e3o ao relaxamento, a escolha \u00e9 sua...\t\t\t\t\t\t<\/div>\n\t\t\t\t\t\t\t\t\t\t\t\t\t\t<\/div>\n\t\t\t\n\t\t\t\t\t<\/div>\n\t<\/div>\n<\/div>\n\n<div class=\"rt-col-md-4 rt-col-sm-6 rt-col-xs-12 default rt-grid-item\" data-id=\"2036675\">\n\t<div class=\"rt-holder tpg-post-holder\">\n\t\t<div class=\"rt-detail rt-el-content-wrapper\">\n\t\t\t\t\t\t\t<div class=\"rt-img-holder tpg-el-image-wrap has-thumbnail\">\n\t\t\t\t\t<a data-id=\"2036675\" href=\"https:\/\/soldodubai.com\/pt\/actividades-com-menos-de-100-euros-copia-copia-copia-copia-copia-copia\/\" class=\"tpg-post-link\" target=\"_self\">                        <img decoding=\"async\" src=\"https:\/\/soldodubai.com\/wp-content\/uploads\/2022\/08\/dubai-.jpg\"\n                             class=\"rt-img-responsive\"\n                             width=\"768\"\n                             height=\"513\"\n                             alt=\"TRANSPORTES EM DUBAI\">\n\t\t\t\t\t\t\n\t\t\t\t\t\t\t\n\t\t<\/a>\n\t\t        <div class=\"overlay grid-hover-content\"><\/div>\n\t\t\t\t\t\t<\/div>\n\t\t\t\n\t\t\t<div class=\"entry-title-wrapper\"><h3 class=\"entry-title\"><a data-id=\"2036675\" href=\"https:\/\/soldodubai.com\/pt\/actividades-com-menos-de-100-euros-copia-copia-copia-copia-copia-copia\/\" class=\"tpg-post-link\" target=\"_self\">TRANSPORTES EM DUBAI<\/a><\/h3><\/div>\n\t\t\t\n\t\t\t\t\t\t\t<div class=\"tpg-excerpt tpg-el-excerpt\">\n\t\t\t\t\t\t\t\t\t\t\t<div class=\"tpg-excerpt-inner\">\n\t\t\t\t\t\t\tT\u00c1XI: Os t\u00e1xis s\u00e3o uma boa forma de visitar o Dubai se ficar apenas alguns dias. A op\u00e7\u00e3o mais barata \u00e9 o metro, mas este demora mais tempo e n\u00e3o serve as praias. Os t\u00e1xis...\t\t\t\t\t\t<\/div>\n\t\t\t\t\t\t\t\t\t\t\t\t\t\t<\/div>\n\t\t\t\n\t\t\t\t\t<\/div>\n\t<\/div>\n<\/div>\n\n<div class=\"rt-col-md-4 rt-col-sm-6 rt-col-xs-12 default rt-grid-item\" data-id=\"2036669\">\n\t<div class=\"rt-holder tpg-post-holder\">\n\t\t<div class=\"rt-detail rt-el-content-wrapper\">\n\t\t\t\t\t\t\t<div class=\"rt-img-holder tpg-el-image-wrap has-thumbnail\">\n\t\t\t\t\t<a data-id=\"2036669\" href=\"https:\/\/soldodubai.com\/pt\/actividades-com-menos-de-100-euros-copia-copia-copia-copia-copia\/\" class=\"tpg-post-link\" target=\"_self\">                        <img loading=\"lazy\" decoding=\"async\" src=\"https:\/\/soldodubai.com\/wp-content\/uploads\/2022\/08\/RESTAURANT-DUBAI-HOTEL-DUBAI-AQUAVNTURE-ATLANTIS-BURJ-KHALIFA-NIKKI-BEACH-DUBAI-MALL.jpg\"\n                             class=\"rt-img-responsive\"\n                             width=\"768\"\n                             height=\"512\"\n                             alt=\"RESTAURANTES FAMILIARES EM DUBAI\">\n\t\t\t\t\t\t\n\t\t\t\t\t\t\t\n\t\t<\/a>\n\t\t        <div class=\"overlay grid-hover-content\"><\/div>\n\t\t\t\t\t\t<\/div>\n\t\t\t\n\t\t\t<div class=\"entry-title-wrapper\"><h3 class=\"entry-title\"><a data-id=\"2036669\" href=\"https:\/\/soldodubai.com\/pt\/actividades-com-menos-de-100-euros-copia-copia-copia-copia-copia\/\" class=\"tpg-post-link\" target=\"_self\">RESTAURANTES FAMILIARES EM DUBAI<\/a><\/h3><\/div>\n\t\t\t\n\t\t\t\t\t\t\t<div class=\"tpg-excerpt tpg-el-excerpt\">\n\t\t\t\t\t\t\t\t\t\t\t<div class=\"tpg-excerpt-inner\">\n\t\t\t\t\t\t\tNa categoria dos melhores restaurantes familiares em dubai: - Wavehouse situado no Atlantis Palm Jumeirah: pistas de bowling, jogos de arcada, uma \u00e1rea de jogos, uma m\u00e1quina de divers\u00f5es, um...\t\t\t\t\t\t<\/div>\n\t\t\t\t\t\t\t\t\t\t\t\t\t\t<\/div>\n\t\t\t\n\t\t\t\t\t<\/div>\n\t<\/div>\n<\/div>\n\n<div class=\"rt-col-md-4 rt-col-sm-6 rt-col-xs-12 default rt-grid-item\" data-id=\"2036133\">\n\t<div class=\"rt-holder tpg-post-holder\">\n\t\t<div class=\"rt-detail rt-el-content-wrapper\">\n\t\t\t\t\t\t\t<div class=\"rt-img-holder tpg-el-image-wrap has-thumbnail\">\n\t\t\t\t\t<a data-id=\"2036133\" href=\"https:\/\/soldodubai.com\/pt\/actividades-inferiores-a-100-euros\/\" class=\"tpg-post-link\" target=\"_self\">                        <img loading=\"lazy\" decoding=\"async\" src=\"https:\/\/soldodubai.com\/wp-content\/uploads\/2022\/06\/safari-dubai-desert-dubai-quad-buggy-jetski.-yacht-hotel-dubai-emirates-air-france-heure-de-dubai.jpg\"\n                             class=\"rt-img-responsive\"\n                             width=\"768\"\n                             height=\"473\"\n                             alt=\"ACTIVIDADES QUE CUSTAM MENOS DE 100 EUROS\">\n\t\t\t\t\t\t\n\t\t\t\t\t\t\t\n\t\t<\/a>\n\t\t        <div class=\"overlay grid-hover-content\"><\/div>\n\t\t\t\t\t\t<\/div>\n\t\t\t\n\t\t\t<div class=\"entry-title-wrapper\"><h3 class=\"entry-title\"><a data-id=\"2036133\" href=\"https:\/\/soldodubai.com\/pt\/actividades-inferiores-a-100-euros\/\" class=\"tpg-post-link\" target=\"_self\">ACTIVIDADES QUE CUSTAM MENOS DE 100 EUROS<\/a><\/h3><\/div>\n\t\t\t\n\t\t\t\t\t\t\t<div class=\"tpg-excerpt tpg-el-excerpt\">\n\t\t\t\t\t\t\t\t\t\t\t<div class=\"tpg-excerpt-inner\">\n\t\t\t\t\t\t\tDubai, a cidade do bling-bling, j\u00e1 n\u00e3o existe. H\u00e1 quase uma d\u00e9cada, o Dubai tem vindo a desenvolver-se com o objetivo de oferecer a todos umas f\u00e9rias inesquec\u00edveis com um or\u00e7amento reduzido. Eis algumas...\t\t\t\t\t\t<\/div>\n\t\t\t\t\t\t\t\t\t\t\t\t\t\t<\/div>\n\t\t\t\n\t\t\t\t\t<\/div>\n\t<\/div>\n<\/div>\n\n<div class=\"rt-col-md-4 rt-col-sm-6 rt-col-xs-12 default rt-grid-item\" data-id=\"2036126\">\n\t<div class=\"rt-holder tpg-post-holder\">\n\t\t<div class=\"rt-detail rt-el-content-wrapper\">\n\t\t\t\t\t\t\t<div class=\"rt-img-holder tpg-el-image-wrap has-thumbnail\">\n\t\t\t\t\t<a data-id=\"2036126\" href=\"https:\/\/soldodubai.com\/pt\/praia-livre-dubai\/\" class=\"tpg-post-link\" target=\"_self\">                        <img loading=\"lazy\" decoding=\"async\" src=\"https:\/\/soldodubai.com\/wp-content\/uploads\/2022\/06\/dubai-beach-plage-dubai-JBR-dubai-marina-nikki-beach-drift-beach-nammos-white-beac-atalntis-burj-al-arab-burj-khalifa-scaled.jpg\"\n                             class=\"rt-img-responsive\"\n                             width=\"768\"\n                             height=\"512\"\n                             alt=\"5 DAS MELHORES PRAIAS GRATUITAS DE DUBAI\">\n\t\t\t\t\t\t\n\t\t\t\t\t\t\t\n\t\t<\/a>\n\t\t        <div class=\"overlay grid-hover-content\"><\/div>\n\t\t\t\t\t\t<\/div>\n\t\t\t\n\t\t\t<div class=\"entry-title-wrapper\"><h3 class=\"entry-title\"><a data-id=\"2036126\" href=\"https:\/\/soldodubai.com\/pt\/praia-livre-dubai\/\" class=\"tpg-post-link\" target=\"_self\">5 DAS MELHORES PRAIAS GRATUITAS DE DUBAI<\/a><\/h3><\/div>\n\t\t\t\n\t\t\t\t\t\t\t<div class=\"tpg-excerpt tpg-el-excerpt\">\n\t\t\t\t\t\t\t\t\t\t\t<div class=\"tpg-excerpt-inner\">\n\t\t\t\t\t\t\tConstru\u00eddo na costa, o Dubai \u00e9 o lar de muitas praias. Praias p\u00fablicas, praias privadas, de descanso, festivas, na moda, h\u00e1 algo para todos, e neste artigo listamos...\t\t\t\t\t\t<\/div>\n\t\t\t\t\t\t\t\t\t\t\t\t\t\t<\/div>\n\t\t\t\n\t\t\t\t\t<\/div>\n\t<\/div>\n<\/div>\n\n<div class=\"rt-col-md-4 rt-col-sm-6 rt-col-xs-12 default rt-grid-item\" data-id=\"2035992\">\n\t<div class=\"rt-holder tpg-post-holder\">\n\t\t<div class=\"rt-detail rt-el-content-wrapper\">\n\t\t\t\t\t\t\t<div class=\"rt-img-holder tpg-el-image-wrap has-thumbnail\">\n\t\t\t\t\t<a data-id=\"2035992\" href=\"https:\/\/soldodubai.com\/pt\/restaurante-dansant-dubai\/\" class=\"tpg-post-link\" target=\"_self\">                        <img loading=\"lazy\" decoding=\"async\" src=\"https:\/\/soldodubai.com\/wp-content\/uploads\/2022\/06\/Restaurant-dubai-dubai-club-nammos-nikki-beach-burj-al-arab-atlantis-burj-khalifa.jpg\"\n                             class=\"rt-img-responsive\"\n                             width=\"768\"\n                             height=\"432\"\n                             alt=\"ALGUNS DOS RESTAURANTES DE DAN\u00c7A DE DUBAI\">\n\t\t\t\t\t\t\n\t\t\t\t\t\t\t\n\t\t<\/a>\n\t\t        <div class=\"overlay grid-hover-content\"><\/div>\n\t\t\t\t\t\t<\/div>\n\t\t\t\n\t\t\t<div class=\"entry-title-wrapper\"><h3 class=\"entry-title\"><a data-id=\"2035992\" href=\"https:\/\/soldodubai.com\/pt\/restaurante-dansant-dubai\/\" class=\"tpg-post-link\" target=\"_self\">ALGUNS DOS RESTAURANTES DE DAN\u00c7A DE DUBAI<\/a><\/h3><\/div>\n\t\t\t\n\t\t\t\t\t\t\t<div class=\"tpg-excerpt tpg-el-excerpt\">\n\t\t\t\t\t\t\t\t\t\t\t<div class=\"tpg-excerpt-inner\">\n\t\t\t\t\t\t\tO Dubai \u00e9 uma cidade Disneyl\u00e2ndia onde cada um pode criar um programa de acordo com os seus gostos. Para os que gostam de festa, o Dubai est\u00e1 repleto de locais para dan\u00e7ar, que se encontram no...\t\t\t\t\t\t<\/div>\n\t\t\t\t\t\t\t\t\t\t\t\t\t\t<\/div>\n\t\t\t\n\t\t\t\t\t<\/div>\n\t<\/div>\n<\/div>\n\n<div class=\"rt-col-md-4 rt-col-sm-6 rt-col-xs-12 default rt-grid-item\" data-id=\"2035825\">\n\t<div class=\"rt-holder tpg-post-holder\">\n\t\t<div class=\"rt-detail rt-el-content-wrapper\">\n\t\t\t\t\t\t\t<div class=\"rt-img-holder tpg-el-image-wrap has-thumbnail\">\n\t\t\t\t\t<a data-id=\"2035825\" href=\"https:\/\/soldodubai.com\/pt\/lete-no-dubai-com-mvd\/\" class=\"tpg-post-link\" target=\"_self\">                        <img loading=\"lazy\" decoding=\"async\" src=\"https:\/\/soldodubai.com\/wp-content\/uploads\/2022\/06\/dubai-hotel-dubai-heure-dubai-emirates-air-france-atlantis-burj-khalifa-voyage-dubai.jpg\"\n                             class=\"rt-img-responsive\"\n                             width=\"768\"\n                             height=\"576\"\n                             alt=\"VER\u00c3O EM DUBAI (JUNHO A SETEMBRO)\">\n\t\t\t\t\t\t\n\t\t\t\t\t\t\t\n\t\t<\/a>\n\t\t        <div class=\"overlay grid-hover-content\"><\/div>\n\t\t\t\t\t\t<\/div>\n\t\t\t\n\t\t\t<div class=\"entry-title-wrapper\"><h3 class=\"entry-title\"><a data-id=\"2035825\" href=\"https:\/\/soldodubai.com\/pt\/lete-no-dubai-com-mvd\/\" class=\"tpg-post-link\" target=\"_self\">VER\u00c3O EM DUBAI (JUNHO A SETEMBRO)<\/a><\/h3><\/div>\n\t\t\t\n\t\t\t\t\t\t\t<div class=\"tpg-excerpt tpg-el-excerpt\">\n\t\t\t\t\t\t\t\t\t\t\t<div class=\"tpg-excerpt-inner\">\n\t\t\t\t\t\t\tver\u00e3o no Dubai com Sol do Dubai Se vem para o Dubai durante os meses mais quentes (de maio a princ\u00edpios de setembro) e tem muitas perguntas, aqui est\u00e3o algumas respostas! O Dubai \u00e9 um...\t\t\t\t\t\t<\/div>\n\t\t\t\t\t\t\t\t\t\t\t\t\t\t<\/div>\n\t\t\t\n\t\t\t\t\t<\/div>\n\t<\/div>\n<\/div>\n\n<div class=\"rt-col-md-4 rt-col-sm-6 rt-col-xs-12 default rt-grid-item\" data-id=\"2026425\">\n\t<div class=\"rt-holder tpg-post-holder\">\n\t\t<div class=\"rt-detail rt-el-content-wrapper\">\n\t\t\t\t\t\t\t<div class=\"rt-img-holder tpg-el-image-wrap has-thumbnail\">\n\t\t\t\t\t<a data-id=\"2026425\" href=\"https:\/\/soldodubai.com\/pt\/telhados-de-dubai\/\" class=\"tpg-post-link\" target=\"_self\">                        <img loading=\"lazy\" decoding=\"async\" src=\"https:\/\/soldodubai.com\/wp-content\/uploads\/2021\/04\/rooftop-dubai-1-768x514.webp\"\n                             class=\"rt-img-responsive\"\n                             width=\"768\"\n                             height=\"514\"\n                             alt=\"TELHADOS DE DUBAI\">\n\t\t\t\t\t\t\n\t\t\t\t\t\t\t\n\t\t<\/a>\n\t\t        <div class=\"overlay grid-hover-content\"><\/div>\n\t\t\t\t\t\t<\/div>\n\t\t\t\n\t\t\t<div class=\"entry-title-wrapper\"><h3 class=\"entry-title\"><a data-id=\"2026425\" href=\"https:\/\/soldodubai.com\/pt\/telhados-de-dubai\/\" class=\"tpg-post-link\" target=\"_self\">TELHADOS DE DUBAI<\/a><\/h3><\/div>\n\t\t\t\n\t\t\t\t\t\t\t<div class=\"tpg-excerpt tpg-el-excerpt\">\n\t\t\t\t\t\t\t\t\t\t\t<div class=\"tpg-excerpt-inner\">\n\t\t\t\t\t\t\tVestido a rigor, convidamo-lo a explorar a cidade e a visitar alguns dos locais mais altos que alguma vez viu. E que melhor maneira de come\u00e7ar do que com um...\t\t\t\t\t\t<\/div>\n\t\t\t\t\t\t\t\t\t\t\t\t\t\t<\/div>\n\t\t\t\n\t\t\t\t\t<\/div>\n\t<\/div>\n<\/div>\n\t\t\t<\/div>\n\t\t\t<div class='rt-pagination-wrap' data-total-pages='2' data-posts-per-page='' data-type='pagination'><div class=\"rt-pagination\"><ul class=\"pagination-list\"><li class=\"active\"><span>1<\/span><\/li><li><a data-paged='2' href='https:\/\/soldodubai.com\/wp-json\/wp\/v2\/pages\/18341\/page\/2\/'>2<\/a><\/li><\/ul><\/div><\/div>\n\t\t<\/div>\n\t\t\t\t\t\t<\/div>\n\t\t\t\t<\/div>\n\t\t\t\t\t<\/div>\n\t\t<\/div>\n\t\t\t\t\t<\/div>\n\t\t<\/section>\n\t\t\t\t<section class=\"elementor-section elementor-top-section elementor-element elementor-element-b25bcd0 elementor-section-boxed elementor-section-height-default elementor-section-height-default parallax_section_no qode_elementor_container_no\" data-id=\"b25bcd0\" data-element_type=\"section\" data-e-type=\"section\">\n\t\t\t\t\t\t<div class=\"elementor-container elementor-column-gap-default\">\n\t\t\t\t\t<div class=\"elementor-column elementor-col-100 elementor-top-column elementor-element elementor-element-25fa155\" data-id=\"25fa155\" data-element_type=\"column\" data-e-type=\"column\">\n\t\t\t<div class=\"elementor-widget-wrap elementor-element-populated\">\n\t\t\t\t\t\t<div class=\"elementor-element elementor-element-3f3c073 elementor-widget elementor-widget-html\" data-id=\"3f3c073\" data-element_type=\"widget\" data-e-type=\"widget\" data-widget_type=\"html.default\">\n\t\t\t\t<div class=\"elementor-widget-container\">\n\t\t\t\t\t<style>\n    \n    .blog_holder.blog_pinterest.masonry_pagination {\n  display: none;\n}\n\n.pagination {\n  display: none;\n}\n    \n<\/style>\t\t\t\t<\/div>\n\t\t\t\t<\/div>\n\t\t\t\t\t<\/div>\n\t\t<\/div>\n\t\t\t\t\t<\/div>\n\t\t<\/section>\n\t\t\t\t<\/div>","protected":false},"excerpt":{"rendered":"<p>TODAS AS NOSSAS DICAS O QUE FAZER EM 48 HORAS NO DUBAI? Combine todas as actividades e visitas abaixo em 48 horas para tirar o m\u00e1ximo partido do Dubai: \u00e9 poss\u00edvel visitar o centro da cidade do Dubai, depois a sua costa e, finalmente, o deserto do... VIAJAR SOZINHO NO DUBAI...<\/p>","protected":false},"author":1,"featured_media":0,"parent":0,"menu_order":0,"comment_status":"closed","ping_status":"closed","template":"blog-pinterest.php","meta":{"footnotes":""},"class_list":["post-18341","page","type-page","status-publish","hentry"],"rttpg_featured_image_url":null,"rttpg_author":{"display_name":"admin","author_link":"https:\/\/soldodubai.com\/pt\/author\/admin\/"},"rttpg_comment":0,"rttpg_category":"","rttpg_excerpt":"TOUS NOS CONSEILS QUE FAIRE EN 48H \u00c0 DUBAI? Combiner toutes les activit\u00e9s et les visites ci-dessous en 48h pour profiter au maximum de Duba\u00ef\u00a0: c&rsquo;est possible en passant par le centre-ville de Duba\u00ef,\u00a0puis son littoral et pour finir le d\u00e9sert\u00a0de&#8230; VOYAGER SEUL(E) \u00c0 DUBAI...","_links":{"self":[{"href":"https:\/\/soldodubai.com\/pt\/wp-json\/wp\/v2\/pages\/18341","targetHints":{"allow":["GET"]}}],"collection":[{"href":"https:\/\/soldodubai.com\/pt\/wp-json\/wp\/v2\/pages"}],"about":[{"href":"https:\/\/soldodubai.com\/pt\/wp-json\/wp\/v2\/types\/page"}],"author":[{"embeddable":true,"href":"https:\/\/soldodubai.com\/pt\/wp-json\/wp\/v2\/users\/1"}],"replies":[{"embeddable":true,"href":"https:\/\/soldodubai.com\/pt\/wp-json\/wp\/v2\/comments?post=18341"}],"version-history":[{"count":2,"href":"https:\/\/soldodubai.com\/pt\/wp-json\/wp\/v2\/pages\/18341\/revisions"}],"predecessor-version":[{"id":2049571,"href":"https:\/\/soldodubai.com\/pt\/wp-json\/wp\/v2\/pages\/18341\/revisions\/2049571"}],"wp:attachment":[{"href":"https:\/\/soldodubai.com\/pt\/wp-json\/wp\/v2\/media?parent=18341"}],"curies":[{"name":"wp","href":"https:\/\/api.w.org\/{rel}","templated":true}]}}