{"id":2024406,"date":"2021-02-18T14:45:44","date_gmt":"2021-02-18T13:45:44","guid":{"rendered":"http:\/\/13.36.35.205\/?page_id=2024406"},"modified":"2024-05-17T15:08:50","modified_gmt":"2024-05-17T14:08:50","slug":"condicoes-de-reembolso","status":"publish","type":"page","link":"https:\/\/soldodubai.com\/pt\/condicoes-de-reembolso\/","title":{"rendered":"Condi\u00e7\u00f5es de reembolso"},"content":{"rendered":"<div data-elementor-type=\"wp-page\" data-elementor-id=\"2024406\" class=\"elementor elementor-2024406\">\n\t\t\t\t\t\t<section class=\"elementor-section elementor-top-section elementor-element elementor-element-ad86265 elementor-section-boxed elementor-section-height-default elementor-section-height-default parallax_section_no qode_elementor_container_no\" data-id=\"ad86265\" data-element_type=\"section\" data-e-type=\"section\">\n\t\t\t\t\t\t<div class=\"elementor-container elementor-column-gap-default\">\n\t\t\t\t\t<div class=\"elementor-column elementor-col-100 elementor-top-column elementor-element elementor-element-4e466ee\" data-id=\"4e466ee\" data-element_type=\"column\" data-e-type=\"column\">\n\t\t\t<div class=\"elementor-widget-wrap elementor-element-populated\">\n\t\t\t\t\t\t<div class=\"elementor-element elementor-element-2550978 elementor-widget elementor-widget-heading\" data-id=\"2550978\" data-element_type=\"widget\" data-e-type=\"widget\" data-widget_type=\"heading.default\">\n\t\t\t\t<div class=\"elementor-widget-container\">\n\t\t\t\t\t<h2 class=\"elementor-heading-title elementor-size-default\">Condi\u00e7\u00f5es de reembolso<\/h2>\t\t\t\t<\/div>\n\t\t\t\t<\/div>\n\t\t\t\t<div class=\"elementor-element elementor-element-f2fcd53 elementor-widget-divider--view-line elementor-widget elementor-widget-divider\" data-id=\"f2fcd53\" data-element_type=\"widget\" data-e-type=\"widget\" data-widget_type=\"divider.default\">\n\t\t\t\t<div class=\"elementor-widget-container\">\n\t\t\t\t\t\t\t<div class=\"elementor-divider\">\n\t\t\t<span class=\"elementor-divider-separator\">\n\t\t\t\t\t\t<\/span>\n\t\t<\/div>\n\t\t\t\t\t\t<\/div>\n\t\t\t\t<\/div>\n\t\t\t\t\t<\/div>\n\t\t<\/div>\n\t\t\t\t\t<\/div>\n\t\t<\/section>\n\t\t\t\t<section class=\"elementor-section elementor-top-section elementor-element elementor-element-84f9ee1 elementor-section-content-middle elementor-section-boxed elementor-section-height-default elementor-section-height-default parallax_section_no qode_elementor_container_no\" data-id=\"84f9ee1\" data-element_type=\"section\" data-e-type=\"section\" data-settings=\"{&quot;animation&quot;:&quot;none&quot;}\">\n\t\t\t\t\t\t<div class=\"elementor-container elementor-column-gap-narrow\">\n\t\t\t\t\t<div class=\"elementor-column elementor-col-100 elementor-top-column elementor-element elementor-element-2950e6d\" data-id=\"2950e6d\" data-element_type=\"column\" data-e-type=\"column\">\n\t\t\t<div class=\"elementor-widget-wrap elementor-element-populated\">\n\t\t\t\t\t\t<div class=\"elementor-element elementor-element-9d44cf5 elementor-widget elementor-widget-text-editor\" data-id=\"9d44cf5\" data-element_type=\"widget\" data-e-type=\"widget\" data-widget_type=\"text-editor.default\">\n\t\t\t\t<div class=\"elementor-widget-container\">\n\t\t\t\t\t\t\t\t\t<p style=\"text-align: justify;\"><b>Pol\u00edtica de cancelamento<\/b><\/p><p style=\"text-align: justify;\">Em caso de anula\u00e7\u00e3o mais de 48 horas antes da data da atividade escolhida: reembolso de 100 %, exceto para as actividades para as quais a men\u00e7\u00e3o \"Atividade n\u00e3o reembols\u00e1vel\" \u00e9 apresentada antes do pagamento no bot\u00e3o Adicionar ao cesto.<\/p><p style=\"text-align: justify;\">Em caso de anula\u00e7\u00e3o 48 horas ou menos antes da atividade: n\u00e3o h\u00e1 reembolso, exceto em circunst\u00e2ncias excepcionais. Contacte o nosso servi\u00e7o de apoio ao cliente atrav\u00e9s do endere\u00e7o eletr\u00f3nico book@soldodubai.com para apresentar o seu pedido, que ser\u00e1 analisado e, se poss\u00edvel, negociado com os nossos prestadores de servi\u00e7os.<\/p><p style=\"text-align: justify;\">O montante total ser\u00e1 cobrado em caso de n\u00e3o compar\u00eancia e se a atividade n\u00e3o for honrada. N\u00e3o \u00e9 poss\u00edvel qualquer reembolso ap\u00f3s o evento.<\/p><p style=\"text-align: justify;\">Quando uma atividade est\u00e1 marcada como \"permut\u00e1vel\", isso aplica-se apenas \u00e0 data escolhida.<\/p><p style=\"text-align: justify;\">Se uma atividade estiver marcada como \"reembols\u00e1vel condicionalmente\", isso significa que poderemos negociar um reembolso com o prestador de servi\u00e7os com base no seu comprovativo de cancelamento. O prestador de servi\u00e7os decidir\u00e1 ent\u00e3o se lhe concede ou n\u00e3o um reembolso.\u00a0<\/p><p style=\"text-align: justify;\">Quando uma atividade est\u00e1 marcada como \"n\u00e3o reembols\u00e1vel, exceto em circunst\u00e2ncias excepcionais\", isso significa que, se conseguirmos revender os seus bilhetes, poderemos reembolsar a sua reserva.<\/p><p style=\"text-align: justify;\"><b>Pol\u00edtica de reprograma\u00e7\u00e3o<\/b><\/p><p style=\"text-align: justify;\">S\u00f3 \u00e9 oferecida uma remarca\u00e7\u00e3o gratuita, exceto para as actividades em que se indique, antes do pagamento, a impossibilidade de remarca\u00e7\u00e3o, justificada pela men\u00e7\u00e3o \"n\u00e3o permut\u00e1vel\". Esta indica\u00e7\u00e3o deve ser comunicada no m\u00e1ximo 48 horas antes da data escolhida para a atividade. Neste caso, e em caso de pedidos m\u00faltiplos de altera\u00e7\u00e3o, estas ac\u00e7\u00f5es ser\u00e3o facturadas a 30% do montante da atividade, por pessoa.<\/p><p style=\"text-align: justify;\">Se n\u00e3o for recebido um pedido de reagendamento com 48 horas de anteced\u00eancia, este ser\u00e1 recusado e n\u00e3o ser\u00e1 efectuado qualquer reembolso.<\/p><p style=\"text-align: justify;\">Os programas n\u00e3o podem ser cancelados devido ao mau tempo. S\u00f3 o parceiro est\u00e1 em condi\u00e7\u00f5es de avaliar se uma atividade pode ser realizada para sua seguran\u00e7a e de acordo com as ordens recebidas das autoridades.<\/p>\t\t\t\t\t\t\t\t<\/div>\n\t\t\t\t<\/div>\n\t\t\t\t\t<\/div>\n\t\t<\/div>\n\t\t\t\t\t<\/div>\n\t\t<\/section>\n\t\t\t\t<\/div>","protected":false},"excerpt":{"rendered":"<p>Condi\u00e7\u00f5es de reembolso Pol\u00edtica de anula\u00e7\u00e3o Em caso de anula\u00e7\u00e3o mais de 48 horas antes da data da atividade escolhida: reembolso de 100 %, exceto para as actividades para as quais a men\u00e7\u00e3o \"Atividade n\u00e3o reembols\u00e1vel\" \u00e9 apresentada antes do pagamento no bot\u00e3o Adicionar ao cesto. Em caso de...<\/p>","protected":false},"author":1,"featured_media":0,"parent":0,"menu_order":0,"comment_status":"closed","ping_status":"closed","template":"full_width.php","meta":{"footnotes":""},"class_list":["post-2024406","page","type-page","status-publish","hentry"],"rttpg_featured_image_url":null,"rttpg_author":{"display_name":"admin","author_link":"https:\/\/soldodubai.com\/pt\/author\/admin\/"},"rttpg_comment":0,"rttpg_category":null,"rttpg_excerpt":"Conditions de remboursement Politique d\u2019annulation En cas d\u2019annulation sup\u00e9rieure \u00e0 48 heures avant la date d\u2019activit\u00e9 choisie: remboursement \u00e0 hauteur de 100\u00a0% sauf pour les activit\u00e9s dont la mention \u201cActivit\u00e9 non-remboursable\u201d est affich\u00e9 avant le paiement au niveau du bouton \u00a0Ajouter au panier. En cas...","_links":{"self":[{"href":"https:\/\/soldodubai.com\/pt\/wp-json\/wp\/v2\/pages\/2024406","targetHints":{"allow":["GET"]}}],"collection":[{"href":"https:\/\/soldodubai.com\/pt\/wp-json\/wp\/v2\/pages"}],"about":[{"href":"https:\/\/soldodubai.com\/pt\/wp-json\/wp\/v2\/types\/page"}],"author":[{"embeddable":true,"href":"https:\/\/soldodubai.com\/pt\/wp-json\/wp\/v2\/users\/1"}],"replies":[{"embeddable":true,"href":"https:\/\/soldodubai.com\/pt\/wp-json\/wp\/v2\/comments?post=2024406"}],"version-history":[{"count":0,"href":"https:\/\/soldodubai.com\/pt\/wp-json\/wp\/v2\/pages\/2024406\/revisions"}],"wp:attachment":[{"href":"https:\/\/soldodubai.com\/pt\/wp-json\/wp\/v2\/media?parent=2024406"}],"curies":[{"name":"wp","href":"https:\/\/api.w.org\/{rel}","templated":true}]}}