{"id":23081,"date":"2021-01-03T12:13:34","date_gmt":"2021-01-03T11:13:34","guid":{"rendered":"http:\/\/13.36.35.205\/activite-copy\/"},"modified":"2024-06-13T18:04:47","modified_gmt":"2024-06-13T17:04:47","slug":"informacao-juridica","status":"publish","type":"page","link":"https:\/\/soldodubai.com\/pt\/informacao-juridica\/","title":{"rendered":"Informa\u00e7\u00e3o jur\u00eddica"},"content":{"rendered":"<div data-elementor-type=\"wp-page\" data-elementor-id=\"23081\" class=\"elementor elementor-23081\">\n\t\t\t\t\t\t<section class=\"elementor-section elementor-top-section elementor-element elementor-element-ad86265 elementor-section-boxed elementor-section-height-default elementor-section-height-default parallax_section_no qode_elementor_container_no\" data-id=\"ad86265\" data-element_type=\"section\" data-e-type=\"section\">\n\t\t\t\t\t\t<div class=\"elementor-container elementor-column-gap-default\">\n\t\t\t\t\t<div class=\"elementor-column elementor-col-100 elementor-top-column elementor-element elementor-element-4e466ee\" data-id=\"4e466ee\" data-element_type=\"column\" data-e-type=\"column\">\n\t\t\t<div class=\"elementor-widget-wrap elementor-element-populated\">\n\t\t\t\t\t\t<div class=\"elementor-element elementor-element-2550978 elementor-widget elementor-widget-heading\" data-id=\"2550978\" data-element_type=\"widget\" data-e-type=\"widget\" data-widget_type=\"heading.default\">\n\t\t\t\t<div class=\"elementor-widget-container\">\n\t\t\t\t\t<h2 class=\"elementor-heading-title elementor-size-default\">AVISOS LEGAIS\n<\/h2>\t\t\t\t<\/div>\n\t\t\t\t<\/div>\n\t\t\t\t<div class=\"elementor-element elementor-element-f2fcd53 elementor-widget-divider--view-line elementor-widget elementor-widget-divider\" data-id=\"f2fcd53\" data-element_type=\"widget\" data-e-type=\"widget\" data-widget_type=\"divider.default\">\n\t\t\t\t<div class=\"elementor-widget-container\">\n\t\t\t\t\t\t\t<div class=\"elementor-divider\">\n\t\t\t<span class=\"elementor-divider-separator\">\n\t\t\t\t\t\t<\/span>\n\t\t<\/div>\n\t\t\t\t\t\t<\/div>\n\t\t\t\t<\/div>\n\t\t\t\t\t<\/div>\n\t\t<\/div>\n\t\t\t\t\t<\/div>\n\t\t<\/section>\n\t\t\t\t<section class=\"elementor-section elementor-top-section elementor-element elementor-element-84f9ee1 elementor-section-content-middle elementor-section-boxed elementor-section-height-default elementor-section-height-default parallax_section_no qode_elementor_container_no\" data-id=\"84f9ee1\" data-element_type=\"section\" data-e-type=\"section\" data-settings=\"{&quot;animation&quot;:&quot;none&quot;}\">\n\t\t\t\t\t\t<div class=\"elementor-container elementor-column-gap-narrow\">\n\t\t\t\t\t<div class=\"elementor-column elementor-col-100 elementor-top-column elementor-element elementor-element-2950e6d\" data-id=\"2950e6d\" data-element_type=\"column\" data-e-type=\"column\">\n\t\t\t<div class=\"elementor-widget-wrap elementor-element-populated\">\n\t\t\t\t\t\t<div class=\"elementor-element elementor-element-884d160 elementor-widget elementor-widget-heading\" data-id=\"884d160\" data-element_type=\"widget\" data-e-type=\"widget\" data-widget_type=\"heading.default\">\n\t\t\t\t<div class=\"elementor-widget-container\">\n\t\t\t\t\t<h3 class=\"elementor-heading-title elementor-size-default\">TERRENO EM DUBAI\n<\/h3>\t\t\t\t<\/div>\n\t\t\t\t<\/div>\n\t\t\t\t<div class=\"elementor-element elementor-element-9d44cf5 elementor-widget elementor-widget-text-editor\" data-id=\"9d44cf5\" data-element_type=\"widget\" data-e-type=\"widget\" data-widget_type=\"text-editor.default\">\n\t\t\t\t<div class=\"elementor-widget-container\">\n\t\t\t\t\t\t\t\t\t<p>Em conformidade com as disposi\u00e7\u00f5es dos artigos 6-III e 19 da Lei n.\u00ba 2004-575, de 21 de junho de 2004, relativa \u00e0 confian\u00e7a na economia digital, conhecida como L.C.E.N., os utilizadores e visitantes do s\u00edtio s\u00e3o informados de que <code>PISO DUBAI<\/code> este aviso legal.<\/p><p>O s\u00edtio Web\u00a0<code>PISO DUBAI<\/code> pode ser acedido no seguinte endere\u00e7o\u00a0<a href=\"https:\/\/soldodubai.com\/pt\/?elementor_library=accueil\">https:\/\/soldodubai.com<\/a>\u00a0(a seguir designado \"o S\u00edtio\"). O acesso e a utiliza\u00e7\u00e3o do S\u00edtio est\u00e3o sujeitos ao presente \"Aviso Legal\" detalhado abaixo, bem como \u00e0s leis e\/ou regulamentos aplic\u00e1veis.<\/p><p>A liga\u00e7\u00e3o, a utiliza\u00e7\u00e3o e o acesso a este s\u00edtio implicam a aceita\u00e7\u00e3o plena e sem reservas, por parte do utilizador da Internet, de todas as disposi\u00e7\u00f5es do presente Aviso Legal.<\/p>\t\t\t\t\t\t\t\t<\/div>\n\t\t\t\t<\/div>\n\t\t\t\t<div class=\"elementor-element elementor-element-4894aa2 elementor-widget elementor-widget-bridge_old_accordion\" data-id=\"4894aa2\" data-element_type=\"widget\" data-e-type=\"widget\" data-widget_type=\"bridge_old_accordion.default\">\n\t\t\t\t<div class=\"elementor-widget-container\">\n\t\t\t\t\t\n        <div class=\"q_accordion_holder wpb_content_element not-column-inherit clearfix accordion without_icon\" data-active-tab=\"1\">\n\n            \n\t\t\t\t<h5 class=\"clearfix title-holder\" style=\"\"><span class=\"accordion_mark left_mark\"><span class=\"accordion_mark_icon\"><\/span><\/span><span class=\"tab-title\">ARTIGO 1.\u00ba - INFORMA\u00c7\u00d5ES JUR\u00cdDICAS<\/span><span class=\"accordion_mark right_mark\"><span class=\"accordion_mark_icon\"><\/span><\/span><\/h5>\n\t\t\t\t<div  class=\"accordion_content no_icon\">\n\t\t\t<div class=\"accordion_content_inner\">\n\t\t\t\t<p style=\"text-align: justify;\">Nos termos do artigo 6.\u00ba da Lei n.\u00ba 2004-575, de 21 de junho de 2004, relativa \u00e0 confian\u00e7a na economia digital, este artigo especifica a identidade dos diferentes intervenientes na sua aplica\u00e7\u00e3o e controlo.<\/p><p style=\"text-align: justify;\">O s\u00edtio Web Sol do Dubai foi concebido por :<\/p><p style=\"text-align: justify;\">PERLE IN<\/p><p style=\"text-align: justify;\">com sede social no seguinte endere\u00e7o: 157 bld Macdonald 75019 Paris, e registada sob o seguinte n\u00famero: 80393776200026.<\/p><p style=\"text-align: justify;\">Endere\u00e7o eletr\u00f3nico :\u00a0<span style=\"color: #cfab5b;\"><a style=\"color: #cfab5b;\" href=\"mailto:contact@perle-in.com\">contact@perle-in.com<\/a><\/span><\/p><p style=\"text-align: justify;\">S\u00edtio Web : <span style=\"color: #3366ff;\"><a style=\"color: #3366ff;\" href=\"http:\/\/www.perle-in.com\">www.perle-in.com<\/a><\/span><\/p><p style=\"text-align: justify;\">a seguir designado \"o criador<\/p><p style=\"text-align: justify;\">O s\u00edtio Web Sol do Dubai foi concebido por :<\/p><div class=\"result-frame svelte-1a37brm\">MEDIO ORIENTE TRAVEL &amp; TOURS LLC<\/div><div>\u00a0<\/div><div class=\"result-frame svelte-1a37brm\">Endere\u00e7o eletr\u00f3nico : <a href=\"mailto:contact@soldodubai.com\"><span style=\"color: #cfab5b;\">infos@soldodubai.com<\/span><\/a><\/div><p style=\"text-align: justify;\">a seguir designado \"o editor<\/p><p style=\"text-align: justify;\">O diretor da publica\u00e7\u00e3o \u00e9 :<\/p><p style=\"text-align: justify;\">Ilham Khalladi &amp; Rita Salgado<\/p><p style=\"text-align: justify;\">Gestor de neg\u00f3cios de desenvolvimento<\/p><div class=\"result-frame svelte-1a37brm\">MEDIO ORIENTE TRAVEL &amp; TOURS LLC<\/div><div>\u00a0<\/div><div class=\"result-frame svelte-1a37brm\">Endere\u00e7o de correio eletr\u00f3nico :infos@soldodubai.com<\/div><p style=\"text-align: justify;\">a seguir designado \"Diretor da Publica\u00e7\u00e3o\" e \"Respons\u00e1vel pela Prote\u00e7\u00e3o de Dados<\/p><p style=\"text-align: justify;\">O s\u00edtio Web Sol do Dubai est\u00e1 alojado em :<\/p><p style=\"text-align: justify;\">Luxemburgo, Amazon Web Services EMEA SARL (\"AWS Europe\"), com sede social no seguinte endere\u00e7o: 38 Avenue John F. Kennedy, L-1855 Luxemburgo, Gr\u00e3o-Ducado do Luxemburgo<\/p><p style=\"text-align: justify;\">a seguir designado por \"o Anfitri\u00e3o\".<\/p><p style=\"text-align: justify;\">Todos os utilizadores da Internet que navegam, l\u00eaem, visualizam e utilizam o site Sol do Dubai s\u00e3o considerados utilizadores.<\/p><p style=\"text-align: justify;\">a seguir designados \"Utilizadores<\/p>\n\t\t\t<\/div>\n\t\t\t\t<\/div>\n\n\t\t\t\t<h5 class=\"clearfix title-holder\" style=\"\"><span class=\"accordion_mark left_mark\"><span class=\"accordion_mark_icon\"><\/span><\/span><span class=\"tab-title\"> ARTIGO 2 - ACESSIBILIDADE<\/span><span class=\"accordion_mark right_mark\"><span class=\"accordion_mark_icon\"><\/span><\/span><\/h5>\n\t\t\t\t<div  class=\"accordion_content no_icon\">\n\t\t\t<div class=\"accordion_content_inner\">\n\t\t\t\t<p>Em princ\u00edpio, o S\u00edtio est\u00e1 acess\u00edvel aos utilizadores 24 horas por dia, 7 dias por semana, exceto se for interrompido, de forma programada ou n\u00e3o, para fins de manuten\u00e7\u00e3o ou em caso de for\u00e7a maior.<br \/>Em caso de impossibilidade de acesso ao s\u00edtio, o s\u00edtio compromete-se a envidar todos os esfor\u00e7os para restabelecer o acesso. O s\u00edtio n\u00e3o pode ser responsabilizado por quaisquer danos resultantes da sua indisponibilidade.<\/p>\n\t\t\t<\/div>\n\t\t\t\t<\/div>\n\n\t\t\t\t<h5 class=\"clearfix title-holder\" style=\"\"><span class=\"accordion_mark left_mark\"><span class=\"accordion_mark_icon\"><\/span><\/span><span class=\"tab-title\">ARTIGO 3.\u00ba - DADOS PESSOAIS E RGPD<\/span><span class=\"accordion_mark right_mark\"><span class=\"accordion_mark_icon\"><\/span><\/span><\/h5>\n\t\t\t\t<div  class=\"accordion_content no_icon\">\n\t\t\t<div class=\"accordion_content_inner\">\n\t\t\t\t<div class=\"wpb_text_column wpb_content_element\"><div class=\"wpb_wrapper\"><p>O Cliente \u00e9 informado dos regulamentos relativos \u00e0s comunica\u00e7\u00f5es comerciais, da lei de 21 de junho de 2014 relativa \u00e0 confian\u00e7a na economia digital, da lei de prote\u00e7\u00e3o de dados de 6 de agosto de 2004 e do Regulamento Geral de Prote\u00e7\u00e3o de Dados (RGPD: n\u00b0 2016-679).<\/p><h4>3.1 PESSOAS RESPONS\u00c1VEIS PELA RECOLHA DE DADOS PESSOAIS<\/h4><p>Para os Dados Pessoais recolhidos no \u00e2mbito da cria\u00e7\u00e3o da conta pessoal do Utilizador e da navega\u00e7\u00e3o no Site, o respons\u00e1vel pelo tratamento dos Dados Pessoais \u00e9: Sol do Dubai, representada por Ilham Khalladi &amp; Rita Salgado, seu representante legal.<\/p><p>Enquanto respons\u00e1vel pelo tratamento dos dados que recolhe, a Sol do Dubai compromete-se a respeitar as disposi\u00e7\u00f5es legais em vigor. Em particular, cabe ao Cliente estabelecer as finalidades do seu tratamento de dados, fornecer aos seus potenciais clientes e clientes, a partir da recolha do seu consentimento, informa\u00e7\u00f5es completas sobre o tratamento dos seus dados pessoais e manter um registo do tratamento de acordo com a realidade. Sempre que o Sol do Dubai trata Dados Pessoais, o Sol do Dubai toma todas as medidas razo\u00e1veis para assegurar a exatid\u00e3o e a pertin\u00eancia dos Dados Pessoais relativamente \u00e0s finalidades para as quais o Sol do Dubai os trata.<\/p><h4>3.2 OBJECTIVO DOS DADOS RECOLHIDOS<\/h4><p>A Sol do Dubai pode tratar alguns ou todos os seus dados pessoais:<\/p><ul><li>para permitir a navega\u00e7\u00e3o no S\u00edtio e a gest\u00e3o e rastreabilidade dos servi\u00e7os encomendados pelo utilizador: dados de liga\u00e7\u00e3o e de utiliza\u00e7\u00e3o do S\u00edtio, fatura\u00e7\u00e3o, hist\u00f3rico de encomendas, etc;<\/li><li>para prevenir e combater a fraude inform\u00e1tica (spamming, hacking, etc.): equipamento inform\u00e1tico utilizado para a navega\u00e7\u00e3o, endere\u00e7o IP, palavra-passe (hash), etc;<\/li><li>para melhorar a navega\u00e7\u00e3o no S\u00edtio: dados de liga\u00e7\u00e3o e de utiliza\u00e7\u00e3o;<\/li><li>para realizar inqu\u00e9ritos de satisfa\u00e7\u00e3o facultativos sobre o Sol do Dubai: endere\u00e7o de correio eletr\u00f3nico ;<\/li><li>e para campanhas de comunica\u00e7\u00e3o (sms, correio eletr\u00f3nico): n\u00famero de telefone, endere\u00e7o eletr\u00f3nico.<\/li><\/ul><p>O Sol do Dubai n\u00e3o vende os seus dados pessoais, que s\u00e3o assim utilizados apenas para fins estat\u00edsticos e de an\u00e1lise.<\/p><h4>3.3 DIREITO DE ACESSO, RECTIFICA\u00c7\u00c3O E OPOSI\u00c7\u00c3O<\/h4><p>De acordo com a regulamenta\u00e7\u00e3o europeia em vigor, os Utilizadores do Sol do Dubai t\u00eam os seguintes direitos:<\/p><ul><li>direito de acesso (artigo 15.\u00ba do RGPD) e de retifica\u00e7\u00e3o (artigo 16.\u00ba do RGPD), atualiza\u00e7\u00e3o e exaustividade dos dados dos Utilizadores direito de bloquear ou apagar os dados pessoais dos Utilizadores (artigo 17.\u00ba do RGPD), caso sejam inexactos, incompletos, amb\u00edguos, desactualizados ou cuja recolha, utiliza\u00e7\u00e3o, comunica\u00e7\u00e3o ou conserva\u00e7\u00e3o seja proibida;<\/li><li>o direito de retirar o consentimento em qualquer altura (artigo 13-2c RGPD);<\/li><li>o direito de limitar o tratamento dos dados dos Utilizadores (artigo 18.\u00ba do RGPD);<\/li><li>o direito de se opor ao tratamento dos dados dos Utilizadores (artigo 21.\u00ba do RGPD);<\/li><li>o direito \u00e0 portabilidade dos dados fornecidos pelos Utilizadores, quando esses dados s\u00e3o objeto de tratamento automatizado com base no seu consentimento ou num contrato (artigo 20.\u00ba do RGPD);<\/li><li>e o direito de definir o destino dos dados do Utilizador ap\u00f3s a sua morte e de escolher a quem a Sol do Dubai deve comunicar (ou n\u00e3o) os seus dados a um terceiro por si previamente designado.<\/li><\/ul><p>A partir do momento em que a Sol do DubaiI tem conhecimento da morte de um Utilizador e na aus\u00eancia de instru\u00e7\u00f5es da sua parte, a Sol do Dubai compromete-se a destruir os seus dados, exceto se a sua conserva\u00e7\u00e3o for necess\u00e1ria para fins de prova ou para cumprir uma obriga\u00e7\u00e3o legal.<\/p><p>Se o Utilizador pretender saber como \u00e9 que a Sol do Dubai utiliza os seus Dados Pessoais, pedir para os retificar ou opor-se ao seu tratamento, o Utilizador pode contactar a Sol do Dubai por escrito para o seguinte endere\u00e7o<\/p><p>PISO DUBAI<br \/>MEDIO ORIENTE TRAVEL &amp; TOURS LLC<\/p><p>Neste caso, o Utilizador deve indicar os Dados Pessoais que pretende que a Sol do Dubai corrija, actualize ou apague, identificando-se precisamente com uma c\u00f3pia de um documento de identifica\u00e7\u00e3o (bilhete de identidade ou passaporte).<\/p><p>Os pedidos de elimina\u00e7\u00e3o de Dados Pessoais estar\u00e3o sujeitos \u00e0s obriga\u00e7\u00f5es impostas \u00e0 Sol do Dubai por lei, nomeadamente em mat\u00e9ria de conserva\u00e7\u00e3o ou arquivo de documentos. Por fim, o Utilizador do Sol do Dubai pode apresentar uma reclama\u00e7\u00e3o junto das autoridades de controlo, nomeadamente a <a href=\"https:\/\/www.cnil.fr\/fr\/plaintes\" target=\"_blank\" rel=\"noopener noreferrer\">CNIL<\/a>.<\/p><h4>3.4 N\u00c3O DIVULGA\u00c7\u00c3O DE DADOS PESSOAIS<\/h4><p>A Sol do Dubai n\u00e3o processar\u00e1, alojar\u00e1 ou transferir\u00e1 as Informa\u00e7\u00f5es recolhidas junto dos seus Clientes para um pa\u00eds fora da Uni\u00e3o Europeia ou reconhecido como \"n\u00e3o adequado\" pela Comiss\u00e3o Europeia sem informar previamente o cliente. No entanto, o Sol do Dubai continua a ser livre de escolher os seus subcontratantes t\u00e9cnicos e comerciais, desde que estes ofere\u00e7am garantias suficientes no que diz respeito \u00e0s exig\u00eancias do Regulamento Geral de Prote\u00e7\u00e3o de Dados (RGPD: n.\u00ba 2016-679).<\/p><p>A Sol do Dubai compromete-se a tomar todas as precau\u00e7\u00f5es necess\u00e1rias para preservar a seguran\u00e7a das Informa\u00e7\u00f5es e, nomeadamente, que estas n\u00e3o sejam divulgadas a pessoas n\u00e3o autorizadas. No entanto, se a Sol do Dubai tiver conhecimento de um incidente que afecte a integridade ou a confidencialidade das Informa\u00e7\u00f5es do Cliente, deve informar o Cliente o mais rapidamente poss\u00edvel e comunicar as medidas correctivas tomadas. Al\u00e9m disso, a Sol do Dubai n\u00e3o recolhe \"dados sens\u00edveis\".<\/p><p>Os Dados Pessoais do Utilizador podem ser tratados pelas filiais e subcontratantes (prestadores de servi\u00e7os) da Sol do Dubai exclusivamente para a prossecu\u00e7\u00e3o das finalidades da presente pol\u00edtica.<\/p><p>Dentro dos limites das suas respectivas responsabilidades e para os fins acima referidos, as principais pessoas suscept\u00edveis de ter acesso aos dados do Utilizador da MES Sol do Dubai s\u00e3o principalmente os nossos agentes de servi\u00e7o ao cliente.<\/p><h4>3.5 TIPOS DE DADOS RECOLHIDOS<\/h4><p>Relativamente aos utilizadores do site Sol do Dubai, recolhemos os seguintes dados, indispens\u00e1veis ao funcionamento do servi\u00e7o, que ser\u00e3o conservados por um per\u00edodo m\u00e1ximo de 24 meses ap\u00f3s o termo da rela\u00e7\u00e3o contratual:<\/p><p>Registo: Nome, Endere\u00e7o, N\u00famero de telefone de contacto, E-mail, Palavra-passe<\/p><p>Os dados de pagamento s\u00e3o geridos pelo nosso parceiro externo seguro Stripe.<\/p><p>tipo de cliente, t\u00edtulo, empresa, apelido, nome pr\u00f3prio, localidade, c\u00f3digo postal, e-mail, telefone, data do evento, tipo de evento, f\u00f3rmula requerida, n\u00famero de convidados, n\u00famero de quartos, tipo de menu, pedido especial.<\/p><p>O Sol do Dubai tamb\u00e9m recolhe informa\u00e7\u00f5es para melhorar a experi\u00eancia do utilizador e fornecer conselhos contextualizados: IP, dispositivo, navegador.<\/p><p>Estes dados s\u00e3o conservados durante um per\u00edodo m\u00e1ximo de 24 meses ap\u00f3s o termo da rela\u00e7\u00e3o contratual.<\/p><\/div><\/div><div class=\"vc_empty_space\">\u00a0<\/div>\n\t\t\t<\/div>\n\t\t\t\t<\/div>\n\n\t\t\t\t<h5 class=\"clearfix title-holder\" style=\"\"><span class=\"accordion_mark left_mark\"><span class=\"accordion_mark_icon\"><\/span><\/span><span class=\"tab-title\">ARTIGO 4 - POL\u00cdTICA DE COOKIES<\/span><span class=\"accordion_mark right_mark\"><span class=\"accordion_mark_icon\"><\/span><\/span><\/h5>\n\t\t\t\t<div  class=\"accordion_content no_icon\">\n\t\t\t<div class=\"accordion_content_inner\">\n\t\t\t\t<div class=\"wpb_text_column wpb_content_element\"><div class=\"wpb_wrapper\"><p>O site SOL DE DUBA\u00cf pode utilizar \"cookies\" para tratar estat\u00edsticas e informa\u00e7\u00f5es sobre o tr\u00e1fego, para facilitar a navega\u00e7\u00e3o e para melhorar o servi\u00e7o para conforto do Utilizador.<br \/>Em conformidade com a legisla\u00e7\u00e3o europeia, o s\u00edtio SOL DE DUBA\u00cf actualizou a sua pol\u00edtica de confidencialidade em mat\u00e9ria de cookies. O utilizador \u00e9 livre de aceitar ou recusar os cookies de todos os s\u00edtios Web, modificando as defini\u00e7\u00f5es do seu navegador Internet.<\/p><\/div><\/div>\n\t\t\t<\/div>\n\t\t\t\t<\/div>\n\n\t\t\t\t<h5 class=\"clearfix title-holder\" style=\"\"><span class=\"accordion_mark left_mark\"><span class=\"accordion_mark_icon\"><\/span><\/span><span class=\"tab-title\">ARTIGO 5.\u00ba - LEI APLIC\u00c1VEL E JURISDI\u00c7\u00c3O<\/span><span class=\"accordion_mark right_mark\"><span class=\"accordion_mark_icon\"><\/span><\/span><\/h5>\n\t\t\t\t<div  class=\"accordion_content no_icon\">\n\t\t\t<div class=\"accordion_content_inner\">\n\t\t\t\t<div class=\"wpb_text_column wpb_content_element\"><div class=\"wpb_wrapper\"><p>O presente aviso legal \u00e9 regido pela lei dos Emirados. Em caso de lit\u00edgio e na aus\u00eancia de um acordo amig\u00e1vel, o lit\u00edgio ser\u00e1 submetido aos tribunais dos Emirados - Tribunal DIFC, em conformidade com as regras de jurisdi\u00e7\u00e3o em vigor.<\/p><\/div><\/div>\n\t\t\t<\/div>\n\t\t\t\t<\/div>\n\n\t\t\t\t<h5 class=\"clearfix title-holder\" style=\"\"><span class=\"accordion_mark left_mark\"><span class=\"accordion_mark_icon\"><\/span><\/span><span class=\"tab-title\">ARTIGO 6.\u00ba - CONTACTO<\/span><span class=\"accordion_mark right_mark\"><span class=\"accordion_mark_icon\"><\/span><\/span><\/h5>\n\t\t\t\t<div  class=\"accordion_content no_icon\">\n\t\t\t<div class=\"accordion_content_inner\">\n\t\t\t\t<div class=\"wpb_text_column wpb_content_element\"><div class=\"wpb_wrapper\"><p>Para denunciar conte\u00fados ou actividades ilegais, os utilizadores podem contactar o editor atrav\u00e9s do seguinte endere\u00e7o:\u00a0<a href=\"mailto:contact@soldodubai.com\">infos@soldodubai.com<\/a>ou por correio registado com aviso de rece\u00e7\u00e3o dirigido ao editor no endere\u00e7o especificado no presente aviso legal.<\/p><\/div><\/div>\n\t\t\t<\/div>\n\t\t\t\t<\/div>\n\n        <\/div>\n\n        \t\t\t\t<\/div>\n\t\t\t\t<\/div>\n\t\t\t\t\t<\/div>\n\t\t<\/div>\n\t\t\t\t\t<\/div>\n\t\t<\/section>\n\t\t\t\t<\/div>","protected":false},"excerpt":{"rendered":"<p>AVISOS LEGAIS SITE Sol do Dubai Em conformidade com as disposi\u00e7\u00f5es dos artigos 6-III e 19 da Lei n.\u00ba 2004-575 de 21 de junho de 2004 sobre a confian\u00e7a na economia digital, conhecida como L.C.E.N., os utilizadores e visitantes do site Sol do Dubai s\u00e3o informados...<\/p>","protected":false},"author":1,"featured_media":0,"parent":0,"menu_order":0,"comment_status":"closed","ping_status":"closed","template":"full_width.php","meta":{"footnotes":""},"class_list":["post-23081","page","type-page","status-publish","hentry"],"rttpg_featured_image_url":null,"rttpg_author":{"display_name":"admin","author_link":"https:\/\/soldodubai.com\/pt\/author\/admin\/"},"rttpg_comment":0,"rttpg_category":null,"rttpg_excerpt":"MENTIONS L\u00c9GALES SITE Sol do Dubai Conform\u00e9ment aux dispositions des Articles 6-III et 19 de la Loi n\u00b02004-575 du 21 juin 2004 pour la Confiance dans l\u2019\u00e9conomie num\u00e9rique, dite L.C.E.N., il est port\u00e9 \u00e0 la connaissance des utilisateurs et visiteurs du site Sol do Dubai...","_links":{"self":[{"href":"https:\/\/soldodubai.com\/pt\/wp-json\/wp\/v2\/pages\/23081","targetHints":{"allow":["GET"]}}],"collection":[{"href":"https:\/\/soldodubai.com\/pt\/wp-json\/wp\/v2\/pages"}],"about":[{"href":"https:\/\/soldodubai.com\/pt\/wp-json\/wp\/v2\/types\/page"}],"author":[{"embeddable":true,"href":"https:\/\/soldodubai.com\/pt\/wp-json\/wp\/v2\/users\/1"}],"replies":[{"embeddable":true,"href":"https:\/\/soldodubai.com\/pt\/wp-json\/wp\/v2\/comments?post=23081"}],"version-history":[{"count":0,"href":"https:\/\/soldodubai.com\/pt\/wp-json\/wp\/v2\/pages\/23081\/revisions"}],"wp:attachment":[{"href":"https:\/\/soldodubai.com\/pt\/wp-json\/wp\/v2\/media?parent=23081"}],"curies":[{"name":"wp","href":"https:\/\/api.w.org\/{rel}","templated":true}]}}