{"id":23230,"date":"2021-01-04T13:05:06","date_gmt":"2021-01-04T12:05:06","guid":{"rendered":"http:\/\/13.36.35.205\/activite-copy\/"},"modified":"2023-11-04T15:20:44","modified_gmt":"2023-11-04T14:20:44","slug":"contactar-nos-2","status":"publish","type":"page","link":"https:\/\/soldodubai.com\/pt\/contactar-nos-2\/","title":{"rendered":"Contactar-nos"},"content":{"rendered":"<div data-elementor-type=\"wp-page\" data-elementor-id=\"23230\" class=\"elementor elementor-23230\">\n\t\t\t\t\t\t<section style=\"background-image: url(https:\/\/soldodubai.com\/wp-content\/uploads\/2021\/01\/appartement-dubai-location-appartement-dubai-villa-dubai-location-villa-dubai-hotel-pas-cher-dubai-hotel-dubai-voyage-pas-cher-dubai.jpg);\" class=\"parallax_section_holder elementor-section elementor-top-section elementor-element elementor-element-84f9ee1 elementor-section-full_width elementor-section-height-min-height elementor-section-content-middle elementor-section-items-top parallax_section_holder elementor-section-height-default qode_elementor_container_no\" data-speed=\"0\" data-id=\"84f9ee1\" data-element_type=\"section\" data-e-type=\"section\" data-settings=\"{&quot;animation&quot;:&quot;none&quot;,&quot;background_background&quot;:&quot;classic&quot;,&quot;qode_parallax_image&quot;:{&quot;url&quot;:&quot;https:\\\/\\\/soldodubai.com\\\/wp-content\\\/uploads\\\/2021\\\/01\\\/appartement-dubai-location-appartement-dubai-villa-dubai-location-villa-dubai-hotel-pas-cher-dubai-hotel-dubai-voyage-pas-cher-dubai.jpg&quot;,&quot;id&quot;:23236,&quot;size&quot;:&quot;&quot;}}\">\n\t\t\t\t\t\t<div class=\"elementor-container elementor-column-gap-default\">\n\t\t\t\t\t<div class=\"elementor-column elementor-col-100 elementor-top-column elementor-element elementor-element-2950e6d\" data-id=\"2950e6d\" data-element_type=\"column\" data-e-type=\"column\">\n\t\t\t<div class=\"elementor-widget-wrap elementor-element-populated\">\n\t\t\t\t\t\t<div class=\"elementor-element elementor-element-d90032e elementor-widget elementor-widget-heading\" data-id=\"d90032e\" data-element_type=\"widget\" data-e-type=\"widget\" data-widget_type=\"heading.default\">\n\t\t\t\t<div class=\"elementor-widget-container\">\n\t\t\t\t\t<h2 class=\"elementor-heading-title elementor-size-default\">Contactar-nos<\/h2>\t\t\t\t<\/div>\n\t\t\t\t<\/div>\n\t\t\t\t<div class=\"elementor-element elementor-element-8a7dca0 elementor-widget-divider--view-line elementor-widget elementor-widget-divider\" data-id=\"8a7dca0\" data-element_type=\"widget\" data-e-type=\"widget\" data-widget_type=\"divider.default\">\n\t\t\t\t<div class=\"elementor-widget-container\">\n\t\t\t\t\t\t\t<div class=\"elementor-divider\">\n\t\t\t<span class=\"elementor-divider-separator\">\n\t\t\t\t\t\t<\/span>\n\t\t<\/div>\n\t\t\t\t\t\t<\/div>\n\t\t\t\t<\/div>\n\t\t\t\t<section class=\"elementor-section elementor-inner-section elementor-element elementor-element-6ab301a elementor-section-full_width elementor-section-height-default elementor-section-height-default parallax_section_no qode_elementor_container_no\" data-id=\"6ab301a\" data-element_type=\"section\" data-e-type=\"section\">\n\t\t\t\t\t\t<div class=\"elementor-container elementor-column-gap-default\">\n\t\t\t\t\t<div class=\"elementor-column elementor-col-100 elementor-inner-column elementor-element elementor-element-a31f35d\" data-id=\"a31f35d\" data-element_type=\"column\" data-e-type=\"column\" data-settings=\"{&quot;background_background&quot;:&quot;classic&quot;}\">\n\t\t\t<div class=\"elementor-widget-wrap elementor-element-populated\">\n\t\t\t\t\t\t<div class=\"elementor-element elementor-element-a8c90a0 elementor-widget elementor-widget-shortcode\" data-id=\"a8c90a0\" data-element_type=\"widget\" data-e-type=\"widget\" data-widget_type=\"shortcode.default\">\n\t\t\t\t<div class=\"elementor-widget-container\">\n\t\t\t\t\t\t\t<div class=\"elementor-shortcode\"><div class=\"wpforms-container wpforms-container-full\" id=\"wpforms-21676\"><form id=\"wpforms-form-21676\" class=\"wpforms-validate wpforms-form\" data-formid=\"21676\" method=\"post\" enctype=\"multipart\/form-data\" action=\"\/pt\/wp-json\/wp\/v2\/pages\/23230\" data-token=\"0f0c1894201ca916853de35d2c485cef\" data-token-time=\"1776579516\" data-trp-original-action=\"\/pt\/wp-json\/wp\/v2\/pages\/23230\"><noscript class=\"wpforms-error-noscript\">Active o JavaScript no seu browser para preencher este formul\u00e1rio.<\/noscript><div class=\"wpforms-field-container\"><div id=\"wpforms-21676-field_0-container\" class=\"wpforms-field wpforms-field-name blank-title\" data-field-id=\"0\"><label class=\"wpforms-field-label\" for=\"wpforms-21676-field_0\">Nome <span class=\"wpforms-required-label\">*<\/span><\/label><div class=\"wpforms-field-row wpforms-field-medium\"><div class=\"wpforms-field-row-block wpforms-first wpforms-one-half\"><input type=\"text\" id=\"wpforms-21676-field_0\" class=\"wpforms-field-name-first wpforms-field-required\" name=\"wpforms[fields][0][first]\" placeholder=\"Nome pr\u00f3prio\" required><label for=\"wpforms-21676-field_0\" class=\"wpforms-field-sublabel after wpforms-sublabel-hide\">Primeiro<\/label><\/div><div class=\"wpforms-field-row-block wpforms-one-half\"><input type=\"text\" id=\"wpforms-21676-field_0-last\" class=\"wpforms-field-name-last wpforms-field-required\" name=\"wpforms[fields][0][last]\" placeholder=\"Nome\" required><label for=\"wpforms-21676-field_0-last\" class=\"wpforms-field-sublabel after wpforms-sublabel-hide\">\u00daltimo<\/label><\/div><\/div><\/div><div id=\"wpforms-21676-field_1-container\" class=\"wpforms-field wpforms-field-email blank-title\" data-field-id=\"1\"><label class=\"wpforms-field-label\" for=\"wpforms-21676-field_1\">Correio eletr\u00f3nico <span class=\"wpforms-required-label\">*<\/span><\/label><input type=\"email\" id=\"wpforms-21676-field_1\" class=\"wpforms-field-medium wpforms-field-required\" name=\"wpforms[fields][1]\" spellcheck=\"false\" required><\/div><div id=\"wpforms-21676-field_4-container\" class=\"wpforms-field wpforms-field-text blank-title\" data-field-id=\"4\"><label class=\"wpforms-field-label\" for=\"wpforms-21676-field_4\">Assunto <span class=\"wpforms-required-label\">*<\/span><\/label><input type=\"text\" id=\"wpforms-21676-field_4\" class=\"wpforms-field-medium wpforms-field-required\" name=\"wpforms[fields][4]\" required><\/div><div id=\"wpforms-21676-field_2-container\" class=\"wpforms-field wpforms-field-textarea blank-title\" data-field-id=\"2\"><label class=\"wpforms-field-label\" for=\"wpforms-21676-field_2\">Mensagem <span class=\"wpforms-required-label\">*<\/span><\/label><textarea id=\"wpforms-21676-field_2\" class=\"wpforms-field-medium wpforms-field-required\" name=\"wpforms[fields][2]\" required><\/textarea><\/div><\/div><!-- .wpforms-field-container --><div class=\"wpforms-submit-container\" ><input type=\"hidden\" name=\"wpforms[id]\" value=\"21676\"><input type=\"hidden\" name=\"page_title\" value=\"\"><input type=\"hidden\" name=\"page_url\" value=\"https:\/\/soldodubai.com\/pt\/wp-json\/wp\/v2\/pages\/23230\"><input type=\"hidden\" name=\"url_referer\" value=\"\"><button type=\"submit\" name=\"wpforms[submit]\" id=\"wpforms-submit-21676\" class=\"wpforms-submit envoie-form\" data-alt-text=\"Envoi...\" data-submit-text=\"Envoyer\" aria-live=\"assertive\" value=\"wpforms-submit\">Enviar<\/button><\/div><input type=\"hidden\" name=\"trp-form-language\" value=\"pt\"\/><\/form><\/div>  <!-- .wpforms-container --><\/div>\n\t\t\t\t\t\t<\/div>\n\t\t\t\t<\/div>\n\t\t\t\t<div class=\"elementor-element elementor-element-917ed3a elementor-widget elementor-widget-text-editor\" data-id=\"917ed3a\" data-element_type=\"widget\" data-e-type=\"widget\" data-widget_type=\"text-editor.default\">\n\t\t\t\t<div class=\"elementor-widget-container\">\n\t\t\t\t\t\t\t\t\t<h3 style=\"text-align: center;\"><span style=\"color: #ffffff;\">PODE TAMB\u00c9M CONTACTAR-NOS POR CORREIO ELECTR\u00d3NICO EM&nbsp;<\/span><span style=\"color: rgb(255, 255, 255); letter-spacing: 1.8px;\">PARA O SEGUINTE ENDERE\u00c7O<\/span><\/h3>\n<p style=\"text-align: center;\"><span style=\"color: #ffffff;\"><strong><a style=\"color: #ffffff;\" href=\"mailto:contact@soldodubai.com\">contact@soldodubai.com<\/a><\/strong><\/span><\/p>\n<p><\/p>\n<h3 style=\"text-align: center;\"><span style=\"color: #ffffff;\">POR TELEFONE, ATRAV\u00c9S DO N\u00daMERO :<\/span><\/h3>\n<p style=\"text-align: center;\"><span style=\"color: #ffffff;\"><strong><a style=\"color: #ffffff;\" href=\"https:\/\/web.whatsapp.com\/send?phone=971506211791\" target=\"_blank\" rel=\"noopener noreferrer\">+971 50 62 11 791<\/a><\/strong><\/span><\/p>\t\t\t\t\t\t\t\t<\/div>\n\t\t\t\t<\/div>\n\t\t\t\t\t<\/div>\n\t\t<\/div>\n\t\t\t\t\t<\/div>\n\t\t<\/section>\n\t\t\t\t\t<\/div>\n\t\t<\/div>\n\t\t\t\t\t<\/div>\n\t\t<\/section>\n\t\t\t\t<\/div>","protected":false},"excerpt":{"rendered":"<p>Contacte-nos Pode tamb\u00e9m contactar-nos por correio eletr\u00f3nico para o seguinte endere\u00e7o: contact@soldodubai.com POR TELEFONE: +971 50 62 11 791<\/p>","protected":false},"author":1,"featured_media":0,"parent":0,"menu_order":0,"comment_status":"closed","ping_status":"closed","template":"full_width.php","meta":{"footnotes":""},"class_list":["post-23230","page","type-page","status-publish","hentry"],"rttpg_featured_image_url":null,"rttpg_author":{"display_name":"admin","author_link":"https:\/\/soldodubai.com\/pt\/author\/admin\/"},"rttpg_comment":0,"rttpg_category":null,"rttpg_excerpt":"Nous contacter VOUS POUVEZ \u00c9GALEMENT NOUS CONTACTER PAR E-MAIL \u00c0&nbsp;L\u2019ADRESSE SUIVANTE : contact@soldodubai.com PAR T\u00c9L\u00c9PHONE AU : +971 50 62 11 791","_links":{"self":[{"href":"https:\/\/soldodubai.com\/pt\/wp-json\/wp\/v2\/pages\/23230","targetHints":{"allow":["GET"]}}],"collection":[{"href":"https:\/\/soldodubai.com\/pt\/wp-json\/wp\/v2\/pages"}],"about":[{"href":"https:\/\/soldodubai.com\/pt\/wp-json\/wp\/v2\/types\/page"}],"author":[{"embeddable":true,"href":"https:\/\/soldodubai.com\/pt\/wp-json\/wp\/v2\/users\/1"}],"replies":[{"embeddable":true,"href":"https:\/\/soldodubai.com\/pt\/wp-json\/wp\/v2\/comments?post=23230"}],"version-history":[{"count":0,"href":"https:\/\/soldodubai.com\/pt\/wp-json\/wp\/v2\/pages\/23230\/revisions"}],"wp:attachment":[{"href":"https:\/\/soldodubai.com\/pt\/wp-json\/wp\/v2\/media?parent=23230"}],"curies":[{"name":"wp","href":"https:\/\/api.w.org\/{rel}","templated":true}]}}