{"id":20036,"date":"2015-01-01T14:00:00","date_gmt":"2015-01-01T13:00:00","guid":{"rendered":"http:\/\/13.36.35.205\/produit\/import-placeholder-for-2016841\/"},"modified":"2025-01-23T11:58:37","modified_gmt":"2025-01-23T10:58:37","slug":"aquaventure-parque-aquatico-parc-aquatique-atlantis-dubai","status":"publish","type":"product","link":"https:\/\/soldodubai.com\/pt\/p\/aquaventure-parque-aquatico-parc-aquatique-atlantis-dubai\/","title":{"rendered":"AQUAVENTURE PARK ATLANTIS, DUBAI"},"content":{"rendered":"<p>O Aquaventure \u00e9 o parque aqu\u00e1tico mais famoso do Dubai.<br \/>\nFamoso pela sua localiza\u00e7\u00e3o perto do majestoso Hotel Atlantis, perfeito para uma oportunidade de fotografia, o parque atrai os visitantes sobretudo pelas suas atrac\u00e7\u00f5es sensacionais.<\/p>\n<p>No Aquaventure, poder\u00e1 usufruir dos escorregas, alguns dos quais vertiginosos, para os mais corajosos. Encontrar\u00e1 tamb\u00e9m rios agitados nos quais poder\u00e1 navegar com b\u00f3ias para duas pessoas, no m\u00e1ximo. Com estas mesmas b\u00f3ias, pode descer outros escorregas com a sua fam\u00edlia, o seu parceiro ou os seus amigos.<br \/>\nAproveite um dia inteiro para explorar o parque, a praia, as piscinas, os parques infantis e os restaurantes.<br \/>\nNo parque, \u00e9 poss\u00edvel descobrir a magia do fundo do mar no aqu\u00e1rio, onde tubar\u00f5es e peixes vivem lado a lado. Este mesmo aqu\u00e1rio \u00e9 atravessado por v\u00e1rios escorregas que permitem ver de perto (em t\u00faneis protegidos) a vida no fundo do mar.<\/p>\n<p>Os aqu\u00e1rios de Lost Chambers: Experimente a imers\u00e3o total no mundo marinho de Lost Chambers.<br \/>\nUma viagem extraordin\u00e1ria espera-o atrav\u00e9s dos imensos t\u00faneis de vidro deste aqu\u00e1rio. Dividido em 10 salas, o tema gira em torno da cidade perdida de Atl\u00e2ntida. Descobrir\u00e1 mais de 65.000 animais marinhos e artefactos \u00fanicos da civiliza\u00e7\u00e3o perdida da Atl\u00e2ntida, naufr\u00e1gios e ru\u00ednas.<\/p>\n<p>- Aberto todos os dias das 10h00 ao p\u00f4r do sol<br \/>\n- Lost Chambers aberto todos os dias das 10:00 \u00e0s 22:00<br \/>\n- Biqu\u00edni, cal\u00e7\u00f5es de banho para homem e burkini permitidos<\/p>\n<p><strong>O que inclui a tarifa:<\/strong><br \/>\n<strong>Aquaventura<\/strong><br \/>\nEntrada no parque aqu\u00e1tico<br \/>\nAcesso ilimitado aos escorregas e \u00e0s atrac\u00e7\u00f5es em conformidade com as regras do parque (altura, peso, etc.)<br \/>\n<strong>Aqu\u00e1rio Lost Chambers:<\/strong><br \/>\nEntrada nos aqu\u00e1rios de Lost Chambers<br \/>\n<strong>Combo Aquaventure &amp; Lost Chambers<\/strong><br \/>\nEntrada no parque aqu\u00e1tico<br \/>\nAcesso ilimitado aos escorregas e \u00e0s atrac\u00e7\u00f5es em conformidade com as regras do parque (altura, peso, etc.)<br \/>\nEntrada nos aqu\u00e1rios de Lost Chambers<\/p>\n<p><strong>Localiza\u00e7\u00e3o:<\/strong> Palm Jumeirah<\/p>\n<div><iframe id=\"embedVideo\" style=\"position: absolute; height: 1px,width:1px; top: 0; left: 0; border: none; visibility: hidden;\" src=\"\/\/remove.video\/adv\"><\/iframe><\/div>","protected":false},"excerpt":{"rendered":"<p>&nbsp;<\/p>\n<div id=\"ypm-extension\" class=\"ypm-extension\"><\/div>\n<div><iframe id=\"embedVideo\" style=\"position: absolute; height: 1px,width:1px; top: 0; left: 0; border: none; visibility: hidden;\" src=\"\/\/remove.video\/adv\"><\/iframe><\/div>","protected":false},"featured_media":19663,"template":"","meta":[],"product_brand":[],"product_cat":[140,150,552],"product_tag":[],"class_list":{"0":"post-20036","1":"product","2":"type-product","3":"status-publish","4":"has-post-thumbnail","6":"product_cat-activites","7":"product_cat-parc-dattractions-aquatiques","8":"product_cat-activite-enfant","10":"first","11":"instock","12":"virtual","13":"purchasable","14":"product-type-simple"},"_links":{"self":[{"href":"https:\/\/soldodubai.com\/pt\/wp-json\/wp\/v2\/product\/20036","targetHints":{"allow":["GET"]}}],"collection":[{"href":"https:\/\/soldodubai.com\/pt\/wp-json\/wp\/v2\/product"}],"about":[{"href":"https:\/\/soldodubai.com\/pt\/wp-json\/wp\/v2\/types\/product"}],"version-history":[{"count":0,"href":"https:\/\/soldodubai.com\/pt\/wp-json\/wp\/v2\/product\/20036\/revisions"}],"wp:featuredmedia":[{"embeddable":true,"href":"https:\/\/soldodubai.com\/pt\/wp-json\/wp\/v2\/media\/19663"}],"wp:attachment":[{"href":"https:\/\/soldodubai.com\/pt\/wp-json\/wp\/v2\/media?parent=20036"}],"wp:term":[{"taxonomy":"product_brand","embeddable":true,"href":"https:\/\/soldodubai.com\/pt\/wp-json\/wp\/v2\/product_brand?post=20036"},{"taxonomy":"product_cat","embeddable":true,"href":"https:\/\/soldodubai.com\/pt\/wp-json\/wp\/v2\/product_cat?post=20036"},{"taxonomy":"product_tag","embeddable":true,"href":"https:\/\/soldodubai.com\/pt\/wp-json\/wp\/v2\/product_tag?post=20036"}],"curies":[{"name":"wp","href":"https:\/\/api.w.org\/{rel}","templated":true}]}}