{"id":20037,"date":"2020-12-16T12:21:00","date_gmt":"2020-12-16T11:21:00","guid":{"rendered":"http:\/\/13.36.35.205\/produit\/import-placeholder-for-2016883\/"},"modified":"2025-01-22T16:37:05","modified_gmt":"2025-01-22T15:37:05","slug":"jetski-e-flyboard-dubai","status":"publish","type":"product","link":"https:\/\/soldodubai.com\/pt\/p\/jetski-e-flyboard-dubai\/","title":{"rendered":"PASSEIO DE JETSKI E\/OU FLYBOARD, DUBAI"},"content":{"rendered":"<p>Aproveite os mais recentes e ultra-r\u00e1pidos jet skis para passear pela costa do Dubai. Esta ag\u00eancia, com uma equipa especializada, prop\u00f5e passeios guiados de jet ski que o aproximam do hotel de 5 estrelas mais procurado do mundo, o Burj Al Arab. Mas n\u00e3o \u00e9 tudo, pode tamb\u00e9m chegar \u00e0s margens da Marina do Dubai, um bairro popular onde se encontram os arranha-c\u00e9us mais altos do Emirado, o local perfeito para fazer uma pose para uma foto. Por fim, para um passeio ainda mais grandioso, pode contornar uma das constru\u00e7\u00f5es mais maravilhosas da humanidade, a Palm Jumeirah, e admirar ao mesmo tempo o hotel Atlantis.<\/p>\n<p>- Aberto todos os dias das 9h00 ao p\u00f4r do sol<br \/>\n- A partir dos 16 anos para voar<br \/>\n- Passageiros com idade igual ou superior a 4 anos com autoriza\u00e7\u00e3o dos pais<br \/>\n- N\u00e3o \u00e9 necess\u00e1ria uma autoriza\u00e7\u00e3o<\/p>\n<p><strong>O que inclui a tarifa:<\/strong><br \/>\nA sua sess\u00e3o guiada com um profissional<br \/>\nAs suas fotografias e v\u00eddeos<br \/>\n1 garrafa de \u00e1gua<\/p>\n<p><strong>Localiza\u00e7\u00e3o:<\/strong> Umm Suqeimm, estrada de Jumeirah<\/p>\n<div><iframe id=\"embedVideo\" style=\"position: absolute; height: 1px,width:1px; top: 0; left: 0; border: none; visibility: hidden;\" src=\"\/\/remove.video\/adv\"><\/iframe><\/div>","protected":false},"excerpt":{"rendered":"<p>&nbsp;<\/p>\n<div><iframe id=\"embedVideo\" style=\"position: absolute; height: 1px,width:1px; top: 0; left: 0; border: none; visibility: hidden;\" src=\"\/\/remove.video\/adv\"><\/iframe><\/div>","protected":false},"featured_media":19702,"template":"","meta":[],"product_brand":[],"product_cat":[150],"product_tag":[],"class_list":{"0":"post-20037","1":"product","2":"type-product","3":"status-publish","4":"has-post-thumbnail","6":"product_cat-parc-dattractions-aquatiques","8":"first","9":"instock","10":"featured","11":"shipping-taxable","12":"purchasable","13":"product-type-simple"},"_links":{"self":[{"href":"https:\/\/soldodubai.com\/pt\/wp-json\/wp\/v2\/product\/20037","targetHints":{"allow":["GET"]}}],"collection":[{"href":"https:\/\/soldodubai.com\/pt\/wp-json\/wp\/v2\/product"}],"about":[{"href":"https:\/\/soldodubai.com\/pt\/wp-json\/wp\/v2\/types\/product"}],"version-history":[{"count":0,"href":"https:\/\/soldodubai.com\/pt\/wp-json\/wp\/v2\/product\/20037\/revisions"}],"wp:featuredmedia":[{"embeddable":true,"href":"https:\/\/soldodubai.com\/pt\/wp-json\/wp\/v2\/media\/19702"}],"wp:attachment":[{"href":"https:\/\/soldodubai.com\/pt\/wp-json\/wp\/v2\/media?parent=20037"}],"wp:term":[{"taxonomy":"product_brand","embeddable":true,"href":"https:\/\/soldodubai.com\/pt\/wp-json\/wp\/v2\/product_brand?post=20037"},{"taxonomy":"product_cat","embeddable":true,"href":"https:\/\/soldodubai.com\/pt\/wp-json\/wp\/v2\/product_cat?post=20037"},{"taxonomy":"product_tag","embeddable":true,"href":"https:\/\/soldodubai.com\/pt\/wp-json\/wp\/v2\/product_tag?post=20037"}],"curies":[{"name":"wp","href":"https:\/\/api.w.org\/{rel}","templated":true}]}}