{"id":20038,"date":"2020-12-17T12:21:00","date_gmt":"2020-12-17T11:21:00","guid":{"rendered":"http:\/\/13.36.35.205\/produit\/import-placeholder-for-2016892\/"},"modified":"2024-08-02T16:16:19","modified_gmt":"2024-08-02T15:16:19","slug":"safaritradicional","status":"publish","type":"product","link":"https:\/\/soldodubai.com\/pt\/p\/safaritradicional\/","title":{"rendered":"SAFARI  COM JANTAR TRADICIONAL"},"content":{"rendered":"<p style=\"text-align: justify;\">A bordo de Land Rovers antigos, deixados aos bedu\u00ednos pelos brit\u00e2nicos nos anos 70, partir\u00e1 para observar a flora e a fauna do deserto dos Emirados. Este passeio de uma hora inclui v\u00e1rias paragens para aprender mais sobre o deserto dos Emirados e os seus habitantes. Durante esta atividade, ir\u00e1 em busca de animais selvagens, podendo avistar gazelas e ant\u00edlopes. Este passeio guiado termina num soberbo acampamento bedu\u00edno onde o jantar ser\u00e1 servido \u00e0 mesa para as entradas e em forma de buffet para os pratos principais e sobremesas. Neste acampamento, tudo \u00e9 cozinhado de forma tradicional, desde o caf\u00e9 e o p\u00e3o at\u00e9 \u00e0 carne e aos fritos. Poder\u00e1 fazer um pequeno passeio de camelo at\u00e9 ao acampamento e aplicar a sua hena. Este acampamento tamb\u00e9m tem quartos para aqueles que optarem por passar a noite. Saiba mais aqui.<\/p>\n<p style=\"text-align: justify;\">- Crian\u00e7as dos 5 aos 11 anos<br \/>\n- Recomenda-se a utiliza\u00e7\u00e3o de um carro particular para fam\u00edlias com crian\u00e7as com menos de 5 anos.<br \/>\n- Autorizado para mulheres gr\u00e1vidas at\u00e9 6 meses<br \/>\n- Partida entre as 14h30 e as 16h30, consoante a esta\u00e7\u00e3o do ano<br \/>\n- Regresso entre as 21h30 e as 23h30, consoante a \u00e9poca<\/p>\n<p><strong>Composi\u00e7\u00e3o do jantar :<\/strong><br \/>\nPor favor, escolha na sua encomenda se pretende uma refei\u00e7\u00e3o vegetariana, kosher, vegan ou sem gl\u00faten.<br \/>\nSaladas libanesas, Fattoush e Tabbouleh<br \/>\nCreme de h\u00famus e creme de beringela com p\u00e3o dos Emirados<br \/>\nCarne de vaca grelhada e frango marinado<br \/>\nBorrego cozinhado lentamente com especiarias dos Emirados<br \/>\nArroz branco e com especiarias<br \/>\nFrutas e bolinhos fritos dos Emirados<br \/>\n\u00c1gua, ch\u00e1 e caf\u00e9 dos Emirados<br \/>\nSumo de fruta<\/p>\n<p style=\"text-align: justify;\"><strong>O que o pre\u00e7o inclui:<\/strong><br \/>\nTransferes de ida e volta do seu hotel<br \/>\nUma hora de viagem num Land Rover antigo<br \/>\nO seu guia<br \/>\nJantar, Chicha<br \/>\nAplica\u00e7\u00e3o de hena<br \/>\nO pequeno passeio de camelo<br \/>\nO espet\u00e1culo dos Emirados<\/p>\n<p><strong>Localiza\u00e7\u00e3o:<\/strong> Reserva de conserva\u00e7\u00e3o do deserto do Dubai<\/p>\n<p>\u00c9 poss\u00edvel combinar esta atividade com a noite no deserto ou a noite no deserto e o nascer do sol num bal\u00e3o de ar quente. Pode encontrar as descri\u00e7\u00f5es destas duas actividades no nosso s\u00edtio Web, clicando nos links abaixo:<br \/>\n<a href=\"https:\/\/soldodubai.com\/pt\/p\/nuit-dans-le-desert-safari-decouverte\/\">Noite no deserto<\/a><br \/>\n<a href=\"https:\/\/soldodubai.com\/pt\/p\/tour-en-montgolfiere\/\">Nascer do sol num bal\u00e3o de ar quente<\/a><\/p>\n<div id=\"ypm-extension\" class=\"ypm-extension\"><\/div>","protected":false},"excerpt":{"rendered":"<p>A bordo de Land Rovers antigos, deixados aos bedu\u00ednos pelos brit\u00e2nicos nos anos 70, partir\u00e1 para observar a flora e a fauna do deserto dos Emirados. Este passeio de uma hora inclui v\u00e1rias paragens para aprender mais sobre o...<\/p>","protected":false},"featured_media":23278,"template":"","meta":[],"product_brand":[],"product_cat":[140,437,536,553,552],"product_tag":[],"class_list":{"0":"post-20038","1":"product","2":"type-product","3":"status-publish","4":"has-post-thumbnail","6":"product_cat-activites","7":"product_cat-activites-dans-le-desert-activites","8":"product_cat-activites-dans-le-desert","9":"product_cat-activite-couple","10":"product_cat-activite-enfant","12":"first","13":"instock","14":"virtual","15":"purchasable","16":"product-type-simple"},"_links":{"self":[{"href":"https:\/\/soldodubai.com\/pt\/wp-json\/wp\/v2\/product\/20038","targetHints":{"allow":["GET"]}}],"collection":[{"href":"https:\/\/soldodubai.com\/pt\/wp-json\/wp\/v2\/product"}],"about":[{"href":"https:\/\/soldodubai.com\/pt\/wp-json\/wp\/v2\/types\/product"}],"version-history":[{"count":0,"href":"https:\/\/soldodubai.com\/pt\/wp-json\/wp\/v2\/product\/20038\/revisions"}],"wp:featuredmedia":[{"embeddable":true,"href":"https:\/\/soldodubai.com\/pt\/wp-json\/wp\/v2\/media\/23278"}],"wp:attachment":[{"href":"https:\/\/soldodubai.com\/pt\/wp-json\/wp\/v2\/media?parent=20038"}],"wp:term":[{"taxonomy":"product_brand","embeddable":true,"href":"https:\/\/soldodubai.com\/pt\/wp-json\/wp\/v2\/product_brand?post=20038"},{"taxonomy":"product_cat","embeddable":true,"href":"https:\/\/soldodubai.com\/pt\/wp-json\/wp\/v2\/product_cat?post=20038"},{"taxonomy":"product_tag","embeddable":true,"href":"https:\/\/soldodubai.com\/pt\/wp-json\/wp\/v2\/product_tag?post=20038"}],"curies":[{"name":"wp","href":"https:\/\/api.w.org\/{rel}","templated":true}]}}