{"id":20042,"date":"2020-12-16T12:21:00","date_gmt":"2020-12-16T11:21:00","guid":{"rendered":"http:\/\/13.36.35.205\/produit\/import-placeholder-for-2016804\/"},"modified":"2024-08-02T16:34:19","modified_gmt":"2024-08-02T15:34:19","slug":"espetaculolaperle","status":"publish","type":"product","link":"https:\/\/soldodubai.com\/pt\/p\/espetaculolaperle\/","title":{"rendered":"ESPECT\u00c1CULO LA PERLE, DUBAI"},"content":{"rendered":"<p>La Perle conta com um elenco de 65 artistas, incluindo actores, acrobatas, acrobatas aqu\u00e1ticos e acrobatas a\u00e9reos. Prepare-se para ficar hipnotizado.<br \/>\nO espet\u00e1culo de uma hora e meia desenrola-se \u00e0 sua frente, com os artistas a mergulharem na piscina no palco e a voarem pelo teatro a alturas espectaculares, criando uma experi\u00eancia visualmente cativante tanto no palco como acima dele.<br \/>\nLa Perle \u00e9 o primeiro espet\u00e1culo a ser encenado na regi\u00e3o, com o seu pr\u00f3prio teatro constru\u00eddo para o efeito.<\/p>\n<p>Este teatro de design exclusivo cria uma experi\u00eancia \u00fanica para os espectadores, uma vez que cada lugar garante uma vista magn\u00edfica do espet\u00e1culo.<br \/>\nO teatro de 1300 lugares tem apenas 14 filas, oferecendo uma experi\u00eancia \u00edntima que o coloca mesmo em frente da a\u00e7\u00e3o.<\/p>\n<p>Escolha entre 3 categorias de lugares: Bronze, Prata e Ouro.  PS: Escolha um lugar na categoria Prata ou Broze para n\u00e3o apanhar as finas part\u00edculas de \u00e1gua que emanam do palco, que fica amortecido ou mesmo inundado em alguns casos.<br \/>\nTodos os lugares t\u00eam uma vista bonita e desobstru\u00edda do palco.<\/p>\n<p><strong>O que inclui a tarifa:<\/strong><br \/>\nA sua participa\u00e7\u00e3o no espet\u00e1culo La Perle na categoria escolhida<\/p>\n<p><strong>Localiza\u00e7\u00e3o:<\/strong> Cidade de Habtoor<\/p>","protected":false},"excerpt":{"rendered":"<p>La Perle conta com um elenco de 65 artistas, desde comediantes e acrobatas a acrobacias aqu\u00e1ticas e a\u00e9reas. Prepare-se para ficar hipnotizado. O espet\u00e1culo de uma hora e meia desenrola-se \u00e0 sua frente, com os artistas a mergulharem na piscina no palco e a voarem atrav\u00e9s da...<\/p>","protected":false},"featured_media":19648,"template":"","meta":[],"product_brand":[],"product_cat":[138,553],"product_tag":[],"class_list":{"0":"post-20042","1":"product","2":"type-product","3":"status-publish","4":"has-post-thumbnail","6":"product_cat-activites-en-ville-parcs-dattractions","7":"product_cat-activite-couple","9":"first","10":"instock","11":"virtual","12":"purchasable","13":"product-type-simple"},"_links":{"self":[{"href":"https:\/\/soldodubai.com\/pt\/wp-json\/wp\/v2\/product\/20042","targetHints":{"allow":["GET"]}}],"collection":[{"href":"https:\/\/soldodubai.com\/pt\/wp-json\/wp\/v2\/product"}],"about":[{"href":"https:\/\/soldodubai.com\/pt\/wp-json\/wp\/v2\/types\/product"}],"version-history":[{"count":0,"href":"https:\/\/soldodubai.com\/pt\/wp-json\/wp\/v2\/product\/20042\/revisions"}],"wp:featuredmedia":[{"embeddable":true,"href":"https:\/\/soldodubai.com\/pt\/wp-json\/wp\/v2\/media\/19648"}],"wp:attachment":[{"href":"https:\/\/soldodubai.com\/pt\/wp-json\/wp\/v2\/media?parent=20042"}],"wp:term":[{"taxonomy":"product_brand","embeddable":true,"href":"https:\/\/soldodubai.com\/pt\/wp-json\/wp\/v2\/product_brand?post=20042"},{"taxonomy":"product_cat","embeddable":true,"href":"https:\/\/soldodubai.com\/pt\/wp-json\/wp\/v2\/product_cat?post=20042"},{"taxonomy":"product_tag","embeddable":true,"href":"https:\/\/soldodubai.com\/pt\/wp-json\/wp\/v2\/product_tag?post=20042"}],"curies":[{"name":"wp","href":"https:\/\/api.w.org\/{rel}","templated":true}]}}