{"id":20044,"date":"2019-12-24T12:21:00","date_gmt":"2019-12-24T11:21:00","guid":{"rendered":"http:\/\/13.36.35.205\/produit\/import-placeholder-for-2016812\/"},"modified":"2024-08-19T13:11:00","modified_gmt":"2024-08-19T12:11:00","slug":"cruzeiro-em-musandam-oman","status":"publish","type":"product","link":"https:\/\/soldodubai.com\/pt\/p\/cruzeiro-em-musandam-oman\/","title":{"rendered":"CRUZEIRO MUSANDAM COM ALMO\u00c7O, OM\u00c3"},"content":{"rendered":"<p>Ao romper da aurora, partir\u00e1 para Om\u00e3, para admirar a sua natureza exuberante e os seus fiordes sumptuosos, dignos de um postal.<br \/>\nDepois de uma viagem de 2 horas, a primeira paragem \u00e9 para atravessar a fronteira e, em seguida, uma nova viagem de 1 hora leva-o at\u00e9 ao barco onde passar\u00e1 o dia a navegar.<\/p>\n<p>Durante este cruzeiro, descobrir\u00e1 os fiordes e as suas hist\u00f3rias contadas por um guia, bem como os golfinhos selvagens de Om\u00e3, as raias e os pequenos tubar\u00f5es.<br \/>\nO seu cruzeiro incluir\u00e1 v\u00e1rias pausas durante as quais poder\u00e1 nadar nas \u00e1guas cristalinas de Om\u00e3 e explorar o fundo do mar utilizando o equipamento fornecido.<br \/>\nSer\u00e1 servido um almo\u00e7o preparado na hora, com bebidas dispon\u00edveis durante toda a excurs\u00e3o.<\/p>\n<p>- A dura\u00e7\u00e3o da visita \u00e9 de cerca de 11 horas<br \/>\n- Partida entre as 5h e as 7h, consoante a esta\u00e7\u00e3o do ano<br \/>\n- Adequado para todos<br \/>\n- 3 horas de ida e 3 horas de regresso<br \/>\n- O seu passaporte deve ser v\u00e1lido (data de expira\u00e7\u00e3o) durante pelo menos 6 meses a contar da data da sua viagem.<br \/>\n- Os titulares de passaportes que n\u00e3o sejam da Uni\u00e3o Europeia devem obter previamente um visto de entradas m\u00faltiplas junto das autoridades dos Emirados.<\/p>\n<p><strong>O que inclui a tarifa:<\/strong><br \/>\nTransferes de e para o seu hotel no Dubai, em Sharjah e em Ras Al Khaimah (os participantes que chegam de ABU DHABI ter\u00e3o de se encontrar com o motorista no Dubai ou optar por transferes privados, por favor contacte-nos).<br \/>\nO seu visto de entrada em Om\u00e3<br \/>\nO seu cruzeiro de 5 horas<br \/>\nEquipamento de mergulho (barbatanas, snorkel)<br \/>\nAlmo\u00e7o e bebidas ilimitados<br \/>\nO guia e a equipa<\/p>\n<p><strong>IMPORTANTE:<\/strong> Apenas os participantes dos pa\u00edses aqui indicados poder\u00e3o obter um visto de entrada em Om\u00e3. Se n\u00e3o tiver a nacionalidade de um destes pa\u00edses, lamentamos n\u00e3o poder receb\u00ea-lo nesta atividade: Andorra, \u00c1ustria, B\u00e9lgica, Bulg\u00e1ria, Cro\u00e1cia, Rep\u00fablica Checa, Dinamarca, Est\u00f3nia, Finl\u00e2ndia, Fran\u00e7a, Alemanha, Gr\u00e9cia, Hungria, Isl\u00e2ndia, Irlanda, It\u00e1lia, Litu\u00e2nia, Luxemburgo, Malta, M\u00f3naco, Pa\u00edses Baixos, Noruega, Pol\u00f3nia, Portugal, Rom\u00e9nia, Eslov\u00e1quia, Eslov\u00e9nia, Espanha, Su\u00e9cia, Su\u00ed\u00e7a, Chipre, S\u00e9rvia, Reino Unido, Ucr\u00e2nia, Ge\u00f3rgia, Argentina, Col\u00f4mbia, Brasil, Chile, Paraguai, Uruguai, Austr\u00e1lia, Brunei, Jap\u00e3o, Hong Kong, Mal\u00e1sia, Nova Zel\u00e2ndia, Seicheles, Singapura, Coreia do Sul, Estados Unidos, R\u00fassia, China, Cazaquist\u00e3o...<\/p>\n<p><strong>Localiza\u00e7\u00e3o:<\/strong> Musandam<\/p>","protected":false},"excerpt":{"rendered":"<p>Ao amanhecer, partiremos em dire\u00e7\u00e3o a Om\u00e3, para admirar a sua natureza luxuriante e os seus fiordes sumptuosos, dignos de um postal. Ap\u00f3s 2 horas de estrada, faremos a primeira paragem para atravessar a fronteira, seguida de mais 1 hora de...<\/p>","protected":false},"featured_media":19650,"template":"","meta":[],"product_brand":[],"product_cat":[150,553,552],"product_tag":[],"class_list":{"0":"post-20044","1":"product","2":"type-product","3":"status-publish","4":"has-post-thumbnail","6":"product_cat-parc-dattractions-aquatiques","7":"product_cat-activite-couple","8":"product_cat-activite-enfant","10":"first","11":"instock","12":"featured","13":"shipping-taxable","14":"purchasable","15":"product-type-simple"},"_links":{"self":[{"href":"https:\/\/soldodubai.com\/pt\/wp-json\/wp\/v2\/product\/20044","targetHints":{"allow":["GET"]}}],"collection":[{"href":"https:\/\/soldodubai.com\/pt\/wp-json\/wp\/v2\/product"}],"about":[{"href":"https:\/\/soldodubai.com\/pt\/wp-json\/wp\/v2\/types\/product"}],"version-history":[{"count":0,"href":"https:\/\/soldodubai.com\/pt\/wp-json\/wp\/v2\/product\/20044\/revisions"}],"wp:featuredmedia":[{"embeddable":true,"href":"https:\/\/soldodubai.com\/pt\/wp-json\/wp\/v2\/media\/19650"}],"wp:attachment":[{"href":"https:\/\/soldodubai.com\/pt\/wp-json\/wp\/v2\/media?parent=20044"}],"wp:term":[{"taxonomy":"product_brand","embeddable":true,"href":"https:\/\/soldodubai.com\/pt\/wp-json\/wp\/v2\/product_brand?post=20044"},{"taxonomy":"product_cat","embeddable":true,"href":"https:\/\/soldodubai.com\/pt\/wp-json\/wp\/v2\/product_cat?post=20044"},{"taxonomy":"product_tag","embeddable":true,"href":"https:\/\/soldodubai.com\/pt\/wp-json\/wp\/v2\/product_tag?post=20044"}],"curies":[{"name":"wp","href":"https:\/\/api.w.org\/{rel}","templated":true}]}}