{"id":20045,"date":"2019-12-30T12:21:00","date_gmt":"2019-12-30T11:21:00","guid":{"rendered":"http:\/\/13.36.35.205\/produit\/import-placeholder-for-2016875\/"},"modified":"2025-01-22T16:38:24","modified_gmt":"2025-01-22T15:38:24","slug":"combo-nadar-com-os-golfinhos-no-latlantis-le-parc-aquatique-dubai","status":"publish","type":"product","link":"https:\/\/soldodubai.com\/pt\/p\/combo-nadar-com-os-golfinhos-no-latlantis-le-parc-aquatique-dubai\/","title":{"rendered":"NADAR COM GOLFINHOS E PARQUE AQU\u00c1TICO, ATLANTIS"},"content":{"rendered":"<p>Localizada no majestoso hotel Atlantis The Palm, a Ba\u00eda dos Golfinhos \u00e9 um dos habitats de golfinhos mais sofisticados do mundo. Aqui ter\u00e1 a oportunidade de conhecer, tocar e nadar com os golfinhos num pequeno grupo durante uma sess\u00e3o de 30 minutos. Esta sess\u00e3o divide-se entre a nata\u00e7\u00e3o com os golfinhos e as explica\u00e7\u00f5es dadas pelo seu instrutor. Um momento memor\u00e1vel garantido. Para al\u00e9m desta atividade, ter\u00e1 tamb\u00e9m acesso ao parque aqu\u00e1tico do Atlantis, Aquaventure Waterpark, e \u00e0 sua praia privada, Aquaventure Beach.<\/p>\n<p><strong>INTERAC\u00c7\u00c3O COM O GOLFINHO<\/strong><br \/>\nEncontre o seu golfinho em \u00e1guas pouco profundas para um momento \u00edntimo de dan\u00e7a, car\u00edcias e beijos.<br \/>\nSem idade m\u00ednima, gratuito para menores de 3 anos<br \/>\n<strong>O que inclui a tarifa:<\/strong><br \/>\nInteragir com golfinhos em grupo<br \/>\nEntrada no parque aqu\u00e1tico Atlantis Aquaventure<br \/>\nA combina\u00e7\u00e3o<\/p>\n<p><strong>NADAR COM O GOLFINHO<\/strong><br \/>\nConhecer e nadar em \u00e1guas profundas com o seu golfinho em grupo, para um momento de cumplicidade, sess\u00e3o de 30 minutos.<br \/>\nA partir dos 8 anos<br \/>\n<strong>O que inclui a tarifa:<\/strong><br \/>\nO seu mergulho com o golfinho<br \/>\nEntrada no parque aqu\u00e1tico Atlantis Aquaventure<br \/>\nA combina\u00e7\u00e3o<\/p>\n<p>Importante: De acordo com os regulamentos Atlantis:<br \/>\n- Todas as crian\u00e7as com menos de 8 anos s\u00f3 poder\u00e3o interagir com o golfinho e devem ser acompanhadas por um adulto com mais de 18 anos, que tamb\u00e9m deve escolher um lugar.<br \/>\n- Se desejar acompanhar um participante \u00e0 beira da piscina, deve pagar o montante de <span class=\"woocommerce-Price-amount amount\"><bdi>91.00&nbsp;<span class=\"woocommerce-Price-currencySymbol\">$<\/span><\/bdi><\/span> na entrada do parque (pre\u00e7o para adultos e crian\u00e7as), que tamb\u00e9m lhe permitir\u00e1 tirar fotografias e fazer v\u00eddeos dos participantes.<\/p>\n<p><strong>Localiza\u00e7\u00e3o:<\/strong> Palm Jumeirah<\/p>","protected":false},"excerpt":{"rendered":"<p>Localizada no majestoso hotel Atlantis The Palm, a Ba\u00eda dos Golfinhos \u00e9 um dos habitats de golfinhos mais sofisticados do mundo. Aqui ter\u00e1 a oportunidade de conhecer, tocar e nadar com os golfinhos num pequeno grupo durante uma sess\u00e3o de 30 minutos. Esta sess\u00e3o...<\/p>","protected":false},"featured_media":19684,"template":"","meta":[],"product_brand":[],"product_cat":[150,552],"product_tag":[],"class_list":{"0":"post-20045","1":"product","2":"type-product","3":"status-publish","4":"has-post-thumbnail","6":"product_cat-parc-dattractions-aquatiques","7":"product_cat-activite-enfant","9":"first","10":"instock","11":"featured","12":"virtual","13":"purchasable","14":"product-type-simple"},"_links":{"self":[{"href":"https:\/\/soldodubai.com\/pt\/wp-json\/wp\/v2\/product\/20045","targetHints":{"allow":["GET"]}}],"collection":[{"href":"https:\/\/soldodubai.com\/pt\/wp-json\/wp\/v2\/product"}],"about":[{"href":"https:\/\/soldodubai.com\/pt\/wp-json\/wp\/v2\/types\/product"}],"version-history":[{"count":0,"href":"https:\/\/soldodubai.com\/pt\/wp-json\/wp\/v2\/product\/20045\/revisions"}],"wp:featuredmedia":[{"embeddable":true,"href":"https:\/\/soldodubai.com\/pt\/wp-json\/wp\/v2\/media\/19684"}],"wp:attachment":[{"href":"https:\/\/soldodubai.com\/pt\/wp-json\/wp\/v2\/media?parent=20045"}],"wp:term":[{"taxonomy":"product_brand","embeddable":true,"href":"https:\/\/soldodubai.com\/pt\/wp-json\/wp\/v2\/product_brand?post=20045"},{"taxonomy":"product_cat","embeddable":true,"href":"https:\/\/soldodubai.com\/pt\/wp-json\/wp\/v2\/product_cat?post=20045"},{"taxonomy":"product_tag","embeddable":true,"href":"https:\/\/soldodubai.com\/pt\/wp-json\/wp\/v2\/product_tag?post=20045"}],"curies":[{"name":"wp","href":"https:\/\/api.w.org\/{rel}","templated":true}]}}