{"id":20046,"date":"2015-01-01T12:00:00","date_gmt":"2015-01-01T11:00:00","guid":{"rendered":"http:\/\/13.36.35.205\/produit\/import-placeholder-for-2016893\/"},"modified":"2025-01-23T11:47:29","modified_gmt":"2025-01-23T10:47:29","slug":"safari-no-deserto-jantar-beduino","status":"publish","type":"product","link":"https:\/\/soldodubai.com\/pt\/p\/safari-no-deserto-jantar-beduino\/","title":{"rendered":"SAFARI NO DESERTO, MOTO 4 E\/OU BUGGY OPCIONAL E JANTAR BEDU\u00cdNO"},"content":{"rendered":"<p>Este safari \u00e9 um passeio em 4\u00d74, com diferentes graus de emo\u00e7\u00e3o consoante o tipo de ve\u00edculo escolhido, pelo deserto dos Emirados, de manh\u00e3 ou \u00e0 tarde (p\u00f4r do sol). Durante esta atividade, um motorista ir\u00e1 busc\u00e1-lo ao seu hotel para o levar ao cora\u00e7\u00e3o do deserto. A excurs\u00e3o inclui uma paragem inicial de 30 minutos, consoante a esta\u00e7\u00e3o do ano, durante a qual o condutor esvazia os pneus do ve\u00edculo para evitar o afundamento na areia. Durante esta paragem, poder\u00e1 esticar as pernas, refrescar-se ou desfrutar de uma sess\u00e3o de moto 4 ou de buggy pelas dunas, acompanhado por um guia e num pequeno grupo.<\/p>\n<p>Segue-se um passeio sensacional sobre as dunas num 4X4, depois uma pausa para tirar fotografias e experimentar o sandboard. A op\u00e7\u00e3o de carro privado permite ao condutor adaptar a sua velocidade nas dunas.<\/p>\n<p>Para a op\u00e7\u00e3o do jantar bedu\u00edno, chegar\u00e1 ao acampamento bedu\u00edno, aninhado no cora\u00e7\u00e3o das dunas, ao fim do p\u00f4r do sol. \u00c0 entrada, uma manada de camelos d\u00e1-lhe as boas-vindas para um pequeno passeio, se assim o desejar. O seu motorista conduzi-lo-\u00e1 ao acampamento e indicar-lhe-\u00e1 a sua mesa. O jantar \u00e9 servido em regime de buffet \u00e0 discri\u00e7\u00e3o, com um espet\u00e1culo de dan\u00e7a oriental e de fogo.<\/p>\n<p>-O carrinho pode igualmente acolher crian\u00e7as a partir de 1 ano, colocando-as ao colo para maior conforto e seguran\u00e7a.<br \/>\n-Dura\u00e7\u00e3o da excurs\u00e3o: cerca de 4,5 horas de manh\u00e3 sem jantar ou cerca de 6 horas com jantar<br \/>\n-N\u00e3o \u00e9 necess\u00e1ria licen\u00e7a para quadriciclos ou buggies<br \/>\n-Deve ter pelo menos 15 anos para conduzir uma moto-quatro e 6 anos para ser passageiro.<br \/>\n-Para conduzir o buggy ou moto 4 manual \u00e9 necess\u00e1rio ter 18 anos ou mais e para ser passageiro do buggy \u00e9 necess\u00e1rio ter 1 ano de idade.<br \/>\nAs mulheres gr\u00e1vidas s\u00f3 s\u00e3o autorizadas a faz\u00ea-lo em ve\u00edculos privados e apenas por indica\u00e7\u00e3o do seu m\u00e9dico.<\/p>\n<p>Partida de manh\u00e3 entre as 08:00 e as 09:00<br \/>\nHora de partida da tarde entre:<br \/>\n12.30\/13.30 -&gt; dezembro a meados de fevereiro<br \/>\n13.00\/2.00 -&gt; de meados de fevereiro a fim de abril, outubro e novembro<br \/>\n14:00 \/ 15:00 -&gt;maio<br \/>\n15.00\/16.00 -&gt; junho at\u00e9 ao fim de setembro<\/p>\n<p><strong>Safari de manh\u00e3 e\/ou ao p\u00f4r do sol; O que inclui o pre\u00e7o<\/strong>,<br \/>\nViagem de ida e volta para e do seu hotel ou resid\u00eancia<br \/>\nUma hora de viagem sobre as dunas num ve\u00edculo 4x4 com ar condicionado<br \/>\nPasseio guiado de moto 4\/buggy no cora\u00e7\u00e3o do deserto, se escolhido<br \/>\nSandboard (n\u00e3o obrigat\u00f3rio)<\/p>\n<p>&nbsp;<\/p>\n<p><strong>Safari ao p\u00f4r do sol com jantar bedu\u00edno; O que inclui o pre\u00e7o<\/strong><br \/>\nViagem de ida e volta para e do seu hotel ou resid\u00eancia<br \/>\nUma hora de viagem sobre as dunas num ve\u00edculo 4x4 com ar condicionado<br \/>\nPasseio guiado de moto 4\/buggy no cora\u00e7\u00e3o do deserto, se escolhido<br \/>\nSandboard (n\u00e3o obrigat\u00f3rio)<br \/>\nJantar buffet<br \/>\nEspet\u00e1culo oriental e cuspidor de fogo<br \/>\nChicha no sal\u00e3o dedicado (n\u00e3o obrigat\u00f3rio)<br \/>\nO curto passeio de camelo que passa pelo acampamento bedu\u00edno (n\u00e3o obrigat\u00f3rio)<br \/>\nA tatuagem de hena (n\u00e3o obrigat\u00f3ria)<\/p>\n<p><strong>Composi\u00e7\u00e3o do jantar<\/strong><br \/>\nSalada libanesa Fattoush e Tabbouleh<br \/>\nCreme de hummus e sopa de beringela<br \/>\nFalafel e molho tahini<br \/>\nFrango e carne de vaca grelhados<br \/>\nArroz com especiarias<br \/>\nMacarr\u00e3o chin\u00eas<br \/>\nLegumes em molho<br \/>\nFruta<br \/>\nFritos dos Emirados<br \/>\n\u00c1gua, refrigerantes, ch\u00e1<\/p>\n<p>&nbsp;<\/p>\n<p>&nbsp;<\/p>\n<div id=\"ypm-extension\" class=\"ypm-extension\"><\/div>","protected":false},"excerpt":{"rendered":"<p>Este safari \u00e9 um passeio em 4\u00d74, com diferentes graus de emo\u00e7\u00e3o consoante o tipo de ve\u00edculo escolhido, pelo deserto dos Emirados, de manh\u00e3 ou \u00e0 tarde (p\u00f4r do sol). Durante esta atividade, um motorista ir\u00e1 busc\u00e1-lo ao seu hotel para o levar ao cora\u00e7\u00e3o do deserto...<\/p>","protected":false},"featured_media":2045107,"template":"","meta":[],"product_brand":[],"product_cat":[437,553,552],"product_tag":[],"class_list":{"0":"post-20046","1":"product","2":"type-product","3":"status-publish","4":"has-post-thumbnail","6":"product_cat-activites-dans-le-desert-activites","7":"product_cat-activite-couple","8":"product_cat-activite-enfant","10":"first","11":"instock","12":"shipping-taxable","13":"purchasable","14":"product-type-simple"},"_links":{"self":[{"href":"https:\/\/soldodubai.com\/pt\/wp-json\/wp\/v2\/product\/20046","targetHints":{"allow":["GET"]}}],"collection":[{"href":"https:\/\/soldodubai.com\/pt\/wp-json\/wp\/v2\/product"}],"about":[{"href":"https:\/\/soldodubai.com\/pt\/wp-json\/wp\/v2\/types\/product"}],"version-history":[{"count":0,"href":"https:\/\/soldodubai.com\/pt\/wp-json\/wp\/v2\/product\/20046\/revisions"}],"wp:featuredmedia":[{"embeddable":true,"href":"https:\/\/soldodubai.com\/pt\/wp-json\/wp\/v2\/media\/2045107"}],"wp:attachment":[{"href":"https:\/\/soldodubai.com\/pt\/wp-json\/wp\/v2\/media?parent=20046"}],"wp:term":[{"taxonomy":"product_brand","embeddable":true,"href":"https:\/\/soldodubai.com\/pt\/wp-json\/wp\/v2\/product_brand?post=20046"},{"taxonomy":"product_cat","embeddable":true,"href":"https:\/\/soldodubai.com\/pt\/wp-json\/wp\/v2\/product_cat?post=20046"},{"taxonomy":"product_tag","embeddable":true,"href":"https:\/\/soldodubai.com\/pt\/wp-json\/wp\/v2\/product_tag?post=20046"}],"curies":[{"name":"wp","href":"https:\/\/api.w.org\/{rel}","templated":true}]}}