{"id":20047,"date":"2020-12-16T12:21:00","date_gmt":"2020-12-16T11:21:00","guid":{"rendered":"http:\/\/13.36.35.205\/produit\/import-placeholder-for-2016814\/"},"modified":"2024-08-02T16:22:34","modified_gmt":"2024-08-02T15:22:34","slug":"passeiodecamelo","status":"publish","type":"product","link":"https:\/\/soldodubai.com\/pt\/p\/passeiodecamelo\/","title":{"rendered":"PASSEIO DE CAMELO COM JANTAR TRADICIONAL"},"content":{"rendered":"<p style=\"text-align: left;\">Recuamos no tempo at\u00e9 \u00e0 era bedu\u00edna dos anos 20, quando o camelo era o \u00fanico meio de locomo\u00e7\u00e3o.<\/p>\n<p style=\"text-align: left;\">Durante esta atividade muito exclusiva, reviva a vida dos bedu\u00ednos e desfrute de um passeio de camelo no cora\u00e7\u00e3o da reserva protegida do Deserto Vermelho do Dubai, pertencente \u00e0 fam\u00edlia real.<\/p>\n<p style=\"text-align: left;\">Este passeio tem lugar \u00e0 tarde e \u00e9 seguido de uma refei\u00e7\u00e3o tradicional bedu\u00edna servida num acampamento aninhado nas dunas.<\/p>\n<p style=\"text-align: left;\">Deixado em 4X4 no deserto, o seu camelo estar\u00e1 \u00e0 sua espera para um primeiro passeio de 45 minutos, seguido de uma pausa durante a qual assistir\u00e1 \u00e0 ca\u00e7a de um falc\u00e3o e lhe ser\u00e1 servida uma bebida refrescante. Ap\u00f3s esta pausa, ser\u00e1 conduzido num Land Rover antigo at\u00e9 ao local onde ir\u00e1 jantar. Alguns minutos de carro \u00e0 volta das dunas para chegar ao seu destino.<\/p>\n<p style=\"text-align: left;\">\u00c0 noite, a atividade ser\u00e1 encerrada com can\u00e7\u00f5es e dan\u00e7as dos Emirados.<br \/>\nComo lembran\u00e7a, pode partir com uma tatuagem de hena inclu\u00edda na sua atividade.<\/p>\n<p>- Excurs\u00e3o de 6 horas<br \/>\n- As mulheres gr\u00e1vidas e as crian\u00e7as com menos de 5 anos n\u00e3o poder\u00e3o participar.<br \/>\n- Partida \u00e0 tarde entre as 14h30 e as 16h30, consoante a \u00e9poca<br \/>\n- Regresso entre as 20h30 e as 22h30, consoante a \u00e9poca<\/p>\n<p><strong>Composi\u00e7\u00e3o do jantar :<\/strong><br \/>\nPor favor, escolha se pretende uma refei\u00e7\u00e3o vegetariana, kosher, vegan ou sem gl\u00faten.<br \/>\nSaladas libanesas, Fattoush e Tabbouleh<br \/>\nCreme de h\u00famus e creme de beringela com p\u00e3o dos Emirados<br \/>\nCarne de vaca grelhada e frango marinado<br \/>\nBorrego cozinhado lentamente com especiarias dos Emirados<br \/>\nArroz branco e com especiarias<br \/>\nFrutas e bolinhos fritos dos Emirados<br \/>\n\u00c1gua, ch\u00e1 e caf\u00e9 dos Emirados<br \/>\nSumo de fruta<\/p>\n<p><strong>O que inclui a tarifa:<\/strong><br \/>\nTransferes de ida e volta do seu hotel<br \/>\nO passeio de camelo de 45 minutos<br \/>\nJantar tradicional dos Emirados<br \/>\nA pausa para a hena<br \/>\nO espet\u00e1culo dos Emirados<br \/>\nDemonstra\u00e7\u00e3o de falcoaria<\/p>\n<p><strong>Localiza\u00e7\u00e3o:<\/strong> Reserva de conserva\u00e7\u00e3o do deserto do Dubai<\/p>\n<p>\u00c9 poss\u00edvel combinar esta atividade com a noite no deserto ou a noite no deserto e o nascer do sol num bal\u00e3o de ar quente. Pode encontrar as descri\u00e7\u00f5es destas duas actividades no nosso s\u00edtio Web, clicando nos links abaixo:<br \/>\n<a href=\"https:\/\/soldodubai.com\/pt\/p\/nuit-dans-le-desert-safari-decouverte\/\">Noite no deserto<\/a><br \/>\n<a href=\"https:\/\/soldodubai.com\/pt\/p\/tour-en-montgolfiere\/\">Nascer do sol num bal\u00e3o de ar quente<\/a><\/p>\n<div id=\"ypm-extension\" class=\"ypm-extension\"><\/div>","protected":false},"excerpt":{"rendered":"<p>Recue no tempo at\u00e9 \u00e0 era bedu\u00edna dos anos 20, quando o camelo era o \u00fanico meio de locomo\u00e7\u00e3o. Durante esta atividade muito exclusiva, reviva a vida dos bedu\u00ednos e desfrute de um passeio de camelo no cora\u00e7\u00e3o da reserva protegida do Deserto Vermelho...<\/p>","protected":false},"featured_media":19656,"template":"","meta":[],"product_brand":[],"product_cat":[437,536,553],"product_tag":[],"class_list":{"0":"post-20047","1":"product","2":"type-product","3":"status-publish","4":"has-post-thumbnail","6":"product_cat-activites-dans-le-desert-activites","7":"product_cat-activites-dans-le-desert","8":"product_cat-activite-couple","10":"first","11":"instock","12":"virtual","13":"purchasable","14":"product-type-simple"},"_links":{"self":[{"href":"https:\/\/soldodubai.com\/pt\/wp-json\/wp\/v2\/product\/20047","targetHints":{"allow":["GET"]}}],"collection":[{"href":"https:\/\/soldodubai.com\/pt\/wp-json\/wp\/v2\/product"}],"about":[{"href":"https:\/\/soldodubai.com\/pt\/wp-json\/wp\/v2\/types\/product"}],"version-history":[{"count":0,"href":"https:\/\/soldodubai.com\/pt\/wp-json\/wp\/v2\/product\/20047\/revisions"}],"wp:featuredmedia":[{"embeddable":true,"href":"https:\/\/soldodubai.com\/pt\/wp-json\/wp\/v2\/media\/19656"}],"wp:attachment":[{"href":"https:\/\/soldodubai.com\/pt\/wp-json\/wp\/v2\/media?parent=20047"}],"wp:term":[{"taxonomy":"product_brand","embeddable":true,"href":"https:\/\/soldodubai.com\/pt\/wp-json\/wp\/v2\/product_brand?post=20047"},{"taxonomy":"product_cat","embeddable":true,"href":"https:\/\/soldodubai.com\/pt\/wp-json\/wp\/v2\/product_cat?post=20047"},{"taxonomy":"product_tag","embeddable":true,"href":"https:\/\/soldodubai.com\/pt\/wp-json\/wp\/v2\/product_tag?post=20047"}],"curies":[{"name":"wp","href":"https:\/\/api.w.org\/{rel}","templated":true}]}}