{"id":20048,"date":"2020-12-16T12:21:00","date_gmt":"2020-12-16T11:21:00","guid":{"rendered":"http:\/\/13.36.35.205\/produit\/import-placeholder-for-2016815\/"},"modified":"2025-01-22T16:38:13","modified_gmt":"2025-01-22T15:38:13","slug":"noitenodesertocomsafari","status":"publish","type":"product","link":"https:\/\/soldodubai.com\/pt\/p\/noitenodesertocomsafari\/","title":{"rendered":"Noite no deserto com safari,  jantar \ntradicional e caf\u00e9 da manh\u00e3"},"content":{"rendered":"<p>A bordo de Land Rovers antigos, deixados aos bedu\u00ednos pelos brit\u00e2nicos nos anos 70, partir\u00e1 para observar a flora e a fauna do deserto dos Emirados.<br \/>\nEste passeio de uma hora inclui uma s\u00e9rie de paragens onde se pode aprender mais sobre o deserto dos Emirados e os seus habitantes.<br \/>\nDurante esta atividade, ir\u00e1 em busca de animais selvagens, podendo ver gazelas e ant\u00edlopes.<br \/>\nEsta visita guiada termina num soberbo acampamento bedu\u00edno onde o jantar ser\u00e1 servido \u00e0 mesa para as entradas e em forma de buffet para os pratos principais e sobremesas.<\/p>\n<p>Neste acampamento, tudo \u00e9 cozinhado de forma tradicional, desde o caf\u00e9 e o p\u00e3o at\u00e9 \u00e0 carne e aos fritos. Pode fazer um curto passeio de camelo at\u00e9 ao acampamento e fazer a sua hena.<br \/>\n\u00c9 neste acampamento que se mudar\u00e1 para o seu quarto exclusivo, equipado com camas e todo o conforto de que necessita. O acampamento est\u00e1 equipado com chuveiros e casas de banho, mas n\u00e3o disp\u00f5e de Wi-Fi nem de televis\u00e3o.<br \/>\nO caf\u00e9 da manh\u00e3 \u00e9 servido todas as manh\u00e3s.<\/p>\n<p>- Crian\u00e7as de 1 a 11 anos<br \/>\n- Autorizado para mulheres gr\u00e1vidas at\u00e9 6 meses<br \/>\n- Partida entre as 14h30 e as 16h30, consoante a esta\u00e7\u00e3o do ano<br \/>\n- Regresso entre as 9h00 e as 10h00, consoante a \u00e9poca<\/p>\n<p><strong>Composi\u00e7\u00e3o do caf\u00e9 da mnh\u00e3 :<\/strong><br \/>\nPor favor, escolha no momento da reserva se prefere uma refei\u00e7\u00e3o vegetariana, vegan, kosher ou sem gl\u00faten.<br \/>\nFruta<br \/>\nCharcutaria e salm\u00e3o fumado<br \/>\nOvos Benedict, Ovos Florentine, omeleta<br \/>\nSaladas<br \/>\nFarinhas e f\u00e9culas<br \/>\nQueijo<br \/>\nP\u00e3o<br \/>\n\u00c1gua, sumo, ch\u00e1, caf\u00e9<br \/>\n<strong>Composi\u00e7\u00e3o do jantar :<\/strong><br \/>\nSaladas libanesas, Fattoush e Tabbouleh<br \/>\nCreme de h\u00famus e creme de beringela com p\u00e3o dos Emirados<br \/>\nCarne de vaca grelhada e frango marinado<br \/>\nBorrego cozinhado lentamente com especiarias dos Emirados<br \/>\nArroz branco e com especiarias<br \/>\nFrutas e bolinhos fritos dos Emirados<br \/>\n\u00c1gua, ch\u00e1 e caf\u00e9 dos Emirados<br \/>\nSumo de fruta<\/p>\n<p><strong>O que inclui a tarifa:<\/strong><br \/>\nTransferes de ida e volta do seu hotel<br \/>\nUma hora de viagem num Land Rover antigo<br \/>\nO seu guia<br \/>\nJantar e caf\u00e9 da manh\u00e3 tradicionais dos Emirados<br \/>\nChicha<br \/>\nAplica\u00e7\u00e3o de Henna, se desejar<br \/>\nUm pequeno passeio de camelo, se desejar<br \/>\nO espet\u00e1culo tradicional dos Emirados<br \/>\nO seu quarto totalmente equipado<\/p>\n<p><strong>Localiza\u00e7\u00e3o:<\/strong> Reserva de conserva\u00e7\u00e3o do deserto do Dubai<\/p>\n<p>\u00c9 poss\u00edvel combinar esta atividade com um nascer do sol num bal\u00e3o de ar quente. Pode encontrar uma descri\u00e7\u00e3o desta atividade no nosso  web site, clicando no link abaixo:<br \/>\n<a href=\"https:\/\/soldodubai.com\/pt\/p\/tour-en-montgolfiere\/\">Nascer do sol num bal\u00e3o de ar quente<\/a><\/p>\n<div id=\"ypm-extension\" class=\"ypm-extension\"><\/div>","protected":false},"excerpt":{"rendered":"<p>&nbsp;<\/p>\n<div id=\"ypm-extension\" class=\"ypm-extension\"><\/div>","protected":false},"featured_media":19661,"template":"","meta":[],"product_brand":[],"product_cat":[437,553],"product_tag":[],"class_list":{"0":"post-20048","1":"product","2":"type-product","3":"status-publish","4":"has-post-thumbnail","6":"product_cat-activites-dans-le-desert-activites","7":"product_cat-activite-couple","9":"first","10":"instock","11":"virtual","12":"purchasable","13":"product-type-simple"},"_links":{"self":[{"href":"https:\/\/soldodubai.com\/pt\/wp-json\/wp\/v2\/product\/20048","targetHints":{"allow":["GET"]}}],"collection":[{"href":"https:\/\/soldodubai.com\/pt\/wp-json\/wp\/v2\/product"}],"about":[{"href":"https:\/\/soldodubai.com\/pt\/wp-json\/wp\/v2\/types\/product"}],"version-history":[{"count":0,"href":"https:\/\/soldodubai.com\/pt\/wp-json\/wp\/v2\/product\/20048\/revisions"}],"wp:featuredmedia":[{"embeddable":true,"href":"https:\/\/soldodubai.com\/pt\/wp-json\/wp\/v2\/media\/19661"}],"wp:attachment":[{"href":"https:\/\/soldodubai.com\/pt\/wp-json\/wp\/v2\/media?parent=20048"}],"wp:term":[{"taxonomy":"product_brand","embeddable":true,"href":"https:\/\/soldodubai.com\/pt\/wp-json\/wp\/v2\/product_brand?post=20048"},{"taxonomy":"product_cat","embeddable":true,"href":"https:\/\/soldodubai.com\/pt\/wp-json\/wp\/v2\/product_cat?post=20048"},{"taxonomy":"product_tag","embeddable":true,"href":"https:\/\/soldodubai.com\/pt\/wp-json\/wp\/v2\/product_tag?post=20048"}],"curies":[{"name":"wp","href":"https:\/\/api.w.org\/{rel}","templated":true}]}}