{"id":20049,"date":"2020-12-16T12:21:00","date_gmt":"2020-12-16T11:21:00","guid":{"rendered":"http:\/\/13.36.35.205\/produit\/import-placeholder-for-2016840\/"},"modified":"2024-08-02T16:32:59","modified_gmt":"2024-08-02T15:32:59","slug":"espectaculodegolfinhos","status":"publish","type":"product","link":"https:\/\/soldodubai.com\/pt\/p\/espectaculodegolfinhos\/","title":{"rendered":"ESPECT\u00c1CULO DE GOLFINHOS E LE\u00d5ES-MARINHOS, DUBAI"},"content":{"rendered":"<p>Localizado no Creek Park do Dubai, este espet\u00e1culo de 45 minutos apresenta golfinhos e focas talentosos que fazem truques incr\u00edveis.<\/p>\n<p>Uma equipa de animadores est\u00e1 presente durante todo o espet\u00e1culo para interagir com o p\u00fablico e envolv\u00ea-lo.<\/p>\n<p>Na ementa: piruetas de golfinhos, um jogo de voleibol entre focas e acrobacias surpreendentes realizadas pela equipa de anima\u00e7\u00e3o. Voc\u00ea e os seus filhos v\u00e3o ficar maravilhados e rir \u00e0s gargalhadas, e o dia ser\u00e1 inesquec\u00edvel. Poder\u00e1 escolher entre duas zonas de lugares: a zona normal, onde os lugares s\u00e3o livres, e a zona VIP, situada no centro do audit\u00f3rio.<br \/>\nDica SDD: Como o recinto est\u00e1 bem organizado (em forma de lua e lugares altos), todos os lugares, quer sejam VIP ou normais, permitir\u00e3o desfrutar do espet\u00e1culo ao m\u00e1ximo.<\/p>\n<p><strong>O que inclui a tarifa:<\/strong><br \/>\nO seu bilhete para o espet\u00e1culo de 45 minutos<\/p>\n<p><strong>Localiza\u00e7\u00e3o:<\/strong> Dubai creek<\/p>","protected":false},"excerpt":{"rendered":"<p>Localizado no Creek Park do Dubai, este espet\u00e1culo de 45 minutos apresenta golfinhos e focas talentosos que fazem truques incr\u00edveis. Uma equipa de animadores est\u00e1 dispon\u00edvel durante todo o espet\u00e1culo para interagir com o p\u00fablico e...<\/p>","protected":false},"featured_media":19662,"template":"","meta":[],"product_brand":[],"product_cat":[138,552],"product_tag":[],"class_list":{"0":"post-20049","1":"product","2":"type-product","3":"status-publish","4":"has-post-thumbnail","6":"product_cat-activites-en-ville-parcs-dattractions","7":"product_cat-activite-enfant","9":"first","10":"instock","11":"virtual","12":"purchasable","13":"product-type-simple"},"_links":{"self":[{"href":"https:\/\/soldodubai.com\/pt\/wp-json\/wp\/v2\/product\/20049","targetHints":{"allow":["GET"]}}],"collection":[{"href":"https:\/\/soldodubai.com\/pt\/wp-json\/wp\/v2\/product"}],"about":[{"href":"https:\/\/soldodubai.com\/pt\/wp-json\/wp\/v2\/types\/product"}],"version-history":[{"count":0,"href":"https:\/\/soldodubai.com\/pt\/wp-json\/wp\/v2\/product\/20049\/revisions"}],"wp:featuredmedia":[{"embeddable":true,"href":"https:\/\/soldodubai.com\/pt\/wp-json\/wp\/v2\/media\/19662"}],"wp:attachment":[{"href":"https:\/\/soldodubai.com\/pt\/wp-json\/wp\/v2\/media?parent=20049"}],"wp:term":[{"taxonomy":"product_brand","embeddable":true,"href":"https:\/\/soldodubai.com\/pt\/wp-json\/wp\/v2\/product_brand?post=20049"},{"taxonomy":"product_cat","embeddable":true,"href":"https:\/\/soldodubai.com\/pt\/wp-json\/wp\/v2\/product_cat?post=20049"},{"taxonomy":"product_tag","embeddable":true,"href":"https:\/\/soldodubai.com\/pt\/wp-json\/wp\/v2\/product_tag?post=20049"}],"curies":[{"name":"wp","href":"https:\/\/api.w.org\/{rel}","templated":true}]}}