{"id":20050,"date":"2020-12-16T12:21:00","date_gmt":"2020-12-16T11:21:00","guid":{"rendered":"http:\/\/13.36.35.205\/produit\/import-placeholder-for-2016843\/"},"modified":"2024-08-02T16:23:24","modified_gmt":"2024-08-02T15:23:24","slug":"wildwadiparqueaquatico","status":"publish","type":"product","link":"https:\/\/soldodubai.com\/pt\/p\/wildwadiparqueaquatico\/","title":{"rendered":"WILD WADI, PARQUE AQU\u00c1TICO, DUBAI"},"content":{"rendered":"<p>O Wild Wadi \u00e9 um parque aqu\u00e1tico para adultos e crian\u00e7as situado no cora\u00e7\u00e3o do Dubai, perto do complexo hoteleiro Jumeirah de 5*.<br \/>\nO parque \u00e9 composto por uma s\u00e9rie de atrac\u00e7\u00f5es, incluindo escorregas, cada um t\u00e3o vertiginoso como o outro, v\u00e1rias piscinas, um rio artificial para navegar e uma variedade de restaurantes e snack-bares. Alguns dos escorregas do parque podem ser desfrutados sozinhos ou em pares, sentados em b\u00f3ias. Note-se que mais escorregas s\u00e3o acess\u00edveis a quem flutua sozinho.<\/p>\n<p>Na piscina central, encontra-se a zona dedicada aos mais pequenos, com fontes, escorregas e jactos de \u00e1gua. Nesta mesma piscina, s\u00e3o lan\u00e7adas ondas artificiais em v\u00e1rias ocasi\u00f5es para criar uma ondula\u00e7\u00e3o mar\u00edtima mais realista. Os cacifos est\u00e3o dispon\u00edveis nos balne\u00e1rios e podem ser alugados ao dia na rece\u00e7\u00e3o.<\/p>\n<p>- O parque est\u00e1 aberto todos os dias das 10.00 \u00e0s 18.00 horas<br \/>\n- Biqu\u00edni, cal\u00e7\u00f5es de banho para homem e burkini permitidos<\/p>\n<p><strong>O que inclui a tarifa:<\/strong><br \/>\nA sua entrada no parque<\/p>\n<p><strong>Localiza\u00e7\u00e3o:<\/strong> Umm Suqeimm, estrada de Jumeirah<\/p>","protected":false},"excerpt":{"rendered":"<p>O Wild Wadi \u00e9 um parque aqu\u00e1tico para adultos e crian\u00e7as situado no cora\u00e7\u00e3o do Dubai, perto do complexo hoteleiro Jumeirah 5*. O parque \u00e9 composto por v\u00e1rias atrac\u00e7\u00f5es, incluindo escorregas, cada um t\u00e3o vertiginoso como o outro, v\u00e1rias piscinas, um rio artificial...<\/p>","protected":false},"featured_media":19664,"template":"","meta":[],"product_brand":[],"product_cat":[140,150,552],"product_tag":[],"class_list":{"0":"post-20050","1":"product","2":"type-product","3":"status-publish","4":"has-post-thumbnail","6":"product_cat-activites","7":"product_cat-parc-dattractions-aquatiques","8":"product_cat-activite-enfant","10":"first","11":"instock","12":"virtual","13":"purchasable","14":"product-type-simple"},"_links":{"self":[{"href":"https:\/\/soldodubai.com\/pt\/wp-json\/wp\/v2\/product\/20050","targetHints":{"allow":["GET"]}}],"collection":[{"href":"https:\/\/soldodubai.com\/pt\/wp-json\/wp\/v2\/product"}],"about":[{"href":"https:\/\/soldodubai.com\/pt\/wp-json\/wp\/v2\/types\/product"}],"version-history":[{"count":0,"href":"https:\/\/soldodubai.com\/pt\/wp-json\/wp\/v2\/product\/20050\/revisions"}],"wp:featuredmedia":[{"embeddable":true,"href":"https:\/\/soldodubai.com\/pt\/wp-json\/wp\/v2\/media\/19664"}],"wp:attachment":[{"href":"https:\/\/soldodubai.com\/pt\/wp-json\/wp\/v2\/media?parent=20050"}],"wp:term":[{"taxonomy":"product_brand","embeddable":true,"href":"https:\/\/soldodubai.com\/pt\/wp-json\/wp\/v2\/product_brand?post=20050"},{"taxonomy":"product_cat","embeddable":true,"href":"https:\/\/soldodubai.com\/pt\/wp-json\/wp\/v2\/product_cat?post=20050"},{"taxonomy":"product_tag","embeddable":true,"href":"https:\/\/soldodubai.com\/pt\/wp-json\/wp\/v2\/product_tag?post=20050"}],"curies":[{"name":"wp","href":"https:\/\/api.w.org\/{rel}","templated":true}]}}