{"id":20051,"date":"2020-12-16T12:21:00","date_gmt":"2020-12-16T11:21:00","guid":{"rendered":"http:\/\/13.36.35.205\/produit\/import-placeholder-for-2016844\/"},"modified":"2024-08-02T16:21:10","modified_gmt":"2024-08-02T15:21:10","slug":"yaswaterworld","status":"publish","type":"product","link":"https:\/\/soldodubai.com\/pt\/p\/yaswaterworld\/","title":{"rendered":"YAS WATERWORLD, PARQUE AQU\u00c1TICO, ABU DHABI"},"content":{"rendered":"<p>O Yas Island foi designado como o maior parque aqu\u00e1tico do mundo. Est\u00e1 localizado em Abu Dhabi, na Ilha Yas, onde tamb\u00e9m se encontra o Ferrari World. Este parque aqu\u00e1tico oferece aos seus banhistas v\u00e1rios escorregas e atrac\u00e7\u00f5es, cada um mais louco que o outro. Um dia memor\u00e1vel garantido.<\/p>\n<p>- O Yas Waterworld abre todos os dias das 10h00 \u00e0s 19h00 (pode variar consoante a \u00e9poca).<br \/>\n- Biqu\u00edni, cal\u00e7\u00f5es de banho para homem e burkini permitidos<br \/>\n- Gratuito para crian\u00e7as com menos de 3 anos<\/p>\n<p><strong>O que inclui a tarifa:<\/strong><br \/>\nA sua entrada no parque aqu\u00e1tico<br \/>\nAcesso ilimitado \u00e0s atrac\u00e7\u00f5es sujeito \u00e0s regras do parque (peso, altura, etc.)<\/p>\n<p><strong>Localiza\u00e7\u00e3o:<\/strong> Ilha de Yas<\/p>","protected":false},"excerpt":{"rendered":"<p>O Yas Island foi designado como o maior parque aqu\u00e1tico do mundo. Est\u00e1 localizado em Abu Dhabi, na Ilha Yas, onde tamb\u00e9m se encontra o Ferrari World. Este parque aqu\u00e1tico oferece aos seus banhistas v\u00e1rios escorregas e as mais loucas atrac\u00e7\u00f5es...<\/p>","protected":false},"featured_media":2047217,"template":"","meta":[],"product_brand":[],"product_cat":[150,552],"product_tag":[],"class_list":{"0":"post-20051","1":"product","2":"type-product","3":"status-publish","4":"has-post-thumbnail","6":"product_cat-parc-dattractions-aquatiques","7":"product_cat-activite-enfant","9":"first","10":"instock","11":"virtual","12":"purchasable","13":"product-type-simple"},"_links":{"self":[{"href":"https:\/\/soldodubai.com\/pt\/wp-json\/wp\/v2\/product\/20051","targetHints":{"allow":["GET"]}}],"collection":[{"href":"https:\/\/soldodubai.com\/pt\/wp-json\/wp\/v2\/product"}],"about":[{"href":"https:\/\/soldodubai.com\/pt\/wp-json\/wp\/v2\/types\/product"}],"version-history":[{"count":0,"href":"https:\/\/soldodubai.com\/pt\/wp-json\/wp\/v2\/product\/20051\/revisions"}],"wp:featuredmedia":[{"embeddable":true,"href":"https:\/\/soldodubai.com\/pt\/wp-json\/wp\/v2\/media\/2047217"}],"wp:attachment":[{"href":"https:\/\/soldodubai.com\/pt\/wp-json\/wp\/v2\/media?parent=20051"}],"wp:term":[{"taxonomy":"product_brand","embeddable":true,"href":"https:\/\/soldodubai.com\/pt\/wp-json\/wp\/v2\/product_brand?post=20051"},{"taxonomy":"product_cat","embeddable":true,"href":"https:\/\/soldodubai.com\/pt\/wp-json\/wp\/v2\/product_cat?post=20051"},{"taxonomy":"product_tag","embeddable":true,"href":"https:\/\/soldodubai.com\/pt\/wp-json\/wp\/v2\/product_tag?post=20051"}],"curies":[{"name":"wp","href":"https:\/\/api.w.org\/{rel}","templated":true}]}}