{"id":20052,"date":"2020-12-16T12:21:00","date_gmt":"2020-12-16T11:21:00","guid":{"rendered":"http:\/\/13.36.35.205\/produit\/import-placeholder-for-2016845\/"},"modified":"2024-08-02T16:31:20","modified_gmt":"2024-08-02T15:31:20","slug":"ferrari-world-abu-dhabi-2","status":"publish","type":"product","link":"https:\/\/soldodubai.com\/pt\/p\/ferrari-world-abu-dhabi-2\/","title":{"rendered":"FERRARI WORLD, PARQUE TEM\u00c1TICO, ABU DHABI"},"content":{"rendered":"<p>Parque de divers\u00f5es dedicado aos amantes da Ferrari e ao mundo da Ferrari situado em Abu Dhabi, na Ilha Yas. Neste parque, pode descobrir a hist\u00f3ria da Ferrari, mas tamb\u00e9m participar em atrac\u00e7\u00f5es relacionadas com a Ferrari, incluindo comboios sensacionais para jovens e idosos e uma pista de corrida onde pode conduzir este potente carro de corrida. Adrenalina garantida.<\/p>\n<p>- O Ferrari World abre todos os dias das 11h00 \u00e0s 20h00 (pode variar consoante a \u00e9poca)<br \/>\n- Gratuito para crian\u00e7as com menos de 3 anos, inclusive<\/p>\n<p><strong>O que inclui a tarifa:<\/strong><br \/>\nEntrada no parque e nas atrac\u00e7\u00f5es<\/p>\n<p><strong>Localiza\u00e7\u00e3o:<\/strong> Ilha de Yas<\/p>","protected":false},"excerpt":{"rendered":"<p>Parque de divers\u00f5es dedicado aos amantes da Ferrari e ao mundo da Ferrari situado em Abu Dhabi, na Ilha Yas. Neste parque, \u00e9 poss\u00edvel descobrir a hist\u00f3ria da Ferrari, mas tamb\u00e9m participar em atrac\u00e7\u00f5es relacionadas com a Ferrari, incluindo comboios sensacionais para adultos e crian\u00e7as.<\/p>","protected":false},"featured_media":19666,"template":"","meta":[],"product_brand":[],"product_cat":[140,138],"product_tag":[],"class_list":{"0":"post-20052","1":"product","2":"type-product","3":"status-publish","4":"has-post-thumbnail","6":"product_cat-activites","7":"product_cat-activites-en-ville-parcs-dattractions","9":"first","10":"instock","11":"featured","12":"virtual","13":"purchasable","14":"product-type-simple"},"_links":{"self":[{"href":"https:\/\/soldodubai.com\/pt\/wp-json\/wp\/v2\/product\/20052","targetHints":{"allow":["GET"]}}],"collection":[{"href":"https:\/\/soldodubai.com\/pt\/wp-json\/wp\/v2\/product"}],"about":[{"href":"https:\/\/soldodubai.com\/pt\/wp-json\/wp\/v2\/types\/product"}],"version-history":[{"count":0,"href":"https:\/\/soldodubai.com\/pt\/wp-json\/wp\/v2\/product\/20052\/revisions"}],"wp:featuredmedia":[{"embeddable":true,"href":"https:\/\/soldodubai.com\/pt\/wp-json\/wp\/v2\/media\/19666"}],"wp:attachment":[{"href":"https:\/\/soldodubai.com\/pt\/wp-json\/wp\/v2\/media?parent=20052"}],"wp:term":[{"taxonomy":"product_brand","embeddable":true,"href":"https:\/\/soldodubai.com\/pt\/wp-json\/wp\/v2\/product_brand?post=20052"},{"taxonomy":"product_cat","embeddable":true,"href":"https:\/\/soldodubai.com\/pt\/wp-json\/wp\/v2\/product_cat?post=20052"},{"taxonomy":"product_tag","embeddable":true,"href":"https:\/\/soldodubai.com\/pt\/wp-json\/wp\/v2\/product_tag?post=20052"}],"curies":[{"name":"wp","href":"https:\/\/api.w.org\/{rel}","templated":true}]}}