{"id":20053,"date":"2020-12-16T12:21:00","date_gmt":"2020-12-16T11:21:00","guid":{"rendered":"http:\/\/13.36.35.205\/produit\/import-placeholder-for-2016855\/"},"modified":"2024-08-02T16:30:33","modified_gmt":"2024-08-02T15:30:33","slug":"motiongateparque","status":"publish","type":"product","link":"https:\/\/soldodubai.com\/pt\/p\/motiongateparque\/","title":{"rendered":"PARQUE TEM\u00c1TICO MOTIONGATE, DUBAI"},"content":{"rendered":"<p>Este enorme parque tem\u00e1tico apresenta mais de 100 jogos e comboios sensacionais. Est\u00e1 dividido em bairros, cada um com um tema baseado num filme. H\u00e1 Hunger Games, Ghostbusters, Smurfs, Hotel Transylvania, Panda Kung Fu e muito mais para descobrir. Faz parte do Dubai Parks, que inclui os outros parques tem\u00e1ticos, o Legoland Waterpark e o Legoland.<\/p>\n<p>- Hor\u00e1rio do parque:<br \/>\nS\u00e1bado a quarta-feira: das 11h30 \u00e0s 20h30 (pode variar consoante a \u00e9poca)<br \/>\nQuintas e sextas-feiras: das 11h30 \u00e0s 21h30 (pode variar consoante a \u00e9poca)<br \/>\n- Gratuito para crian\u00e7as com menos de 3 anos<\/p>\n<p><strong>O que inclui a tarifa:<\/strong><br \/>\nEntrada ilimitada no(s) parque(s) e nas atrac\u00e7\u00f5es, sujeita aos regulamentos do parque (altura, peso, etc.)<\/p>\n<p><strong>Localiza\u00e7\u00e3o:<\/strong> Jebel Ali<\/p>","protected":false},"excerpt":{"rendered":"<p>Este enorme parque tem\u00e1tico apresenta mais de 100 jogos e comboios sensacionais. Est\u00e1 dividido em bairros, cada um com um tema baseado num filme. H\u00e1 atrac\u00e7\u00f5es baseadas na saga dos Jogos da Fome, nos Ca\u00e7a-Fantasmas,...<\/p>","protected":false},"featured_media":19667,"template":"","meta":[],"product_brand":[],"product_cat":[138,552],"product_tag":[],"class_list":{"0":"post-20053","1":"product","2":"type-product","3":"status-publish","4":"has-post-thumbnail","6":"product_cat-activites-en-ville-parcs-dattractions","7":"product_cat-activite-enfant","9":"first","10":"instock","11":"virtual","12":"purchasable","13":"product-type-simple"},"_links":{"self":[{"href":"https:\/\/soldodubai.com\/pt\/wp-json\/wp\/v2\/product\/20053","targetHints":{"allow":["GET"]}}],"collection":[{"href":"https:\/\/soldodubai.com\/pt\/wp-json\/wp\/v2\/product"}],"about":[{"href":"https:\/\/soldodubai.com\/pt\/wp-json\/wp\/v2\/types\/product"}],"version-history":[{"count":0,"href":"https:\/\/soldodubai.com\/pt\/wp-json\/wp\/v2\/product\/20053\/revisions"}],"wp:featuredmedia":[{"embeddable":true,"href":"https:\/\/soldodubai.com\/pt\/wp-json\/wp\/v2\/media\/19667"}],"wp:attachment":[{"href":"https:\/\/soldodubai.com\/pt\/wp-json\/wp\/v2\/media?parent=20053"}],"wp:term":[{"taxonomy":"product_brand","embeddable":true,"href":"https:\/\/soldodubai.com\/pt\/wp-json\/wp\/v2\/product_brand?post=20053"},{"taxonomy":"product_cat","embeddable":true,"href":"https:\/\/soldodubai.com\/pt\/wp-json\/wp\/v2\/product_cat?post=20053"},{"taxonomy":"product_tag","embeddable":true,"href":"https:\/\/soldodubai.com\/pt\/wp-json\/wp\/v2\/product_tag?post=20053"}],"curies":[{"name":"wp","href":"https:\/\/api.w.org\/{rel}","templated":true}]}}