{"id":20055,"date":"2020-12-16T12:21:00","date_gmt":"2020-12-16T11:21:00","guid":{"rendered":"http:\/\/13.36.35.205\/produit\/import-placeholder-for-2016869\/"},"modified":"2024-08-02T16:29:52","modified_gmt":"2024-08-02T15:29:52","slug":"legolandparque","status":"publish","type":"product","link":"https:\/\/soldodubai.com\/pt\/p\/legolandparque\/","title":{"rendered":"PARQUE LEGOLAND, DUBAI"},"content":{"rendered":"<p>O parque Legoland est\u00e1 situado em Jebel Ali, perto de dois outros parques tem\u00e1ticos: o parque aqu\u00e1tico Legoland e o Motion Gate.<br \/>\nEste parque tem\u00e1tico, dedicado principalmente a crian\u00e7as at\u00e9 aos 12 anos de idade, foi totalmente inspirado no mundo dos Legos. Dentro do parque, encontrar\u00e1 uma s\u00e9rie de atrac\u00e7\u00f5es, incluindo comboios e passeios sensacionais, bem como v\u00e1rios restaurantes e caf\u00e9s.<br \/>\n- Gratuito para crian\u00e7as com menos de 3 anos<\/p>\n<p>Hor\u00e1rio do parque:<br \/>\n- S\u00e1bado a quarta-feira: das 11h30 \u00e0s 20h30 (os hor\u00e1rios podem variar consoante a \u00e9poca)<br \/>\n- Quintas e sextas-feiras: das 11h30 \u00e0s 21h30 (os hor\u00e1rios podem variar consoante a \u00e9poca)<\/p>\n<p><strong>O que inclui a tarifa:<\/strong><br \/>\nA sua entrada no(s) parque(s) e o acesso aos jogos e atrac\u00e7\u00f5es em conformidade com as regras do parque (altura, peso, etc.)<br \/>\n<strong>Localiza\u00e7\u00e3o:<\/strong> Jebel Ali<\/p>","protected":false},"excerpt":{"rendered":"<p>O parque Legoland est\u00e1 situado em Jebel Ali, perto de dois outros parques tem\u00e1ticos: o parque aqu\u00e1tico Legoland e o Motion Gate. Este parque de divers\u00f5es, dedicado principalmente a crian\u00e7as at\u00e9 aos 12 anos de idade, foi totalmente inspirado no mundo dos legos. Dentro do parque encontrar\u00e1 uma variedade de...<\/p>","protected":false},"featured_media":2047213,"template":"","meta":[],"product_brand":[],"product_cat":[138,552],"product_tag":[],"class_list":{"0":"post-20055","1":"product","2":"type-product","3":"status-publish","4":"has-post-thumbnail","6":"product_cat-activites-en-ville-parcs-dattractions","7":"product_cat-activite-enfant","9":"first","10":"instock","11":"shipping-taxable","12":"purchasable","13":"product-type-simple"},"_links":{"self":[{"href":"https:\/\/soldodubai.com\/pt\/wp-json\/wp\/v2\/product\/20055","targetHints":{"allow":["GET"]}}],"collection":[{"href":"https:\/\/soldodubai.com\/pt\/wp-json\/wp\/v2\/product"}],"about":[{"href":"https:\/\/soldodubai.com\/pt\/wp-json\/wp\/v2\/types\/product"}],"version-history":[{"count":0,"href":"https:\/\/soldodubai.com\/pt\/wp-json\/wp\/v2\/product\/20055\/revisions"}],"wp:featuredmedia":[{"embeddable":true,"href":"https:\/\/soldodubai.com\/pt\/wp-json\/wp\/v2\/media\/2047213"}],"wp:attachment":[{"href":"https:\/\/soldodubai.com\/pt\/wp-json\/wp\/v2\/media?parent=20055"}],"wp:term":[{"taxonomy":"product_brand","embeddable":true,"href":"https:\/\/soldodubai.com\/pt\/wp-json\/wp\/v2\/product_brand?post=20055"},{"taxonomy":"product_cat","embeddable":true,"href":"https:\/\/soldodubai.com\/pt\/wp-json\/wp\/v2\/product_cat?post=20055"},{"taxonomy":"product_tag","embeddable":true,"href":"https:\/\/soldodubai.com\/pt\/wp-json\/wp\/v2\/product_tag?post=20055"}],"curies":[{"name":"wp","href":"https:\/\/api.w.org\/{rel}","templated":true}]}}