{"id":20056,"date":"2020-12-16T12:21:00","date_gmt":"2020-12-16T11:21:00","guid":{"rendered":"http:\/\/13.36.35.205\/produit\/import-placeholder-for-2016870\/"},"modified":"2025-01-23T11:35:51","modified_gmt":"2025-01-23T10:35:51","slug":"legolandparqueaquatico","status":"publish","type":"product","link":"https:\/\/soldodubai.com\/pt\/p\/legolandparqueaquatico\/","title":{"rendered":"PARQUE AQU\u00c1TICO LEGOLAND, DUBAI"},"content":{"rendered":"<p>Mais de 20 escorregas aqu\u00e1ticos e atrac\u00e7\u00f5es para toda a fam\u00edlia.<br \/>\nO Legoland Water Park \u00e9 o \u00fanico parque aqu\u00e1tico nos Emirados \u00c1rabes Unidos concebido especificamente para crian\u00e7as dos 2 aos 12 anos e suas fam\u00edlias. Neste parque aqu\u00e1tico \u00fanico, apanhe o Joker Soaker, construa a sua pr\u00f3pria jangada LEGO, fa\u00e7a um safari ou deslize numa das muitas atrac\u00e7\u00f5es!<\/p>\n<p>- Gratuito para crian\u00e7as com menos de 3 anos.<\/p>\n<p>Hor\u00e1rio do parque:<br \/>\nAberto todos os dias, exceto \u00e0s quartas-feiras, das 10h00 \u00e0s 17h00 (esta informa\u00e7\u00e3o pode variar consoante a \u00e9poca)<\/p>\n<p><strong>O que o pre\u00e7o inclui:<\/strong><br \/>\nA sua entrada no(s) parque(s) e o acesso aos jogos e atrac\u00e7\u00f5es em conformidade com as regras do parque (peso, altura, etc.).<\/p>\n<p><strong>Localiza\u00e7\u00e3o:<\/strong> Jebel Ali<\/p>","protected":false},"excerpt":{"rendered":"<p>Mais de 20 escorregas aqu\u00e1ticos e atrac\u00e7\u00f5es para toda a fam\u00edlia desfrutar. O Legoland Water Park \u00e9 o \u00fanico parque aqu\u00e1tico nos Emirados \u00c1rabes Unidos concebido especificamente para crian\u00e7as dos 2 aos 12 anos e suas fam\u00edlias. Neste parque aqu\u00e1tico \u00fanico, o Joker...<\/p>","protected":false},"featured_media":19679,"template":"","meta":[],"product_brand":[],"product_cat":[140,150,552],"product_tag":[],"class_list":{"0":"post-20056","1":"product","2":"type-product","3":"status-publish","4":"has-post-thumbnail","6":"product_cat-activites","7":"product_cat-parc-dattractions-aquatiques","8":"product_cat-activite-enfant","10":"first","11":"instock","12":"virtual","13":"purchasable","14":"product-type-simple"},"_links":{"self":[{"href":"https:\/\/soldodubai.com\/pt\/wp-json\/wp\/v2\/product\/20056","targetHints":{"allow":["GET"]}}],"collection":[{"href":"https:\/\/soldodubai.com\/pt\/wp-json\/wp\/v2\/product"}],"about":[{"href":"https:\/\/soldodubai.com\/pt\/wp-json\/wp\/v2\/types\/product"}],"version-history":[{"count":0,"href":"https:\/\/soldodubai.com\/pt\/wp-json\/wp\/v2\/product\/20056\/revisions"}],"wp:featuredmedia":[{"embeddable":true,"href":"https:\/\/soldodubai.com\/pt\/wp-json\/wp\/v2\/media\/19679"}],"wp:attachment":[{"href":"https:\/\/soldodubai.com\/pt\/wp-json\/wp\/v2\/media?parent=20056"}],"wp:term":[{"taxonomy":"product_brand","embeddable":true,"href":"https:\/\/soldodubai.com\/pt\/wp-json\/wp\/v2\/product_brand?post=20056"},{"taxonomy":"product_cat","embeddable":true,"href":"https:\/\/soldodubai.com\/pt\/wp-json\/wp\/v2\/product_cat?post=20056"},{"taxonomy":"product_tag","embeddable":true,"href":"https:\/\/soldodubai.com\/pt\/wp-json\/wp\/v2\/product_tag?post=20056"}],"curies":[{"name":"wp","href":"https:\/\/api.w.org\/{rel}","templated":true}]}}