{"id":20057,"date":"2019-12-30T12:21:00","date_gmt":"2019-12-30T11:21:00","guid":{"rendered":"http:\/\/13.36.35.205\/produit\/import-placeholder-for-2016871\/"},"modified":"2024-08-02T16:40:41","modified_gmt":"2024-08-02T15:40:41","slug":"tirolesanamarina","status":"publish","type":"product","link":"https:\/\/soldodubai.com\/pt\/p\/tirolesanamarina\/","title":{"rendered":"TIROLESA NA MARINA DO DUBAI"},"content":{"rendered":"<p>Teria coragem suficiente para se lan\u00e7ar do topo de uma torre e atravessar a Marina do Dubai a 80 km\/h suspenso por um cabo na posi\u00e7\u00e3o do Super-Homem? Sobrevoe a Marina e deslize sobre os arranha-c\u00e9us a toda a velocidade! Uma emo\u00e7\u00e3o garantida. A travessia pode ser feita individualmente ou com o seu melhor companheiro de aventura num cabo paralelo. A tirolesa come\u00e7a no telhado de um dos edif\u00edcios Jumeirah Beach Residence, no 44\u00ba andar. Daqui, pode admirar a beleza do bairro da Marina do Dubai durante alguns minutos, bem como um pequeno vislumbre do seu ponto de chegada ao longe.<\/p>\n<p>- Aberto todos os dias das 9h00 \u00e0s 17h00 (os hor\u00e1rios e os dias de abertura podem variar consoante a \u00e9poca; esta informa\u00e7\u00e3o \u00e9 actualizada no formul\u00e1rio de reserva).<br \/>\n- N\u00e3o \u00e9 indicado para mulheres gr\u00e1vidas<br \/>\n- Dos 12 aos 65 anos (\u00e9 necess\u00e1ria autoriza\u00e7\u00e3o dos pais para os menores de 18 anos)<br \/>\n- Medida superior a 130cms<br \/>\n- Peso entre 50 kg e 100 kg<br \/>\n- Estar em boas condi\u00e7\u00f5es f\u00edsicas<\/p>\n<p><strong>O que inclui a tarifa:<\/strong><br \/>\nA descida da tirolesa<br \/>\nO seu v\u00eddeo de recorda\u00e7\u00e3o entregue por correio eletr\u00f3nico no prazo de 3 dias<\/p>\n<p>\u00c9 poss\u00edvel ter acompanhantes \u00e0 sua espera no final.<br \/>\nNo dia da atividade, pergunte pela sua localiza\u00e7\u00e3o. A rece\u00e7\u00e3o para esta atividade \u00e9 tamb\u00e9m o local de chegada.<\/p>\n<p><strong>Localiza\u00e7\u00e3o:<\/strong> Marina do Dubai<\/p>","protected":false},"excerpt":{"rendered":"<p>Teria coragem suficiente para se lan\u00e7ar do topo de uma torre e atravessar a Marina do Dubai a 80 km\/h suspenso por um cabo na posi\u00e7\u00e3o do Super-Homem? Sobrevoe a Marina e deslize sobre os arranha-c\u00e9us a toda a velocidade! Uma emo\u00e7\u00e3o garantida. A travessia pode ser...<\/p>","protected":false},"featured_media":19680,"template":"","meta":[],"product_brand":[],"product_cat":[138],"product_tag":[],"class_list":{"0":"post-20057","1":"product","2":"type-product","3":"status-publish","4":"has-post-thumbnail","6":"product_cat-activites-en-ville-parcs-dattractions","8":"first","9":"instock","10":"virtual","11":"purchasable","12":"product-type-simple"},"_links":{"self":[{"href":"https:\/\/soldodubai.com\/pt\/wp-json\/wp\/v2\/product\/20057","targetHints":{"allow":["GET"]}}],"collection":[{"href":"https:\/\/soldodubai.com\/pt\/wp-json\/wp\/v2\/product"}],"about":[{"href":"https:\/\/soldodubai.com\/pt\/wp-json\/wp\/v2\/types\/product"}],"version-history":[{"count":0,"href":"https:\/\/soldodubai.com\/pt\/wp-json\/wp\/v2\/product\/20057\/revisions"}],"wp:featuredmedia":[{"embeddable":true,"href":"https:\/\/soldodubai.com\/pt\/wp-json\/wp\/v2\/media\/19680"}],"wp:attachment":[{"href":"https:\/\/soldodubai.com\/pt\/wp-json\/wp\/v2\/media?parent=20057"}],"wp:term":[{"taxonomy":"product_brand","embeddable":true,"href":"https:\/\/soldodubai.com\/pt\/wp-json\/wp\/v2\/product_brand?post=20057"},{"taxonomy":"product_cat","embeddable":true,"href":"https:\/\/soldodubai.com\/pt\/wp-json\/wp\/v2\/product_cat?post=20057"},{"taxonomy":"product_tag","embeddable":true,"href":"https:\/\/soldodubai.com\/pt\/wp-json\/wp\/v2\/product_tag?post=20057"}],"curies":[{"name":"wp","href":"https:\/\/api.w.org\/{rel}","templated":true}]}}