{"id":20058,"date":"2020-12-16T12:21:00","date_gmt":"2020-12-16T11:21:00","guid":{"rendered":"http:\/\/13.36.35.205\/produit\/import-placeholder-for-2016872\/"},"modified":"2025-01-23T11:22:08","modified_gmt":"2025-01-23T10:22:08","slug":"planeta-verde","status":"publish","type":"product","link":"https:\/\/soldodubai.com\/pt\/p\/planeta-verde\/","title":{"rendered":"O GREEN PLANET - JARDIN TROPICAL"},"content":{"rendered":"<p>O que acha de mergulhar na atmosfera tropical da floresta Green Planet? Esta c\u00fapula \u00e9 uma reprodu\u00e7\u00e3o de um ecossistema, reunindo todos os elementos da flora e da fauna numa atmosfera tropical.<br \/>\nDescubra, aproxime-se e toque em r\u00e9pteis, insectos e v\u00e1rios tipos de aves, bem como numa pregui\u00e7a que passeia pelos ramos da floresta. A grande cascata que desce at\u00e9 ao aqu\u00e1rio mergulh\u00e1-lo-\u00e1 na natureza tropical.<\/p>\n<p>Durante esta viagem at\u00e9 ao topo, ir\u00e1 encontrar mais de 3.000 plantas e animais, bem como a maior \u00e1rvore interior do mundo feita pelo homem, que sustenta a vida. A sua visita ser\u00e1 guiada pelo pessoal da Green Planet.<br \/>\nSituado em City Walk, este estabelecimento educativo e recreativo \u00e9 ideal para toda a fam\u00edlia. A sua excurs\u00e3o \u00e9 ilimitada no tempo.<\/p>\n<p>- Aberto todos os dias das 10.00 \u00e0s 19.00 horas<br \/>\n- Gratuito para crian\u00e7as com menos de 3 anos<\/p>\n<p><strong>O que inclui a tarifa:<\/strong><br \/>\nGreen planet<br \/>\nTempo ilimitado durante o dia da sua visita<\/p>\n<p><strong>Localiza\u00e7\u00e3o:<\/strong> Passeio pela cidade<\/p>","protected":false},"excerpt":{"rendered":"<p>O que acha de mergulhar na atmosfera tropical da floresta Green Planet? Esta c\u00fapula \u00e9 uma reprodu\u00e7\u00e3o de um ecossistema que cont\u00e9m todos os elementos da flora e da fauna numa atmosfera tropical. Descubra, aproxime-se e toque em r\u00e9pteis, insectos, v\u00e1rios tipos de...<\/p>","protected":false},"featured_media":19681,"template":"","meta":[],"product_brand":[],"product_cat":[138,552],"product_tag":[],"class_list":{"0":"post-20058","1":"product","2":"type-product","3":"status-publish","4":"has-post-thumbnail","6":"product_cat-activites-en-ville-parcs-dattractions","7":"product_cat-activite-enfant","9":"first","10":"instock","11":"shipping-taxable","12":"purchasable","13":"product-type-simple"},"_links":{"self":[{"href":"https:\/\/soldodubai.com\/pt\/wp-json\/wp\/v2\/product\/20058","targetHints":{"allow":["GET"]}}],"collection":[{"href":"https:\/\/soldodubai.com\/pt\/wp-json\/wp\/v2\/product"}],"about":[{"href":"https:\/\/soldodubai.com\/pt\/wp-json\/wp\/v2\/types\/product"}],"version-history":[{"count":0,"href":"https:\/\/soldodubai.com\/pt\/wp-json\/wp\/v2\/product\/20058\/revisions"}],"wp:featuredmedia":[{"embeddable":true,"href":"https:\/\/soldodubai.com\/pt\/wp-json\/wp\/v2\/media\/19681"}],"wp:attachment":[{"href":"https:\/\/soldodubai.com\/pt\/wp-json\/wp\/v2\/media?parent=20058"}],"wp:term":[{"taxonomy":"product_brand","embeddable":true,"href":"https:\/\/soldodubai.com\/pt\/wp-json\/wp\/v2\/product_brand?post=20058"},{"taxonomy":"product_cat","embeddable":true,"href":"https:\/\/soldodubai.com\/pt\/wp-json\/wp\/v2\/product_cat?post=20058"},{"taxonomy":"product_tag","embeddable":true,"href":"https:\/\/soldodubai.com\/pt\/wp-json\/wp\/v2\/product_tag?post=20058"}],"curies":[{"name":"wp","href":"https:\/\/api.w.org\/{rel}","templated":true}]}}